{"id":3236,"date":"2023-08-21T18:16:39","date_gmt":"2023-08-21T18:16:39","guid":{"rendered":"https:\/\/soty.ee\/?post_type=product&#038;p=3236"},"modified":"2025-06-09T16:12:37","modified_gmt":"2025-06-09T16:12:37","slug":"sothys-velvet-kreem","status":"publish","type":"product","link":"https:\/\/soty.ee\/ru\/toode\/sothys-velvet-kreem\/","title":{"rendered":"Sothys Velvet kreem"},"content":{"rendered":"<p>Kanna hommikul ja\/v\u00f5i \u00f5htul \u00fcle kogu n\u00e4o ja kaela p\u00e4rast seerumi kasutamist. Arendatud toimima nagu anti-deh\u00fcdratsiooni kaitsev kilp, aitab see kreem nahka koheselt t\u00e4ita ning taasaktiveerida selle niiskuse m\u00e4lu. P\u00e4evast p\u00e4eva taastub naha optimaalne niisutustase, nahk on pehme, siledam, n\u00e4htavalt t\u00e4idlasem ja p\u00fcsivalt kaitstud.<\/p>\n","protected":false},"excerpt":{"rendered":"<p>1055 KUKESEENE EKSTRAKT Eksklusiivne, Sothysi T\u00e4iustatud Uurimisest p\u00e4rinev patenteeritud toimeaine. H\u00fcaluroonhappe tugevdaja. Toime barj\u00e4\u00e4rifunktsioonile. Toime niiskuse liikumisele. Noorust edendav toime.<\/p>\n<p>\u00d6KOLOOGILINE PIHLAKA MARJAPROTEIIN Eksklusiivne, Sothysi T\u00e4iustatud Uurimisest p\u00e4rinev patenteeritud toimeaine. H\u00fcaluroonhappe tugevdaja. Toime barj\u00e4\u00e4rifunktsioonile. Rakkudevaheline toime niiskuse m\u00e4lule.<\/p>\n<p>\u00d6KOLOOGILINE HARILIK RANAKR\u00d5PS Niiskuse m\u00e4lu taasaktiveerimiseks.<\/p>\n","protected":false},"featured_media":3547,"comment_status":"open","ping_status":"closed","template":"","meta":{"_et_pb_use_builder":"","_et_pb_old_content":"","_et_gb_content_width":""},"product_cat":[52],"product_tag":[],"yoast_head":"<!-- This site is optimized with the Yoast SEO plugin v21.8 - https:\/\/yoast.com\/wordpress\/plugins\/seo\/ -->\n<title>Sothys Velvet kreem | SOTHYS Ilusalong<\/title>\n<meta name=\"robots\" content=\"index, follow, max-snippet:-1, max-image-preview:large, max-video-preview:-1\" \/>\n<link rel=\"canonical\" href=\"https:\/\/soty.ee\/toode\/sothys-velvet-kreem\/\" \/>\n<meta property=\"og:locale\" content=\"ru_RU\" \/>\n<meta property=\"og:type\" content=\"article\" \/>\n<meta property=\"og:title\" content=\"Sothys Velvet kreem | SOTHYS Ilusalong\" \/>\n<meta property=\"og:description\" content=\"1055 KUKESEENE EKSTRAKT Eksklusiivne, Sothysi T\u00e4iustatud Uurimisest p\u00e4rinev patenteeritud toimeaine. H\u00fcaluroonhappe tugevdaja. Toime barj\u00e4\u00e4rifunktsioonile. Toime niiskuse liikumisele. Noorust edendav toime.  \u00d6KOLOOGILINE PIHLAKA MARJAPROTEIIN Eksklusiivne, Sothysi T\u00e4iustatud Uurimisest p\u00e4rinev patenteeritud toimeaine. H\u00fcaluroonhappe tugevdaja. Toime barj\u00e4\u00e4rifunktsioonile. Rakkudevaheline toime niiskuse m\u00e4lule.  \u00d6KOLOOGILINE HARILIK RANAKR\u00d5PS Niiskuse m\u00e4lu taasaktiveerimiseks.\" \/>\n<meta property=\"og:url\" content=\"https:\/\/soty.ee\/toode\/sothys-velvet-kreem\/\" \/>\n<meta property=\"og:site_name\" content=\"SOTHYS Ilusalong\" \/>\n<meta property=\"article:publisher\" content=\"https:\/\/www.facebook.com\/SothysIlusalong\/\" \/>\n<meta property=\"article:modified_time\" content=\"2025-06-09T16:12:37+00:00\" \/>\n<meta property=\"og:image\" content=\"https:\/\/soty.ee\/wp-content\/uploads\/2023\/08\/Sothys-product-page-1.webp\" \/>\n\t<meta property=\"og:image:width\" content=\"1200\" \/>\n\t<meta property=\"og:image:height\" content=\"1200\" \/>\n\t<meta property=\"og:image:type\" content=\"image\/webp\" \/>\n<meta name=\"twitter:card\" content=\"summary_large_image\" \/>\n<meta name=\"twitter:label1\" content=\"\u041f\u0440\u0438\u043c\u0435\u0440\u043d\u043e\u0435 \u0432\u0440\u0435\u043c\u044f \u0434\u043b\u044f \u0447\u0442\u0435\u043d\u0438\u044f\" \/>\n\t<meta name=\"twitter:data1\" content=\"1 \u043c\u0438\u043d\u0443\u0442\u0430\" \/>\n<script type=\"application\/ld+json\" class=\"yoast-schema-graph\">{\"@context\":\"https:\/\/schema.org\",\"@graph\":[{\"@type\":\"WebPage\",\"@id\":\"https:\/\/soty.ee\/toode\/sothys-velvet-kreem\/\",\"url\":\"https:\/\/soty.ee\/toode\/sothys-velvet-kreem\/\",\"name\":\"Sothys Velvet kreem | SOTHYS Ilusalong\",\"isPartOf\":{\"@id\":\"https:\/\/soty.ee\/#website\"},\"datePublished\":\"2023-08-21T18:16:39+00:00\",\"dateModified\":\"2025-06-09T16:12:37+00:00\",\"breadcrumb\":{\"@id\":\"https:\/\/soty.ee\/toode\/sothys-velvet-kreem\/#breadcrumb\"},\"inLanguage\":\"ru-RU\",\"potentialAction\":[{\"@type\":\"ReadAction\",\"target\":[\"https:\/\/soty.ee\/toode\/sothys-velvet-kreem\/\"]}]},{\"@type\":\"BreadcrumbList\",\"@id\":\"https:\/\/soty.ee\/toode\/sothys-velvet-kreem\/#breadcrumb\",\"itemListElement\":[{\"@type\":\"ListItem\",\"position\":1,\"name\":\"\u0413\u043b\u0430\u0432\u043d\u0430\u044f \u0441\u0442\u0440\u0430\u043d\u0438\u0446\u0430\",\"item\":\"https:\/\/soty.ee\/ru\/\"},{\"@type\":\"ListItem\",\"position\":2,\"name\":\"Pood\",\"item\":\"https:\/\/soty.ee\/pood\/\"},{\"@type\":\"ListItem\",\"position\":3,\"name\":\"Sothys Velvet kreem\"}]},{\"@type\":\"WebSite\",\"@id\":\"https:\/\/soty.ee\/#website\",\"url\":\"https:\/\/soty.ee\/\",\"name\":\"SOTHYS Ilusalong Sothys Ilusalong | Privaatne, rahulik ilusalong Tallinnas, Maakri 36\",\"description\":\"SOTHYS Ilusalong\",\"publisher\":{\"@id\":\"https:\/\/soty.ee\/#organization\"},\"potentialAction\":[{\"@type\":\"SearchAction\",\"target\":{\"@type\":\"EntryPoint\",\"urlTemplate\":\"https:\/\/soty.ee\/?s={search_term_string}\"},\"query-input\":\"required name=search_term_string\"}],\"inLanguage\":\"ru-RU\"},{\"@type\":\"Organization\",\"@id\":\"https:\/\/soty.ee\/#organization\",\"name\":\"Sothys Ilusalong\",\"url\":\"https:\/\/soty.ee\/\",\"logo\":{\"@type\":\"ImageObject\",\"inLanguage\":\"ru-RU\",\"@id\":\"https:\/\/soty.ee\/#\/schema\/logo\/image\/\",\"url\":\"https:\/\/soty.ee\/wp-content\/uploads\/2019\/01\/sothys_logo_deesse.png\",\"contentUrl\":\"https:\/\/soty.ee\/wp-content\/uploads\/2019\/01\/sothys_logo_deesse.png\",\"width\":2178,\"height\":567,\"caption\":\"Sothys Ilusalong\"},\"image\":{\"@id\":\"https:\/\/soty.ee\/#\/schema\/logo\/image\/\"},\"sameAs\":[\"https:\/\/www.facebook.com\/SothysIlusalong\/\",\"https:\/\/www.instagram.com\/explore\/locations\/411123213\/sothys-ilusalong\/\"]}]}<\/script>\n<!-- \/ Yoast SEO plugin. -->","yoast_head_json":{"title":"Sothys Velvet kreem | SOTHYS Ilusalong","robots":{"index":"index","follow":"follow","max-snippet":"max-snippet:-1","max-image-preview":"max-image-preview:large","max-video-preview":"max-video-preview:-1"},"canonical":"https:\/\/soty.ee\/toode\/sothys-velvet-kreem\/","og_locale":"ru_RU","og_type":"article","og_title":"Sothys Velvet kreem | SOTHYS Ilusalong","og_description":"1055 KUKESEENE EKSTRAKT Eksklusiivne, Sothysi T\u00e4iustatud Uurimisest p\u00e4rinev patenteeritud toimeaine. H\u00fcaluroonhappe tugevdaja. Toime barj\u00e4\u00e4rifunktsioonile. Toime niiskuse liikumisele. Noorust edendav toime.  \u00d6KOLOOGILINE PIHLAKA MARJAPROTEIIN Eksklusiivne, Sothysi T\u00e4iustatud Uurimisest p\u00e4rinev patenteeritud toimeaine. H\u00fcaluroonhappe tugevdaja. Toime barj\u00e4\u00e4rifunktsioonile. Rakkudevaheline toime niiskuse m\u00e4lule.  \u00d6KOLOOGILINE HARILIK RANAKR\u00d5PS Niiskuse m\u00e4lu taasaktiveerimiseks.","og_url":"https:\/\/soty.ee\/toode\/sothys-velvet-kreem\/","og_site_name":"SOTHYS Ilusalong","article_publisher":"https:\/\/www.facebook.com\/SothysIlusalong\/","article_modified_time":"2025-06-09T16:12:37+00:00","og_image":[{"width":1200,"height":1200,"url":"https:\/\/soty.ee\/wp-content\/uploads\/2023\/08\/Sothys-product-page-1.webp","type":"image\/webp"}],"twitter_card":"summary_large_image","twitter_misc":{"\u041f\u0440\u0438\u043c\u0435\u0440\u043d\u043e\u0435 \u0432\u0440\u0435\u043c\u044f \u0434\u043b\u044f \u0447\u0442\u0435\u043d\u0438\u044f":"1 \u043c\u0438\u043d\u0443\u0442\u0430"},"schema":{"@context":"https:\/\/schema.org","@graph":[{"@type":"WebPage","@id":"https:\/\/soty.ee\/toode\/sothys-velvet-kreem\/","url":"https:\/\/soty.ee\/toode\/sothys-velvet-kreem\/","name":"Sothys Velvet kreem | SOTHYS Ilusalong","isPartOf":{"@id":"https:\/\/soty.ee\/#website"},"datePublished":"2023-08-21T18:16:39+00:00","dateModified":"2025-06-09T16:12:37+00:00","breadcrumb":{"@id":"https:\/\/soty.ee\/toode\/sothys-velvet-kreem\/#breadcrumb"},"inLanguage":"ru-RU","potentialAction":[{"@type":"ReadAction","target":["https:\/\/soty.ee\/toode\/sothys-velvet-kreem\/"]}]},{"@type":"BreadcrumbList","@id":"https:\/\/soty.ee\/toode\/sothys-velvet-kreem\/#breadcrumb","itemListElement":[{"@type":"ListItem","position":1,"name":"\u0413\u043b\u0430\u0432\u043d\u0430\u044f \u0441\u0442\u0440\u0430\u043d\u0438\u0446\u0430","item":"https:\/\/soty.ee\/ru\/"},{"@type":"ListItem","position":2,"name":"Pood","item":"https:\/\/soty.ee\/pood\/"},{"@type":"ListItem","position":3,"name":"Sothys Velvet kreem"}]},{"@type":"WebSite","@id":"https:\/\/soty.ee\/#website","url":"https:\/\/soty.ee\/","name":"SOTHYS Ilusalong Sothys Ilusalong | Privaatne, rahulik ilusalong Tallinnas, Maakri 36","description":"SOTHYS Ilusalong","publisher":{"@id":"https:\/\/soty.ee\/#organization"},"potentialAction":[{"@type":"SearchAction","target":{"@type":"EntryPoint","urlTemplate":"https:\/\/soty.ee\/?s={search_term_string}"},"query-input":"required name=search_term_string"}],"inLanguage":"ru-RU"},{"@type":"Organization","@id":"https:\/\/soty.ee\/#organization","name":"Sothys Ilusalong","url":"https:\/\/soty.ee\/","logo":{"@type":"ImageObject","inLanguage":"ru-RU","@id":"https:\/\/soty.ee\/#\/schema\/logo\/image\/","url":"https:\/\/soty.ee\/wp-content\/uploads\/2019\/01\/sothys_logo_deesse.png","contentUrl":"https:\/\/soty.ee\/wp-content\/uploads\/2019\/01\/sothys_logo_deesse.png","width":2178,"height":567,"caption":"Sothys Ilusalong"},"image":{"@id":"https:\/\/soty.ee\/#\/schema\/logo\/image\/"},"sameAs":["https:\/\/www.facebook.com\/SothysIlusalong\/","https:\/\/www.instagram.com\/explore\/locations\/411123213\/sothys-ilusalong\/"]}]}},"_links":{"self":[{"href":"https:\/\/soty.ee\/ru\/wp-json\/wp\/v2\/product\/3236"}],"collection":[{"href":"https:\/\/soty.ee\/ru\/wp-json\/wp\/v2\/product"}],"about":[{"href":"https:\/\/soty.ee\/ru\/wp-json\/wp\/v2\/types\/product"}],"replies":[{"embeddable":true,"href":"https:\/\/soty.ee\/ru\/wp-json\/wp\/v2\/comments?post=3236"}],"wp:featuredmedia":[{"embeddable":true,"href":"https:\/\/soty.ee\/ru\/wp-json\/wp\/v2\/media\/3547"}],"wp:attachment":[{"href":"https:\/\/soty.ee\/ru\/wp-json\/wp\/v2\/media?parent=3236"}],"wp:term":[{"taxonomy":"product_cat","embeddable":true,"href":"https:\/\/soty.ee\/ru\/wp-json\/wp\/v2\/product_cat?post=3236"},{"taxonomy":"product_tag","embeddable":true,"href":"https:\/\/soty.ee\/ru\/wp-json\/wp\/v2\/product_tag?post=3236"}],"curies":[{"name":"wp","href":"https:\/\/api.w.org\/{rel}","templated":true}]}}