{"id":2947,"date":"2023-06-27T08:18:43","date_gmt":"2023-06-27T08:18:43","guid":{"rendered":"https:\/\/soty.ee\/?post_type=product&#038;p=2947"},"modified":"2025-10-27T11:34:43","modified_gmt":"2025-10-27T11:34:43","slug":"sothys-secrets-de-sothys-eye-lip-kreem","status":"publish","type":"product","link":"https:\/\/soty.ee\/ru\/toode\/sothys-secrets-de-sothys-eye-lip-kreem\/","title":{"rendered":"Sothys Secrets de Sothys eye lip kreem"},"content":{"rendered":"<p>2-\u00fches valem keskendub nende kahe n\u00e4oosa konkreetsetele vananemisprobleemidele, mis on \u00e4\u00e4rmiselt tundlikud. 80% kasutajatest m\u00e4rkas selle unikaalse tekstuuriga kohe siluvat efekti.<\/p>\n<p>VIRSIKULEHE GL\u00dcKAANID T\u00f5eline rakuline treener naha loomulike kaitsemehhanismide tugevdamiseks.<\/p>\n<p>PEPTIIDID M3.0 Kollageeni s\u00fcnteesi ergutamiseks, efektiivse ja pikaajalise dermaalse struktuuri tagamiseks ning n\u00e4o pingutamiseks tekstuuri ja tooni taastamiseks.<\/p>\n<p>See sulava tekstuuriga palsam loob naha pinnale silendava kihi, saavutades kohe silma- ja huulekontuuri \u00fcmber &#8216;pinguldava ja t\u00e4iteefekti&#8217;. P\u00e4evast p\u00e4eva suunab see 2-\u00fches valem nende kahe n\u00e4oosa konkreetsetele vananemisprobleemidele, mis on \u00e4\u00e4rmiselt tundlikud.<\/p>\n","protected":false},"excerpt":{"rendered":"<p>See sulav tekstuuriga palsam katab nahapinnale siluvat kihti, luues mugavustunde ja kohest pinguldavat efekti silma- ja huulepiirkonnas. P\u00e4evast p\u00e4eva suunab see 2-\u00fches valem t\u00e4pselt nende kahe n\u00e4o piirkonna konkreetsetele probleemidele, mis on eriti tundlikud vananemise suhtes.<\/p>\n<p>Kanna hommikul ja \u00f5htul silma\u00fcmbrusele, siludes sisemisest silmanurgast v\u00e4ljapoole ning huultele ja nende \u00fcmbrusele, j\u00e4rgides spetsiifilist Sothysi \u017eesti, et saavutada erakordne sensoorne kogemus.<\/p>\n<p>Eksklusiivne Sothysi pealekandmise \u017eest on inspireeritud professionaalsete iluteenindajate tehnikatest ning on spetsiaalselt v\u00e4lja t\u00f6\u00f6tatud, et saaksite seda igap\u00e4evast \u017eesti nautida ning sellest maksimaalset kasu saada.<\/p>\n","protected":false},"featured_media":3109,"comment_status":"open","ping_status":"closed","template":"","meta":{"_et_pb_use_builder":"","_et_pb_old_content":"","_et_gb_content_width":""},"product_cat":[52],"product_tag":[],"yoast_head":"<!-- This site is optimized with the Yoast SEO plugin v21.8 - https:\/\/yoast.com\/wordpress\/plugins\/seo\/ -->\n<title>Sothys Secrets de Sothys eye lip kreem | SOTHYS Ilusalong<\/title>\n<meta name=\"robots\" content=\"index, follow, max-snippet:-1, max-image-preview:large, max-video-preview:-1\" \/>\n<link rel=\"canonical\" href=\"https:\/\/soty.ee\/toode\/sothys-secrets-de-sothys-eye-lip-kreem\/\" \/>\n<meta property=\"og:locale\" content=\"ru_RU\" \/>\n<meta property=\"og:type\" content=\"article\" \/>\n<meta property=\"og:title\" content=\"Sothys Secrets de Sothys eye lip kreem | SOTHYS Ilusalong\" \/>\n<meta property=\"og:description\" content=\"See sulav tekstuuriga palsam katab nahapinnale siluvat kihti, luues mugavustunde ja kohest pinguldavat efekti silma- ja huulepiirkonnas. P\u00e4evast p\u00e4eva suunab see 2-\u00fches valem t\u00e4pselt nende kahe n\u00e4o piirkonna konkreetsetele probleemidele, mis on eriti tundlikud vananemise suhtes.  Kanna hommikul ja \u00f5htul silma\u00fcmbrusele, siludes sisemisest silmanurgast v\u00e4ljapoole ning huultele ja nende \u00fcmbrusele, j\u00e4rgides spetsiifilist Sothysi \u017eesti, et saavutada erakordne sensoorne kogemus.  Eksklusiivne Sothysi pealekandmise \u017eest on inspireeritud professionaalsete iluteenindajate tehnikatest ning on spetsiaalselt v\u00e4lja t\u00f6\u00f6tatud, et saaksite seda igap\u00e4evast \u017eesti nautida ning sellest maksimaalset kasu saada.\" \/>\n<meta property=\"og:url\" content=\"https:\/\/soty.ee\/toode\/sothys-secrets-de-sothys-eye-lip-kreem\/\" \/>\n<meta property=\"og:site_name\" content=\"SOTHYS Ilusalong\" \/>\n<meta property=\"article:publisher\" content=\"https:\/\/www.facebook.com\/SothysIlusalong\/\" \/>\n<meta property=\"article:modified_time\" content=\"2025-10-27T11:34:43+00:00\" \/>\n<meta property=\"og:image\" content=\"https:\/\/soty.ee\/wp-content\/uploads\/2023\/06\/39.webp\" \/>\n\t<meta property=\"og:image:width\" content=\"1200\" \/>\n\t<meta property=\"og:image:height\" content=\"1200\" \/>\n\t<meta property=\"og:image:type\" content=\"image\/webp\" \/>\n<meta name=\"twitter:card\" content=\"summary_large_image\" \/>\n<meta name=\"twitter:label1\" content=\"\u041f\u0440\u0438\u043c\u0435\u0440\u043d\u043e\u0435 \u0432\u0440\u0435\u043c\u044f \u0434\u043b\u044f \u0447\u0442\u0435\u043d\u0438\u044f\" \/>\n\t<meta name=\"twitter:data1\" content=\"1 \u043c\u0438\u043d\u0443\u0442\u0430\" \/>\n<script type=\"application\/ld+json\" class=\"yoast-schema-graph\">{\"@context\":\"https:\/\/schema.org\",\"@graph\":[{\"@type\":\"WebPage\",\"@id\":\"https:\/\/soty.ee\/toode\/sothys-secrets-de-sothys-eye-lip-kreem\/\",\"url\":\"https:\/\/soty.ee\/toode\/sothys-secrets-de-sothys-eye-lip-kreem\/\",\"name\":\"Sothys Secrets de Sothys eye lip kreem | SOTHYS Ilusalong\",\"isPartOf\":{\"@id\":\"https:\/\/soty.ee\/#website\"},\"datePublished\":\"2023-06-27T08:18:43+00:00\",\"dateModified\":\"2025-10-27T11:34:43+00:00\",\"breadcrumb\":{\"@id\":\"https:\/\/soty.ee\/toode\/sothys-secrets-de-sothys-eye-lip-kreem\/#breadcrumb\"},\"inLanguage\":\"ru-RU\",\"potentialAction\":[{\"@type\":\"ReadAction\",\"target\":[\"https:\/\/soty.ee\/toode\/sothys-secrets-de-sothys-eye-lip-kreem\/\"]}]},{\"@type\":\"BreadcrumbList\",\"@id\":\"https:\/\/soty.ee\/toode\/sothys-secrets-de-sothys-eye-lip-kreem\/#breadcrumb\",\"itemListElement\":[{\"@type\":\"ListItem\",\"position\":1,\"name\":\"\u0413\u043b\u0430\u0432\u043d\u0430\u044f \u0441\u0442\u0440\u0430\u043d\u0438\u0446\u0430\",\"item\":\"https:\/\/soty.ee\/ru\/\"},{\"@type\":\"ListItem\",\"position\":2,\"name\":\"Pood\",\"item\":\"https:\/\/soty.ee\/pood\/\"},{\"@type\":\"ListItem\",\"position\":3,\"name\":\"Sothys Secrets de Sothys eye lip kreem\"}]},{\"@type\":\"WebSite\",\"@id\":\"https:\/\/soty.ee\/#website\",\"url\":\"https:\/\/soty.ee\/\",\"name\":\"SOTHYS Ilusalong Sothys Ilusalong | Privaatne, rahulik ilusalong Tallinnas, Maakri 36\",\"description\":\"SOTHYS Ilusalong\",\"publisher\":{\"@id\":\"https:\/\/soty.ee\/#organization\"},\"potentialAction\":[{\"@type\":\"SearchAction\",\"target\":{\"@type\":\"EntryPoint\",\"urlTemplate\":\"https:\/\/soty.ee\/?s={search_term_string}\"},\"query-input\":\"required name=search_term_string\"}],\"inLanguage\":\"ru-RU\"},{\"@type\":\"Organization\",\"@id\":\"https:\/\/soty.ee\/#organization\",\"name\":\"Sothys Ilusalong\",\"url\":\"https:\/\/soty.ee\/\",\"logo\":{\"@type\":\"ImageObject\",\"inLanguage\":\"ru-RU\",\"@id\":\"https:\/\/soty.ee\/#\/schema\/logo\/image\/\",\"url\":\"https:\/\/soty.ee\/wp-content\/uploads\/2019\/01\/sothys_logo_deesse.png\",\"contentUrl\":\"https:\/\/soty.ee\/wp-content\/uploads\/2019\/01\/sothys_logo_deesse.png\",\"width\":2178,\"height\":567,\"caption\":\"Sothys Ilusalong\"},\"image\":{\"@id\":\"https:\/\/soty.ee\/#\/schema\/logo\/image\/\"},\"sameAs\":[\"https:\/\/www.facebook.com\/SothysIlusalong\/\",\"https:\/\/www.instagram.com\/explore\/locations\/411123213\/sothys-ilusalong\/\"]}]}<\/script>\n<!-- \/ Yoast SEO plugin. -->","yoast_head_json":{"title":"Sothys Secrets de Sothys eye lip kreem | SOTHYS Ilusalong","robots":{"index":"index","follow":"follow","max-snippet":"max-snippet:-1","max-image-preview":"max-image-preview:large","max-video-preview":"max-video-preview:-1"},"canonical":"https:\/\/soty.ee\/toode\/sothys-secrets-de-sothys-eye-lip-kreem\/","og_locale":"ru_RU","og_type":"article","og_title":"Sothys Secrets de Sothys eye lip kreem | SOTHYS Ilusalong","og_description":"See sulav tekstuuriga palsam katab nahapinnale siluvat kihti, luues mugavustunde ja kohest pinguldavat efekti silma- ja huulepiirkonnas. P\u00e4evast p\u00e4eva suunab see 2-\u00fches valem t\u00e4pselt nende kahe n\u00e4o piirkonna konkreetsetele probleemidele, mis on eriti tundlikud vananemise suhtes.  Kanna hommikul ja \u00f5htul silma\u00fcmbrusele, siludes sisemisest silmanurgast v\u00e4ljapoole ning huultele ja nende \u00fcmbrusele, j\u00e4rgides spetsiifilist Sothysi \u017eesti, et saavutada erakordne sensoorne kogemus.  Eksklusiivne Sothysi pealekandmise \u017eest on inspireeritud professionaalsete iluteenindajate tehnikatest ning on spetsiaalselt v\u00e4lja t\u00f6\u00f6tatud, et saaksite seda igap\u00e4evast \u017eesti nautida ning sellest maksimaalset kasu saada.","og_url":"https:\/\/soty.ee\/toode\/sothys-secrets-de-sothys-eye-lip-kreem\/","og_site_name":"SOTHYS Ilusalong","article_publisher":"https:\/\/www.facebook.com\/SothysIlusalong\/","article_modified_time":"2025-10-27T11:34:43+00:00","og_image":[{"width":1200,"height":1200,"url":"https:\/\/soty.ee\/wp-content\/uploads\/2023\/06\/39.webp","type":"image\/webp"}],"twitter_card":"summary_large_image","twitter_misc":{"\u041f\u0440\u0438\u043c\u0435\u0440\u043d\u043e\u0435 \u0432\u0440\u0435\u043c\u044f \u0434\u043b\u044f \u0447\u0442\u0435\u043d\u0438\u044f":"1 \u043c\u0438\u043d\u0443\u0442\u0430"},"schema":{"@context":"https:\/\/schema.org","@graph":[{"@type":"WebPage","@id":"https:\/\/soty.ee\/toode\/sothys-secrets-de-sothys-eye-lip-kreem\/","url":"https:\/\/soty.ee\/toode\/sothys-secrets-de-sothys-eye-lip-kreem\/","name":"Sothys Secrets de Sothys eye lip kreem | SOTHYS Ilusalong","isPartOf":{"@id":"https:\/\/soty.ee\/#website"},"datePublished":"2023-06-27T08:18:43+00:00","dateModified":"2025-10-27T11:34:43+00:00","breadcrumb":{"@id":"https:\/\/soty.ee\/toode\/sothys-secrets-de-sothys-eye-lip-kreem\/#breadcrumb"},"inLanguage":"ru-RU","potentialAction":[{"@type":"ReadAction","target":["https:\/\/soty.ee\/toode\/sothys-secrets-de-sothys-eye-lip-kreem\/"]}]},{"@type":"BreadcrumbList","@id":"https:\/\/soty.ee\/toode\/sothys-secrets-de-sothys-eye-lip-kreem\/#breadcrumb","itemListElement":[{"@type":"ListItem","position":1,"name":"\u0413\u043b\u0430\u0432\u043d\u0430\u044f \u0441\u0442\u0440\u0430\u043d\u0438\u0446\u0430","item":"https:\/\/soty.ee\/ru\/"},{"@type":"ListItem","position":2,"name":"Pood","item":"https:\/\/soty.ee\/pood\/"},{"@type":"ListItem","position":3,"name":"Sothys Secrets de Sothys eye lip kreem"}]},{"@type":"WebSite","@id":"https:\/\/soty.ee\/#website","url":"https:\/\/soty.ee\/","name":"SOTHYS Ilusalong Sothys Ilusalong | Privaatne, rahulik ilusalong Tallinnas, Maakri 36","description":"SOTHYS Ilusalong","publisher":{"@id":"https:\/\/soty.ee\/#organization"},"potentialAction":[{"@type":"SearchAction","target":{"@type":"EntryPoint","urlTemplate":"https:\/\/soty.ee\/?s={search_term_string}"},"query-input":"required name=search_term_string"}],"inLanguage":"ru-RU"},{"@type":"Organization","@id":"https:\/\/soty.ee\/#organization","name":"Sothys Ilusalong","url":"https:\/\/soty.ee\/","logo":{"@type":"ImageObject","inLanguage":"ru-RU","@id":"https:\/\/soty.ee\/#\/schema\/logo\/image\/","url":"https:\/\/soty.ee\/wp-content\/uploads\/2019\/01\/sothys_logo_deesse.png","contentUrl":"https:\/\/soty.ee\/wp-content\/uploads\/2019\/01\/sothys_logo_deesse.png","width":2178,"height":567,"caption":"Sothys Ilusalong"},"image":{"@id":"https:\/\/soty.ee\/#\/schema\/logo\/image\/"},"sameAs":["https:\/\/www.facebook.com\/SothysIlusalong\/","https:\/\/www.instagram.com\/explore\/locations\/411123213\/sothys-ilusalong\/"]}]}},"_links":{"self":[{"href":"https:\/\/soty.ee\/ru\/wp-json\/wp\/v2\/product\/2947"}],"collection":[{"href":"https:\/\/soty.ee\/ru\/wp-json\/wp\/v2\/product"}],"about":[{"href":"https:\/\/soty.ee\/ru\/wp-json\/wp\/v2\/types\/product"}],"replies":[{"embeddable":true,"href":"https:\/\/soty.ee\/ru\/wp-json\/wp\/v2\/comments?post=2947"}],"wp:featuredmedia":[{"embeddable":true,"href":"https:\/\/soty.ee\/ru\/wp-json\/wp\/v2\/media\/3109"}],"wp:attachment":[{"href":"https:\/\/soty.ee\/ru\/wp-json\/wp\/v2\/media?parent=2947"}],"wp:term":[{"taxonomy":"product_cat","embeddable":true,"href":"https:\/\/soty.ee\/ru\/wp-json\/wp\/v2\/product_cat?post=2947"},{"taxonomy":"product_tag","embeddable":true,"href":"https:\/\/soty.ee\/ru\/wp-json\/wp\/v2\/product_tag?post=2947"}],"curies":[{"name":"wp","href":"https:\/\/api.w.org\/{rel}","templated":true}]}}