{"id":2906,"date":"2023-06-10T12:07:13","date_gmt":"2023-06-10T12:07:13","guid":{"rendered":"https:\/\/soty.ee\/?post_type=product&#038;p=2906"},"modified":"2024-08-13T14:54:31","modified_gmt":"2024-08-13T14:54:31","slug":"sothys-desquacrem","status":"publish","type":"product","link":"https:\/\/soty.ee\/ru\/toode\/sothys-desquacrem\/","title":{"rendered":"Sothys Desquacrem"},"content":{"rendered":"<p>See s\u00fcgavpuhastav toode aitab eemaldada kangekaelseid mustuseosakesi nahalt. See unikaalne Sothysi valem aitab nahal eemaldada loomulikult tekkinud mustuse: higi ja liigse rasu.<\/p>\n<p>See originaalne Sothysi toode ei anna mustustele mingit v\u00f5imalust!<\/p>\n<p>GIPSOFILA EKSTRAKT. \u00d5rn puhastusaine. LIPOAMINOHAPPED Puhastamiseks.<\/p>\n","protected":false},"excerpt":{"rendered":"<p>Kreemijas ens\u00fc\u00fcmkoorija.<\/p>\n<p>See s\u00fcgavpuhastav toode aitab eemaldada kangekaelseid ebapuhtusi nahalt. See unikaalne Sothysi valem aitab nahal eemaldada selle loomulikult toodetud ebapuhtusi: higi ja liigset rasu. See originaalne Sothysi toode ei anna ebapuhtustele mingit v\u00f5imalust!<\/p>\n<p>Gypsophila ekstrakt: \u00d5rn puhastusaine. Lipoaminohapped: Puhastamiseks.<\/p>\n<p>Kandke \u00f5huke kiht niiskele nahale, v\u00e4ltides silma\u00fcmbruse piirkonda. Laske tootel m\u00f5juda \u00fcks minut (v\u00e4lja arvatud tundliku naha puhul). Vahutage veega. Loputage. Korrake neid kahte sammu mitu korda, kuni toode on t\u00e4ielikult eemaldatud. T\u00e4iendage puhastamist nahat\u00fc\u00fcbile sobiva loputusega. Seej\u00e4rel kuivatage nahk \u00f5rnalt.<\/p>\n","protected":false},"featured_media":3060,"comment_status":"open","ping_status":"closed","template":"","meta":{"_et_pb_use_builder":"","_et_pb_old_content":"","_et_gb_content_width":""},"product_cat":[52],"product_tag":[],"yoast_head":"<!-- This site is optimized with the Yoast SEO plugin v21.8 - https:\/\/yoast.com\/wordpress\/plugins\/seo\/ -->\n<title>Sothys Desquacrem | SOTHYS Ilusalong<\/title>\n<meta name=\"robots\" content=\"index, follow, max-snippet:-1, max-image-preview:large, max-video-preview:-1\" \/>\n<link rel=\"canonical\" href=\"https:\/\/soty.ee\/toode\/sothys-desquacrem\/\" \/>\n<meta property=\"og:locale\" content=\"ru_RU\" \/>\n<meta property=\"og:type\" content=\"article\" \/>\n<meta property=\"og:title\" content=\"Sothys Desquacrem | SOTHYS Ilusalong\" \/>\n<meta property=\"og:description\" content=\"Kreemijas ens\u00fc\u00fcmkoorija.  See s\u00fcgavpuhastav toode aitab eemaldada kangekaelseid ebapuhtusi nahalt. See unikaalne Sothysi valem aitab nahal eemaldada selle loomulikult toodetud ebapuhtusi: higi ja liigset rasu. See originaalne Sothysi toode ei anna ebapuhtustele mingit v\u00f5imalust!  Gypsophila ekstrakt: \u00d5rn puhastusaine. Lipoaminohapped: Puhastamiseks.  Kandke \u00f5huke kiht niiskele nahale, v\u00e4ltides silma\u00fcmbruse piirkonda. Laske tootel m\u00f5juda \u00fcks minut (v\u00e4lja arvatud tundliku naha puhul). Vahutage veega. Loputage. Korrake neid kahte sammu mitu korda, kuni toode on t\u00e4ielikult eemaldatud. T\u00e4iendage puhastamist nahat\u00fc\u00fcbile sobiva loputusega. Seej\u00e4rel kuivatage nahk \u00f5rnalt.\" \/>\n<meta property=\"og:url\" content=\"https:\/\/soty.ee\/toode\/sothys-desquacrem\/\" \/>\n<meta property=\"og:site_name\" content=\"SOTHYS Ilusalong\" \/>\n<meta property=\"article:publisher\" content=\"https:\/\/www.facebook.com\/SothysIlusalong\/\" \/>\n<meta property=\"article:modified_time\" content=\"2024-08-13T14:54:31+00:00\" \/>\n<meta property=\"og:image\" content=\"https:\/\/soty.ee\/wp-content\/uploads\/2023\/06\/6.webp\" \/>\n\t<meta property=\"og:image:width\" content=\"1200\" \/>\n\t<meta property=\"og:image:height\" content=\"1200\" \/>\n\t<meta property=\"og:image:type\" content=\"image\/webp\" \/>\n<meta name=\"twitter:card\" content=\"summary_large_image\" \/>\n<meta name=\"twitter:label1\" content=\"\u041f\u0440\u0438\u043c\u0435\u0440\u043d\u043e\u0435 \u0432\u0440\u0435\u043c\u044f \u0434\u043b\u044f \u0447\u0442\u0435\u043d\u0438\u044f\" \/>\n\t<meta name=\"twitter:data1\" content=\"1 \u043c\u0438\u043d\u0443\u0442\u0430\" \/>\n<script type=\"application\/ld+json\" class=\"yoast-schema-graph\">{\"@context\":\"https:\/\/schema.org\",\"@graph\":[{\"@type\":\"WebPage\",\"@id\":\"https:\/\/soty.ee\/toode\/sothys-desquacrem\/\",\"url\":\"https:\/\/soty.ee\/toode\/sothys-desquacrem\/\",\"name\":\"Sothys Desquacrem | SOTHYS Ilusalong\",\"isPartOf\":{\"@id\":\"https:\/\/soty.ee\/#website\"},\"datePublished\":\"2023-06-10T12:07:13+00:00\",\"dateModified\":\"2024-08-13T14:54:31+00:00\",\"breadcrumb\":{\"@id\":\"https:\/\/soty.ee\/toode\/sothys-desquacrem\/#breadcrumb\"},\"inLanguage\":\"ru-RU\",\"potentialAction\":[{\"@type\":\"ReadAction\",\"target\":[\"https:\/\/soty.ee\/toode\/sothys-desquacrem\/\"]}]},{\"@type\":\"BreadcrumbList\",\"@id\":\"https:\/\/soty.ee\/toode\/sothys-desquacrem\/#breadcrumb\",\"itemListElement\":[{\"@type\":\"ListItem\",\"position\":1,\"name\":\"\u0413\u043b\u0430\u0432\u043d\u0430\u044f \u0441\u0442\u0440\u0430\u043d\u0438\u0446\u0430\",\"item\":\"https:\/\/soty.ee\/ru\/\"},{\"@type\":\"ListItem\",\"position\":2,\"name\":\"Pood\",\"item\":\"https:\/\/soty.ee\/pood\/\"},{\"@type\":\"ListItem\",\"position\":3,\"name\":\"Sothys Desquacrem\"}]},{\"@type\":\"WebSite\",\"@id\":\"https:\/\/soty.ee\/#website\",\"url\":\"https:\/\/soty.ee\/\",\"name\":\"SOTHYS Ilusalong Sothys Ilusalong | Privaatne, rahulik ilusalong Tallinnas, Maakri 36\",\"description\":\"SOTHYS Ilusalong\",\"publisher\":{\"@id\":\"https:\/\/soty.ee\/#organization\"},\"potentialAction\":[{\"@type\":\"SearchAction\",\"target\":{\"@type\":\"EntryPoint\",\"urlTemplate\":\"https:\/\/soty.ee\/?s={search_term_string}\"},\"query-input\":\"required name=search_term_string\"}],\"inLanguage\":\"ru-RU\"},{\"@type\":\"Organization\",\"@id\":\"https:\/\/soty.ee\/#organization\",\"name\":\"Sothys Ilusalong\",\"url\":\"https:\/\/soty.ee\/\",\"logo\":{\"@type\":\"ImageObject\",\"inLanguage\":\"ru-RU\",\"@id\":\"https:\/\/soty.ee\/#\/schema\/logo\/image\/\",\"url\":\"https:\/\/soty.ee\/wp-content\/uploads\/2019\/01\/sothys_logo_deesse.png\",\"contentUrl\":\"https:\/\/soty.ee\/wp-content\/uploads\/2019\/01\/sothys_logo_deesse.png\",\"width\":2178,\"height\":567,\"caption\":\"Sothys Ilusalong\"},\"image\":{\"@id\":\"https:\/\/soty.ee\/#\/schema\/logo\/image\/\"},\"sameAs\":[\"https:\/\/www.facebook.com\/SothysIlusalong\/\",\"https:\/\/www.instagram.com\/explore\/locations\/411123213\/sothys-ilusalong\/\"]}]}<\/script>\n<!-- \/ Yoast SEO plugin. -->","yoast_head_json":{"title":"Sothys Desquacrem | SOTHYS Ilusalong","robots":{"index":"index","follow":"follow","max-snippet":"max-snippet:-1","max-image-preview":"max-image-preview:large","max-video-preview":"max-video-preview:-1"},"canonical":"https:\/\/soty.ee\/toode\/sothys-desquacrem\/","og_locale":"ru_RU","og_type":"article","og_title":"Sothys Desquacrem | SOTHYS Ilusalong","og_description":"Kreemijas ens\u00fc\u00fcmkoorija.  See s\u00fcgavpuhastav toode aitab eemaldada kangekaelseid ebapuhtusi nahalt. See unikaalne Sothysi valem aitab nahal eemaldada selle loomulikult toodetud ebapuhtusi: higi ja liigset rasu. See originaalne Sothysi toode ei anna ebapuhtustele mingit v\u00f5imalust!  Gypsophila ekstrakt: \u00d5rn puhastusaine. Lipoaminohapped: Puhastamiseks.  Kandke \u00f5huke kiht niiskele nahale, v\u00e4ltides silma\u00fcmbruse piirkonda. Laske tootel m\u00f5juda \u00fcks minut (v\u00e4lja arvatud tundliku naha puhul). Vahutage veega. Loputage. Korrake neid kahte sammu mitu korda, kuni toode on t\u00e4ielikult eemaldatud. T\u00e4iendage puhastamist nahat\u00fc\u00fcbile sobiva loputusega. Seej\u00e4rel kuivatage nahk \u00f5rnalt.","og_url":"https:\/\/soty.ee\/toode\/sothys-desquacrem\/","og_site_name":"SOTHYS Ilusalong","article_publisher":"https:\/\/www.facebook.com\/SothysIlusalong\/","article_modified_time":"2024-08-13T14:54:31+00:00","og_image":[{"width":1200,"height":1200,"url":"https:\/\/soty.ee\/wp-content\/uploads\/2023\/06\/6.webp","type":"image\/webp"}],"twitter_card":"summary_large_image","twitter_misc":{"\u041f\u0440\u0438\u043c\u0435\u0440\u043d\u043e\u0435 \u0432\u0440\u0435\u043c\u044f \u0434\u043b\u044f \u0447\u0442\u0435\u043d\u0438\u044f":"1 \u043c\u0438\u043d\u0443\u0442\u0430"},"schema":{"@context":"https:\/\/schema.org","@graph":[{"@type":"WebPage","@id":"https:\/\/soty.ee\/toode\/sothys-desquacrem\/","url":"https:\/\/soty.ee\/toode\/sothys-desquacrem\/","name":"Sothys Desquacrem | SOTHYS Ilusalong","isPartOf":{"@id":"https:\/\/soty.ee\/#website"},"datePublished":"2023-06-10T12:07:13+00:00","dateModified":"2024-08-13T14:54:31+00:00","breadcrumb":{"@id":"https:\/\/soty.ee\/toode\/sothys-desquacrem\/#breadcrumb"},"inLanguage":"ru-RU","potentialAction":[{"@type":"ReadAction","target":["https:\/\/soty.ee\/toode\/sothys-desquacrem\/"]}]},{"@type":"BreadcrumbList","@id":"https:\/\/soty.ee\/toode\/sothys-desquacrem\/#breadcrumb","itemListElement":[{"@type":"ListItem","position":1,"name":"\u0413\u043b\u0430\u0432\u043d\u0430\u044f \u0441\u0442\u0440\u0430\u043d\u0438\u0446\u0430","item":"https:\/\/soty.ee\/ru\/"},{"@type":"ListItem","position":2,"name":"Pood","item":"https:\/\/soty.ee\/pood\/"},{"@type":"ListItem","position":3,"name":"Sothys Desquacrem"}]},{"@type":"WebSite","@id":"https:\/\/soty.ee\/#website","url":"https:\/\/soty.ee\/","name":"SOTHYS Ilusalong Sothys Ilusalong | Privaatne, rahulik ilusalong Tallinnas, Maakri 36","description":"SOTHYS Ilusalong","publisher":{"@id":"https:\/\/soty.ee\/#organization"},"potentialAction":[{"@type":"SearchAction","target":{"@type":"EntryPoint","urlTemplate":"https:\/\/soty.ee\/?s={search_term_string}"},"query-input":"required name=search_term_string"}],"inLanguage":"ru-RU"},{"@type":"Organization","@id":"https:\/\/soty.ee\/#organization","name":"Sothys Ilusalong","url":"https:\/\/soty.ee\/","logo":{"@type":"ImageObject","inLanguage":"ru-RU","@id":"https:\/\/soty.ee\/#\/schema\/logo\/image\/","url":"https:\/\/soty.ee\/wp-content\/uploads\/2019\/01\/sothys_logo_deesse.png","contentUrl":"https:\/\/soty.ee\/wp-content\/uploads\/2019\/01\/sothys_logo_deesse.png","width":2178,"height":567,"caption":"Sothys Ilusalong"},"image":{"@id":"https:\/\/soty.ee\/#\/schema\/logo\/image\/"},"sameAs":["https:\/\/www.facebook.com\/SothysIlusalong\/","https:\/\/www.instagram.com\/explore\/locations\/411123213\/sothys-ilusalong\/"]}]}},"_links":{"self":[{"href":"https:\/\/soty.ee\/ru\/wp-json\/wp\/v2\/product\/2906"}],"collection":[{"href":"https:\/\/soty.ee\/ru\/wp-json\/wp\/v2\/product"}],"about":[{"href":"https:\/\/soty.ee\/ru\/wp-json\/wp\/v2\/types\/product"}],"replies":[{"embeddable":true,"href":"https:\/\/soty.ee\/ru\/wp-json\/wp\/v2\/comments?post=2906"}],"wp:featuredmedia":[{"embeddable":true,"href":"https:\/\/soty.ee\/ru\/wp-json\/wp\/v2\/media\/3060"}],"wp:attachment":[{"href":"https:\/\/soty.ee\/ru\/wp-json\/wp\/v2\/media?parent=2906"}],"wp:term":[{"taxonomy":"product_cat","embeddable":true,"href":"https:\/\/soty.ee\/ru\/wp-json\/wp\/v2\/product_cat?post=2906"},{"taxonomy":"product_tag","embeddable":true,"href":"https:\/\/soty.ee\/ru\/wp-json\/wp\/v2\/product_tag?post=2906"}],"curies":[{"name":"wp","href":"https:\/\/api.w.org\/{rel}","templated":true}]}}