{"id":2892,"date":"2023-06-07T22:16:09","date_gmt":"2023-06-07T22:16:09","guid":{"rendered":"https:\/\/soty.ee\/?post_type=product&#038;p=2892"},"modified":"2024-08-13T14:53:49","modified_gmt":"2024-08-13T14:53:49","slug":"sothys-purifying-two-clay-mask","status":"publish","type":"product","link":"https:\/\/soty.ee\/ru\/toode\/sothys-purifying-two-clay-mask\/","title":{"rendered":"Sothys Purifying two-clay mask"},"content":{"rendered":"<p>Naha j\u00e4tmiseks puhtaks ja matiks ning ebapuhtuste v\u00e4limuse v\u00e4hendamiseks. T\u00d5HUSUS 100% rahulolu*: Nahk tundub normaalne, nagu oleks see tasakaalustatud.<\/p>\n<p>AKTIIVSED koostisosad: Roheline savi Salits\u00fc\u00fclhape Valge savi.<\/p>\n","protected":false},"excerpt":{"rendered":"<p>\u00d5rn kreemmask kahe t\u00fc\u00fcpi saviga, mis puhastab nahka ning j\u00e4tab selle matiks, samal ajal v\u00e4hendades iluvigade n\u00e4htavust.<\/p>\n<p>Sinu naha poorid on kitsamad ja nahk n\u00e4ib normaalsena, nagu oleks ta uuesti tasakaalustatud. Kanna \u00fcks v\u00f5i kaks korda n\u00e4dalas paks kiht kogu n\u00e4ole v\u00f5i ainult T-tsoonile. V\u00e4ldi silma\u00fcmbruse piirkonda. J\u00e4ta 15 minutiks m\u00f5juma, seej\u00e4rel loputa veega. Viimistle toonikuga. Samuti v\u00f5ib seda kasutada \u00f5htul v\u00e4ikeste piirkondlike iluvigade korral. J\u00e4ta \u00fcle\u00f6\u00f6 m\u00f5juma ja hommikul loputa maha.<\/p>\n","protected":false},"featured_media":3115,"comment_status":"open","ping_status":"closed","template":"","meta":{"_et_pb_use_builder":"","_et_pb_old_content":"","_et_gb_content_width":""},"product_cat":[52],"product_tag":[],"yoast_head":"<!-- This site is optimized with the Yoast SEO plugin v21.8 - https:\/\/yoast.com\/wordpress\/plugins\/seo\/ -->\n<title>Sothys Purifying two-clay mask | SOTHYS Ilusalong<\/title>\n<meta name=\"robots\" content=\"index, follow, max-snippet:-1, max-image-preview:large, max-video-preview:-1\" \/>\n<link rel=\"canonical\" href=\"https:\/\/soty.ee\/toode\/sothys-purifying-two-clay-mask\/\" \/>\n<meta property=\"og:locale\" content=\"ru_RU\" \/>\n<meta property=\"og:type\" content=\"article\" \/>\n<meta property=\"og:title\" content=\"Sothys Purifying two-clay mask | SOTHYS Ilusalong\" \/>\n<meta property=\"og:description\" content=\"\u00d5rn kreemmask kahe t\u00fc\u00fcpi saviga, mis puhastab nahka ning j\u00e4tab selle matiks, samal ajal v\u00e4hendades iluvigade n\u00e4htavust.  Sinu naha poorid on kitsamad ja nahk n\u00e4ib normaalsena, nagu oleks ta uuesti tasakaalustatud. Kanna \u00fcks v\u00f5i kaks korda n\u00e4dalas paks kiht kogu n\u00e4ole v\u00f5i ainult T-tsoonile. V\u00e4ldi silma\u00fcmbruse piirkonda. J\u00e4ta 15 minutiks m\u00f5juma, seej\u00e4rel loputa veega. Viimistle toonikuga. Samuti v\u00f5ib seda kasutada \u00f5htul v\u00e4ikeste piirkondlike iluvigade korral. J\u00e4ta \u00fcle\u00f6\u00f6 m\u00f5juma ja hommikul loputa maha.\" \/>\n<meta property=\"og:url\" content=\"https:\/\/soty.ee\/toode\/sothys-purifying-two-clay-mask\/\" \/>\n<meta property=\"og:site_name\" content=\"SOTHYS Ilusalong\" \/>\n<meta property=\"article:publisher\" content=\"https:\/\/www.facebook.com\/SothysIlusalong\/\" \/>\n<meta property=\"article:modified_time\" content=\"2024-08-13T14:53:49+00:00\" \/>\n<meta property=\"og:image\" content=\"https:\/\/soty.ee\/wp-content\/uploads\/2023\/06\/42.webp\" \/>\n\t<meta property=\"og:image:width\" content=\"1200\" \/>\n\t<meta property=\"og:image:height\" content=\"1200\" \/>\n\t<meta property=\"og:image:type\" content=\"image\/webp\" \/>\n<meta name=\"twitter:card\" content=\"summary_large_image\" \/>\n<meta name=\"twitter:label1\" content=\"\u041f\u0440\u0438\u043c\u0435\u0440\u043d\u043e\u0435 \u0432\u0440\u0435\u043c\u044f \u0434\u043b\u044f \u0447\u0442\u0435\u043d\u0438\u044f\" \/>\n\t<meta name=\"twitter:data1\" content=\"1 \u043c\u0438\u043d\u0443\u0442\u0430\" \/>\n<script type=\"application\/ld+json\" class=\"yoast-schema-graph\">{\"@context\":\"https:\/\/schema.org\",\"@graph\":[{\"@type\":\"WebPage\",\"@id\":\"https:\/\/soty.ee\/toode\/sothys-purifying-two-clay-mask\/\",\"url\":\"https:\/\/soty.ee\/toode\/sothys-purifying-two-clay-mask\/\",\"name\":\"Sothys Purifying two-clay mask | SOTHYS Ilusalong\",\"isPartOf\":{\"@id\":\"https:\/\/soty.ee\/#website\"},\"datePublished\":\"2023-06-07T22:16:09+00:00\",\"dateModified\":\"2024-08-13T14:53:49+00:00\",\"breadcrumb\":{\"@id\":\"https:\/\/soty.ee\/toode\/sothys-purifying-two-clay-mask\/#breadcrumb\"},\"inLanguage\":\"ru-RU\",\"potentialAction\":[{\"@type\":\"ReadAction\",\"target\":[\"https:\/\/soty.ee\/toode\/sothys-purifying-two-clay-mask\/\"]}]},{\"@type\":\"BreadcrumbList\",\"@id\":\"https:\/\/soty.ee\/toode\/sothys-purifying-two-clay-mask\/#breadcrumb\",\"itemListElement\":[{\"@type\":\"ListItem\",\"position\":1,\"name\":\"\u0413\u043b\u0430\u0432\u043d\u0430\u044f \u0441\u0442\u0440\u0430\u043d\u0438\u0446\u0430\",\"item\":\"https:\/\/soty.ee\/ru\/\"},{\"@type\":\"ListItem\",\"position\":2,\"name\":\"Pood\",\"item\":\"https:\/\/soty.ee\/pood\/\"},{\"@type\":\"ListItem\",\"position\":3,\"name\":\"Sothys Purifying two-clay mask\"}]},{\"@type\":\"WebSite\",\"@id\":\"https:\/\/soty.ee\/#website\",\"url\":\"https:\/\/soty.ee\/\",\"name\":\"SOTHYS Ilusalong Sothys Ilusalong | Privaatne, rahulik ilusalong Tallinnas, Maakri 36\",\"description\":\"SOTHYS Ilusalong\",\"publisher\":{\"@id\":\"https:\/\/soty.ee\/#organization\"},\"potentialAction\":[{\"@type\":\"SearchAction\",\"target\":{\"@type\":\"EntryPoint\",\"urlTemplate\":\"https:\/\/soty.ee\/?s={search_term_string}\"},\"query-input\":\"required name=search_term_string\"}],\"inLanguage\":\"ru-RU\"},{\"@type\":\"Organization\",\"@id\":\"https:\/\/soty.ee\/#organization\",\"name\":\"Sothys Ilusalong\",\"url\":\"https:\/\/soty.ee\/\",\"logo\":{\"@type\":\"ImageObject\",\"inLanguage\":\"ru-RU\",\"@id\":\"https:\/\/soty.ee\/#\/schema\/logo\/image\/\",\"url\":\"https:\/\/soty.ee\/wp-content\/uploads\/2019\/01\/sothys_logo_deesse.png\",\"contentUrl\":\"https:\/\/soty.ee\/wp-content\/uploads\/2019\/01\/sothys_logo_deesse.png\",\"width\":2178,\"height\":567,\"caption\":\"Sothys Ilusalong\"},\"image\":{\"@id\":\"https:\/\/soty.ee\/#\/schema\/logo\/image\/\"},\"sameAs\":[\"https:\/\/www.facebook.com\/SothysIlusalong\/\",\"https:\/\/www.instagram.com\/explore\/locations\/411123213\/sothys-ilusalong\/\"]}]}<\/script>\n<!-- \/ Yoast SEO plugin. -->","yoast_head_json":{"title":"Sothys Purifying two-clay mask | SOTHYS Ilusalong","robots":{"index":"index","follow":"follow","max-snippet":"max-snippet:-1","max-image-preview":"max-image-preview:large","max-video-preview":"max-video-preview:-1"},"canonical":"https:\/\/soty.ee\/toode\/sothys-purifying-two-clay-mask\/","og_locale":"ru_RU","og_type":"article","og_title":"Sothys Purifying two-clay mask | SOTHYS Ilusalong","og_description":"\u00d5rn kreemmask kahe t\u00fc\u00fcpi saviga, mis puhastab nahka ning j\u00e4tab selle matiks, samal ajal v\u00e4hendades iluvigade n\u00e4htavust.  Sinu naha poorid on kitsamad ja nahk n\u00e4ib normaalsena, nagu oleks ta uuesti tasakaalustatud. Kanna \u00fcks v\u00f5i kaks korda n\u00e4dalas paks kiht kogu n\u00e4ole v\u00f5i ainult T-tsoonile. V\u00e4ldi silma\u00fcmbruse piirkonda. J\u00e4ta 15 minutiks m\u00f5juma, seej\u00e4rel loputa veega. Viimistle toonikuga. Samuti v\u00f5ib seda kasutada \u00f5htul v\u00e4ikeste piirkondlike iluvigade korral. J\u00e4ta \u00fcle\u00f6\u00f6 m\u00f5juma ja hommikul loputa maha.","og_url":"https:\/\/soty.ee\/toode\/sothys-purifying-two-clay-mask\/","og_site_name":"SOTHYS Ilusalong","article_publisher":"https:\/\/www.facebook.com\/SothysIlusalong\/","article_modified_time":"2024-08-13T14:53:49+00:00","og_image":[{"width":1200,"height":1200,"url":"https:\/\/soty.ee\/wp-content\/uploads\/2023\/06\/42.webp","type":"image\/webp"}],"twitter_card":"summary_large_image","twitter_misc":{"\u041f\u0440\u0438\u043c\u0435\u0440\u043d\u043e\u0435 \u0432\u0440\u0435\u043c\u044f \u0434\u043b\u044f \u0447\u0442\u0435\u043d\u0438\u044f":"1 \u043c\u0438\u043d\u0443\u0442\u0430"},"schema":{"@context":"https:\/\/schema.org","@graph":[{"@type":"WebPage","@id":"https:\/\/soty.ee\/toode\/sothys-purifying-two-clay-mask\/","url":"https:\/\/soty.ee\/toode\/sothys-purifying-two-clay-mask\/","name":"Sothys Purifying two-clay mask | SOTHYS Ilusalong","isPartOf":{"@id":"https:\/\/soty.ee\/#website"},"datePublished":"2023-06-07T22:16:09+00:00","dateModified":"2024-08-13T14:53:49+00:00","breadcrumb":{"@id":"https:\/\/soty.ee\/toode\/sothys-purifying-two-clay-mask\/#breadcrumb"},"inLanguage":"ru-RU","potentialAction":[{"@type":"ReadAction","target":["https:\/\/soty.ee\/toode\/sothys-purifying-two-clay-mask\/"]}]},{"@type":"BreadcrumbList","@id":"https:\/\/soty.ee\/toode\/sothys-purifying-two-clay-mask\/#breadcrumb","itemListElement":[{"@type":"ListItem","position":1,"name":"\u0413\u043b\u0430\u0432\u043d\u0430\u044f \u0441\u0442\u0440\u0430\u043d\u0438\u0446\u0430","item":"https:\/\/soty.ee\/ru\/"},{"@type":"ListItem","position":2,"name":"Pood","item":"https:\/\/soty.ee\/pood\/"},{"@type":"ListItem","position":3,"name":"Sothys Purifying two-clay mask"}]},{"@type":"WebSite","@id":"https:\/\/soty.ee\/#website","url":"https:\/\/soty.ee\/","name":"SOTHYS Ilusalong Sothys Ilusalong | Privaatne, rahulik ilusalong Tallinnas, Maakri 36","description":"SOTHYS Ilusalong","publisher":{"@id":"https:\/\/soty.ee\/#organization"},"potentialAction":[{"@type":"SearchAction","target":{"@type":"EntryPoint","urlTemplate":"https:\/\/soty.ee\/?s={search_term_string}"},"query-input":"required name=search_term_string"}],"inLanguage":"ru-RU"},{"@type":"Organization","@id":"https:\/\/soty.ee\/#organization","name":"Sothys Ilusalong","url":"https:\/\/soty.ee\/","logo":{"@type":"ImageObject","inLanguage":"ru-RU","@id":"https:\/\/soty.ee\/#\/schema\/logo\/image\/","url":"https:\/\/soty.ee\/wp-content\/uploads\/2019\/01\/sothys_logo_deesse.png","contentUrl":"https:\/\/soty.ee\/wp-content\/uploads\/2019\/01\/sothys_logo_deesse.png","width":2178,"height":567,"caption":"Sothys Ilusalong"},"image":{"@id":"https:\/\/soty.ee\/#\/schema\/logo\/image\/"},"sameAs":["https:\/\/www.facebook.com\/SothysIlusalong\/","https:\/\/www.instagram.com\/explore\/locations\/411123213\/sothys-ilusalong\/"]}]}},"_links":{"self":[{"href":"https:\/\/soty.ee\/ru\/wp-json\/wp\/v2\/product\/2892"}],"collection":[{"href":"https:\/\/soty.ee\/ru\/wp-json\/wp\/v2\/product"}],"about":[{"href":"https:\/\/soty.ee\/ru\/wp-json\/wp\/v2\/types\/product"}],"replies":[{"embeddable":true,"href":"https:\/\/soty.ee\/ru\/wp-json\/wp\/v2\/comments?post=2892"}],"wp:featuredmedia":[{"embeddable":true,"href":"https:\/\/soty.ee\/ru\/wp-json\/wp\/v2\/media\/3115"}],"wp:attachment":[{"href":"https:\/\/soty.ee\/ru\/wp-json\/wp\/v2\/media?parent=2892"}],"wp:term":[{"taxonomy":"product_cat","embeddable":true,"href":"https:\/\/soty.ee\/ru\/wp-json\/wp\/v2\/product_cat?post=2892"},{"taxonomy":"product_tag","embeddable":true,"href":"https:\/\/soty.ee\/ru\/wp-json\/wp\/v2\/product_tag?post=2892"}],"curies":[{"name":"wp","href":"https:\/\/api.w.org\/{rel}","templated":true}]}}