{"id":2779,"date":"2023-06-05T13:13:51","date_gmt":"2023-06-05T13:13:51","guid":{"rendered":"https:\/\/soty.ee\/?post_type=product&#038;p=2779"},"modified":"2024-04-09T10:10:55","modified_gmt":"2024-04-09T10:10:55","slug":"ll-skin-via-seade-naha-pinguldamiseks-ja-noorendamiseks-3-in-1","status":"publish","type":"product","link":"https:\/\/soty.ee\/ru\/toode\/ll-skin-via-seade-naha-pinguldamiseks-ja-noorendamiseks-3-in-1\/","title":{"rendered":"L&#038;L Skin &#8212; VIA seade naha pinguldamiseks ja noorendamiseks 3-in-1"},"content":{"rendered":"<p>ULTRAHELI vibratsioon aitab puhastada nahka mustusest. Samuti puhastab ummistunud poorid\u00a0 ja v\u00e4hendab rasueritust.<\/p>\n<p>RAADIOSAGEDUSRE\u017dIIM\u00a0 j\u00f5uab naha s\u00fcgavamatesse kihtidesse, stimuleerib kollageeni ja elastiini tootmist, suurendab naha elastsust ja puhtust ning v\u00e4hendab kortsude teket. Suurendab kasutatud n\u00e4onahatoodete imendumist.<\/p>\n<p>EMS (ELEKTROONILINE LIHASESTIMULATSIOON) RE\u017dIIM Mikrovoolud stimuleerivad v\u00e4ikeseid (miimilised) lihaseid, kujundavad n\u00e4okontuure. T\u00f5stavad ja pinguldavad l\u00f5tvunud nahka, parandavad selle tekstuuri ja suurendavad elastsust.<\/p>\n","protected":false},"excerpt":{"rendered":"<p>L&amp;L VIA on m\u00f5eldud n\u00e4o ja kaela naha pinguldamiseks ning noorendamiseks.<\/p>\n<p>Teostage masseerivaid liigutusi niiske vatipadjaga, mida on niisutatud puhastusvahendiga (n\u00e4oveega v\u00f5i micropeel).<\/p>\n<p>RF-re\u017eiim parandab eriti kasutatud toodete tungimist naha s\u00fcgavamatesse kihtidesse ja aktiveerib neid, seet\u00f5ttu on v\u00e4ga oluline valida nahale sobivad kosmeetikatooteid, mis ei \u00e4rrita ega p\u00f5hjusta allergiat.<\/p>\n<p>V\u00e4ltige silma\u00fcmbruse piirkonda. Kasutage valitud n\u00e4opiirkonnal 5 korda 2 sekundi jooksul (korrake vajadusel). On vajalik kasutada veebaasil seerumit v\u00f5i maski. Kui kasutamise ajal tekib liiga tugevaid n\u00e4onaha lihaste kokkut\u00f5mbeid, kasutage v\u00e4hem kontaktainet.<\/p>\n","protected":false},"featured_media":3783,"comment_status":"open","ping_status":"closed","template":"","meta":{"_et_pb_use_builder":"","_et_pb_old_content":"","_et_gb_content_width":""},"product_cat":[49],"product_tag":[],"yoast_head":"<!-- This site is optimized with the Yoast SEO plugin v21.8 - https:\/\/yoast.com\/wordpress\/plugins\/seo\/ -->\n<title>L&amp;L Skin - VIA seade naha pinguldamiseks ja noorendamiseks 3-in-1 | SOTHYS Ilusalong<\/title>\n<meta name=\"robots\" content=\"index, follow, max-snippet:-1, max-image-preview:large, max-video-preview:-1\" \/>\n<link rel=\"canonical\" href=\"https:\/\/soty.ee\/toode\/ll-skin-via-seade-naha-pinguldamiseks-ja-noorendamiseks-3-in-1\/\" \/>\n<meta property=\"og:locale\" content=\"ru_RU\" \/>\n<meta property=\"og:type\" content=\"article\" \/>\n<meta property=\"og:title\" content=\"L&amp;L Skin - VIA seade naha pinguldamiseks ja noorendamiseks 3-in-1 | SOTHYS Ilusalong\" \/>\n<meta property=\"og:description\" content=\"L&amp;L VIA on m\u00f5eldud n\u00e4o ja kaela naha pinguldamiseks ning noorendamiseks.  Teostage masseerivaid liigutusi niiske vatipadjaga, mida on niisutatud puhastusvahendiga (n\u00e4oveega v\u00f5i micropeel).  RF-re\u017eiim parandab eriti kasutatud toodete tungimist naha s\u00fcgavamatesse kihtidesse ja aktiveerib neid, seet\u00f5ttu on v\u00e4ga oluline valida nahale sobivad kosmeetikatooteid, mis ei \u00e4rrita ega p\u00f5hjusta allergiat.  V\u00e4ltige silma\u00fcmbruse piirkonda. Kasutage valitud n\u00e4opiirkonnal 5 korda 2 sekundi jooksul (korrake vajadusel). On vajalik kasutada veebaasil seerumit v\u00f5i maski. Kui kasutamise ajal tekib liiga tugevaid n\u00e4onaha lihaste kokkut\u00f5mbeid, kasutage v\u00e4hem kontaktainet.\" \/>\n<meta property=\"og:url\" content=\"https:\/\/soty.ee\/toode\/ll-skin-via-seade-naha-pinguldamiseks-ja-noorendamiseks-3-in-1\/\" \/>\n<meta property=\"og:site_name\" content=\"SOTHYS Ilusalong\" \/>\n<meta property=\"article:publisher\" content=\"https:\/\/www.facebook.com\/SothysIlusalong\/\" \/>\n<meta property=\"article:modified_time\" content=\"2024-04-09T10:10:55+00:00\" \/>\n<meta property=\"og:image\" content=\"https:\/\/soty.ee\/wp-content\/uploads\/2023\/06\/81.webp\" \/>\n\t<meta property=\"og:image:width\" content=\"1200\" \/>\n\t<meta property=\"og:image:height\" content=\"1200\" \/>\n\t<meta property=\"og:image:type\" content=\"image\/webp\" \/>\n<meta name=\"twitter:card\" content=\"summary_large_image\" \/>\n<meta name=\"twitter:label1\" content=\"\u041f\u0440\u0438\u043c\u0435\u0440\u043d\u043e\u0435 \u0432\u0440\u0435\u043c\u044f \u0434\u043b\u044f \u0447\u0442\u0435\u043d\u0438\u044f\" \/>\n\t<meta name=\"twitter:data1\" content=\"1 \u043c\u0438\u043d\u0443\u0442\u0430\" \/>\n<script type=\"application\/ld+json\" class=\"yoast-schema-graph\">{\"@context\":\"https:\/\/schema.org\",\"@graph\":[{\"@type\":\"WebPage\",\"@id\":\"https:\/\/soty.ee\/toode\/ll-skin-via-seade-naha-pinguldamiseks-ja-noorendamiseks-3-in-1\/\",\"url\":\"https:\/\/soty.ee\/toode\/ll-skin-via-seade-naha-pinguldamiseks-ja-noorendamiseks-3-in-1\/\",\"name\":\"L&L Skin - VIA seade naha pinguldamiseks ja noorendamiseks 3-in-1 | SOTHYS Ilusalong\",\"isPartOf\":{\"@id\":\"https:\/\/soty.ee\/#website\"},\"datePublished\":\"2023-06-05T13:13:51+00:00\",\"dateModified\":\"2024-04-09T10:10:55+00:00\",\"breadcrumb\":{\"@id\":\"https:\/\/soty.ee\/toode\/ll-skin-via-seade-naha-pinguldamiseks-ja-noorendamiseks-3-in-1\/#breadcrumb\"},\"inLanguage\":\"ru-RU\",\"potentialAction\":[{\"@type\":\"ReadAction\",\"target\":[\"https:\/\/soty.ee\/toode\/ll-skin-via-seade-naha-pinguldamiseks-ja-noorendamiseks-3-in-1\/\"]}]},{\"@type\":\"BreadcrumbList\",\"@id\":\"https:\/\/soty.ee\/toode\/ll-skin-via-seade-naha-pinguldamiseks-ja-noorendamiseks-3-in-1\/#breadcrumb\",\"itemListElement\":[{\"@type\":\"ListItem\",\"position\":1,\"name\":\"\u0413\u043b\u0430\u0432\u043d\u0430\u044f \u0441\u0442\u0440\u0430\u043d\u0438\u0446\u0430\",\"item\":\"https:\/\/soty.ee\/ru\/\"},{\"@type\":\"ListItem\",\"position\":2,\"name\":\"Pood\",\"item\":\"https:\/\/soty.ee\/pood\/\"},{\"@type\":\"ListItem\",\"position\":3,\"name\":\"L&#038;L Skin &#8211; VIA seade naha pinguldamiseks ja noorendamiseks 3-in-1\"}]},{\"@type\":\"WebSite\",\"@id\":\"https:\/\/soty.ee\/#website\",\"url\":\"https:\/\/soty.ee\/\",\"name\":\"SOTHYS Ilusalong Sothys Ilusalong | Privaatne, rahulik ilusalong Tallinnas, Maakri 36\",\"description\":\"SOTHYS Ilusalong\",\"publisher\":{\"@id\":\"https:\/\/soty.ee\/#organization\"},\"potentialAction\":[{\"@type\":\"SearchAction\",\"target\":{\"@type\":\"EntryPoint\",\"urlTemplate\":\"https:\/\/soty.ee\/?s={search_term_string}\"},\"query-input\":\"required name=search_term_string\"}],\"inLanguage\":\"ru-RU\"},{\"@type\":\"Organization\",\"@id\":\"https:\/\/soty.ee\/#organization\",\"name\":\"Sothys Ilusalong\",\"url\":\"https:\/\/soty.ee\/\",\"logo\":{\"@type\":\"ImageObject\",\"inLanguage\":\"ru-RU\",\"@id\":\"https:\/\/soty.ee\/#\/schema\/logo\/image\/\",\"url\":\"https:\/\/soty.ee\/wp-content\/uploads\/2019\/01\/sothys_logo_deesse.png\",\"contentUrl\":\"https:\/\/soty.ee\/wp-content\/uploads\/2019\/01\/sothys_logo_deesse.png\",\"width\":2178,\"height\":567,\"caption\":\"Sothys Ilusalong\"},\"image\":{\"@id\":\"https:\/\/soty.ee\/#\/schema\/logo\/image\/\"},\"sameAs\":[\"https:\/\/www.facebook.com\/SothysIlusalong\/\",\"https:\/\/www.instagram.com\/explore\/locations\/411123213\/sothys-ilusalong\/\"]}]}<\/script>\n<!-- \/ Yoast SEO plugin. -->","yoast_head_json":{"title":"L&L Skin - VIA seade naha pinguldamiseks ja noorendamiseks 3-in-1 | SOTHYS Ilusalong","robots":{"index":"index","follow":"follow","max-snippet":"max-snippet:-1","max-image-preview":"max-image-preview:large","max-video-preview":"max-video-preview:-1"},"canonical":"https:\/\/soty.ee\/toode\/ll-skin-via-seade-naha-pinguldamiseks-ja-noorendamiseks-3-in-1\/","og_locale":"ru_RU","og_type":"article","og_title":"L&L Skin - VIA seade naha pinguldamiseks ja noorendamiseks 3-in-1 | SOTHYS Ilusalong","og_description":"L&amp;L VIA on m\u00f5eldud n\u00e4o ja kaela naha pinguldamiseks ning noorendamiseks.  Teostage masseerivaid liigutusi niiske vatipadjaga, mida on niisutatud puhastusvahendiga (n\u00e4oveega v\u00f5i micropeel).  RF-re\u017eiim parandab eriti kasutatud toodete tungimist naha s\u00fcgavamatesse kihtidesse ja aktiveerib neid, seet\u00f5ttu on v\u00e4ga oluline valida nahale sobivad kosmeetikatooteid, mis ei \u00e4rrita ega p\u00f5hjusta allergiat.  V\u00e4ltige silma\u00fcmbruse piirkonda. Kasutage valitud n\u00e4opiirkonnal 5 korda 2 sekundi jooksul (korrake vajadusel). On vajalik kasutada veebaasil seerumit v\u00f5i maski. Kui kasutamise ajal tekib liiga tugevaid n\u00e4onaha lihaste kokkut\u00f5mbeid, kasutage v\u00e4hem kontaktainet.","og_url":"https:\/\/soty.ee\/toode\/ll-skin-via-seade-naha-pinguldamiseks-ja-noorendamiseks-3-in-1\/","og_site_name":"SOTHYS Ilusalong","article_publisher":"https:\/\/www.facebook.com\/SothysIlusalong\/","article_modified_time":"2024-04-09T10:10:55+00:00","og_image":[{"width":1200,"height":1200,"url":"https:\/\/soty.ee\/wp-content\/uploads\/2023\/06\/81.webp","type":"image\/webp"}],"twitter_card":"summary_large_image","twitter_misc":{"\u041f\u0440\u0438\u043c\u0435\u0440\u043d\u043e\u0435 \u0432\u0440\u0435\u043c\u044f \u0434\u043b\u044f \u0447\u0442\u0435\u043d\u0438\u044f":"1 \u043c\u0438\u043d\u0443\u0442\u0430"},"schema":{"@context":"https:\/\/schema.org","@graph":[{"@type":"WebPage","@id":"https:\/\/soty.ee\/toode\/ll-skin-via-seade-naha-pinguldamiseks-ja-noorendamiseks-3-in-1\/","url":"https:\/\/soty.ee\/toode\/ll-skin-via-seade-naha-pinguldamiseks-ja-noorendamiseks-3-in-1\/","name":"L&L Skin - VIA seade naha pinguldamiseks ja noorendamiseks 3-in-1 | SOTHYS Ilusalong","isPartOf":{"@id":"https:\/\/soty.ee\/#website"},"datePublished":"2023-06-05T13:13:51+00:00","dateModified":"2024-04-09T10:10:55+00:00","breadcrumb":{"@id":"https:\/\/soty.ee\/toode\/ll-skin-via-seade-naha-pinguldamiseks-ja-noorendamiseks-3-in-1\/#breadcrumb"},"inLanguage":"ru-RU","potentialAction":[{"@type":"ReadAction","target":["https:\/\/soty.ee\/toode\/ll-skin-via-seade-naha-pinguldamiseks-ja-noorendamiseks-3-in-1\/"]}]},{"@type":"BreadcrumbList","@id":"https:\/\/soty.ee\/toode\/ll-skin-via-seade-naha-pinguldamiseks-ja-noorendamiseks-3-in-1\/#breadcrumb","itemListElement":[{"@type":"ListItem","position":1,"name":"\u0413\u043b\u0430\u0432\u043d\u0430\u044f \u0441\u0442\u0440\u0430\u043d\u0438\u0446\u0430","item":"https:\/\/soty.ee\/ru\/"},{"@type":"ListItem","position":2,"name":"Pood","item":"https:\/\/soty.ee\/pood\/"},{"@type":"ListItem","position":3,"name":"L&#038;L Skin &#8211; VIA seade naha pinguldamiseks ja noorendamiseks 3-in-1"}]},{"@type":"WebSite","@id":"https:\/\/soty.ee\/#website","url":"https:\/\/soty.ee\/","name":"SOTHYS Ilusalong Sothys Ilusalong | Privaatne, rahulik ilusalong Tallinnas, Maakri 36","description":"SOTHYS Ilusalong","publisher":{"@id":"https:\/\/soty.ee\/#organization"},"potentialAction":[{"@type":"SearchAction","target":{"@type":"EntryPoint","urlTemplate":"https:\/\/soty.ee\/?s={search_term_string}"},"query-input":"required name=search_term_string"}],"inLanguage":"ru-RU"},{"@type":"Organization","@id":"https:\/\/soty.ee\/#organization","name":"Sothys Ilusalong","url":"https:\/\/soty.ee\/","logo":{"@type":"ImageObject","inLanguage":"ru-RU","@id":"https:\/\/soty.ee\/#\/schema\/logo\/image\/","url":"https:\/\/soty.ee\/wp-content\/uploads\/2019\/01\/sothys_logo_deesse.png","contentUrl":"https:\/\/soty.ee\/wp-content\/uploads\/2019\/01\/sothys_logo_deesse.png","width":2178,"height":567,"caption":"Sothys Ilusalong"},"image":{"@id":"https:\/\/soty.ee\/#\/schema\/logo\/image\/"},"sameAs":["https:\/\/www.facebook.com\/SothysIlusalong\/","https:\/\/www.instagram.com\/explore\/locations\/411123213\/sothys-ilusalong\/"]}]}},"_links":{"self":[{"href":"https:\/\/soty.ee\/ru\/wp-json\/wp\/v2\/product\/2779"}],"collection":[{"href":"https:\/\/soty.ee\/ru\/wp-json\/wp\/v2\/product"}],"about":[{"href":"https:\/\/soty.ee\/ru\/wp-json\/wp\/v2\/types\/product"}],"replies":[{"embeddable":true,"href":"https:\/\/soty.ee\/ru\/wp-json\/wp\/v2\/comments?post=2779"}],"wp:featuredmedia":[{"embeddable":true,"href":"https:\/\/soty.ee\/ru\/wp-json\/wp\/v2\/media\/3783"}],"wp:attachment":[{"href":"https:\/\/soty.ee\/ru\/wp-json\/wp\/v2\/media?parent=2779"}],"wp:term":[{"taxonomy":"product_cat","embeddable":true,"href":"https:\/\/soty.ee\/ru\/wp-json\/wp\/v2\/product_cat?post=2779"},{"taxonomy":"product_tag","embeddable":true,"href":"https:\/\/soty.ee\/ru\/wp-json\/wp\/v2\/product_tag?post=2779"}],"curies":[{"name":"wp","href":"https:\/\/api.w.org\/{rel}","templated":true}]}}