{"id":2736,"date":"2023-06-05T10:32:06","date_gmt":"2023-06-05T10:32:06","guid":{"rendered":"https:\/\/soty.ee\/toode\/hoodie-with-logo\/"},"modified":"2025-12-06T15:33:39","modified_gmt":"2025-12-06T15:33:39","slug":"hoodie-with-logo","status":"publish","type":"product","link":"https:\/\/soty.ee\/ru\/toode\/hoodie-with-logo\/","title":{"rendered":"ELAX Soojendav\/jahutav silmamask-massaa\u017eiseade"},"content":{"rendered":"<p>Silmade tervis on \u00fclioluline ja seda ei saa j\u00e4tta juhuse hooleks. Soojad kompressid aitavad l\u00f5\u00f5gastuda ja prillide vibratsioon annab massaa\u017ei efekti. K\u00fclmkompressid v\u00e4hendavad t\u00f5husalt silmade paistetust ja turset. Prillid on pimendavad ja aitavad nautida t\u00e4iuslikku s\u00fcgavat und.<\/p>\n<p>Soojenduse ja vibratsiooni massaa\u017eire\u017eiim Hoidke toitenuppu pikalt all ja massaa\u017eiseade l\u00e4heb \u00fcle soojendus- ja vibratsioonire\u017eiimi. L\u00fchike vajutus toitenupule l\u00fclitab sisse ainult vibratsioonire\u017eiimi.<\/p>\n","protected":false},"excerpt":{"rendered":"<p>ELAX massaa\u017eiseade aitab teil leevendada pinget, v\u00e4hendada peavalu, migreeni ning aidata teil l\u00f5\u00f5gastuda.<\/p>\n","protected":false},"featured_media":3690,"comment_status":"open","ping_status":"closed","template":"","meta":{"_et_pb_use_builder":"","_et_pb_old_content":"","_et_gb_content_width":""},"product_cat":[49],"product_tag":[94,91,95],"yoast_head":"<!-- This site is optimized with the Yoast SEO plugin v21.8 - https:\/\/yoast.com\/wordpress\/plugins\/seo\/ -->\n<title>ELAX Soojendav\/jahutav silmamask-massaa\u017eiseade | SOTHYS Ilusalong<\/title>\n<meta name=\"robots\" content=\"index, follow, max-snippet:-1, max-image-preview:large, max-video-preview:-1\" \/>\n<link rel=\"canonical\" href=\"https:\/\/soty.ee\/toode\/hoodie-with-logo\/\" \/>\n<meta property=\"og:locale\" content=\"ru_RU\" \/>\n<meta property=\"og:type\" content=\"article\" \/>\n<meta property=\"og:title\" content=\"ELAX Soojendav\/jahutav silmamask-massaa\u017eiseade | SOTHYS Ilusalong\" \/>\n<meta property=\"og:description\" content=\"ELAX massaa\u017eiseade aitab teil leevendada pinget, v\u00e4hendada peavalu, migreeni ning aidata teil l\u00f5\u00f5gastuda.\" \/>\n<meta property=\"og:url\" content=\"https:\/\/soty.ee\/toode\/hoodie-with-logo\/\" \/>\n<meta property=\"og:site_name\" content=\"SOTHYS Ilusalong\" \/>\n<meta property=\"article:publisher\" content=\"https:\/\/www.facebook.com\/SothysIlusalong\/\" \/>\n<meta property=\"article:modified_time\" content=\"2025-12-06T15:33:39+00:00\" \/>\n<meta property=\"og:image\" content=\"https:\/\/soty.ee\/wp-content\/uploads\/2023\/06\/ELAX-Heating-Cooling-Eye-Mask-Massager-1.webp\" \/>\n\t<meta property=\"og:image:width\" content=\"800\" \/>\n\t<meta property=\"og:image:height\" content=\"800\" \/>\n\t<meta property=\"og:image:type\" content=\"image\/webp\" \/>\n<meta name=\"twitter:card\" content=\"summary_large_image\" \/>\n<meta name=\"twitter:label1\" content=\"\u041f\u0440\u0438\u043c\u0435\u0440\u043d\u043e\u0435 \u0432\u0440\u0435\u043c\u044f \u0434\u043b\u044f \u0447\u0442\u0435\u043d\u0438\u044f\" \/>\n\t<meta name=\"twitter:data1\" content=\"1 \u043c\u0438\u043d\u0443\u0442\u0430\" \/>\n<script type=\"application\/ld+json\" class=\"yoast-schema-graph\">{\"@context\":\"https:\/\/schema.org\",\"@graph\":[{\"@type\":\"WebPage\",\"@id\":\"https:\/\/soty.ee\/toode\/hoodie-with-logo\/\",\"url\":\"https:\/\/soty.ee\/toode\/hoodie-with-logo\/\",\"name\":\"ELAX Soojendav\/jahutav silmamask-massaa\u017eiseade | SOTHYS Ilusalong\",\"isPartOf\":{\"@id\":\"https:\/\/soty.ee\/#website\"},\"datePublished\":\"2023-06-05T10:32:06+00:00\",\"dateModified\":\"2025-12-06T15:33:39+00:00\",\"breadcrumb\":{\"@id\":\"https:\/\/soty.ee\/toode\/hoodie-with-logo\/#breadcrumb\"},\"inLanguage\":\"ru-RU\",\"potentialAction\":[{\"@type\":\"ReadAction\",\"target\":[\"https:\/\/soty.ee\/toode\/hoodie-with-logo\/\"]}]},{\"@type\":\"BreadcrumbList\",\"@id\":\"https:\/\/soty.ee\/toode\/hoodie-with-logo\/#breadcrumb\",\"itemListElement\":[{\"@type\":\"ListItem\",\"position\":1,\"name\":\"\u0413\u043b\u0430\u0432\u043d\u0430\u044f \u0441\u0442\u0440\u0430\u043d\u0438\u0446\u0430\",\"item\":\"https:\/\/soty.ee\/ru\/\"},{\"@type\":\"ListItem\",\"position\":2,\"name\":\"Pood\",\"item\":\"https:\/\/soty.ee\/pood\/\"},{\"@type\":\"ListItem\",\"position\":3,\"name\":\"ELAX Soojendav\/jahutav silmamask-massaa\u017eiseade\"}]},{\"@type\":\"WebSite\",\"@id\":\"https:\/\/soty.ee\/#website\",\"url\":\"https:\/\/soty.ee\/\",\"name\":\"SOTHYS Ilusalong Sothys Ilusalong | Privaatne, rahulik ilusalong Tallinnas, Maakri 36\",\"description\":\"SOTHYS Ilusalong\",\"publisher\":{\"@id\":\"https:\/\/soty.ee\/#organization\"},\"potentialAction\":[{\"@type\":\"SearchAction\",\"target\":{\"@type\":\"EntryPoint\",\"urlTemplate\":\"https:\/\/soty.ee\/?s={search_term_string}\"},\"query-input\":\"required name=search_term_string\"}],\"inLanguage\":\"ru-RU\"},{\"@type\":\"Organization\",\"@id\":\"https:\/\/soty.ee\/#organization\",\"name\":\"Sothys Ilusalong\",\"url\":\"https:\/\/soty.ee\/\",\"logo\":{\"@type\":\"ImageObject\",\"inLanguage\":\"ru-RU\",\"@id\":\"https:\/\/soty.ee\/#\/schema\/logo\/image\/\",\"url\":\"https:\/\/soty.ee\/wp-content\/uploads\/2019\/01\/sothys_logo_deesse.png\",\"contentUrl\":\"https:\/\/soty.ee\/wp-content\/uploads\/2019\/01\/sothys_logo_deesse.png\",\"width\":2178,\"height\":567,\"caption\":\"Sothys Ilusalong\"},\"image\":{\"@id\":\"https:\/\/soty.ee\/#\/schema\/logo\/image\/\"},\"sameAs\":[\"https:\/\/www.facebook.com\/SothysIlusalong\/\",\"https:\/\/www.instagram.com\/explore\/locations\/411123213\/sothys-ilusalong\/\"]}]}<\/script>\n<!-- \/ Yoast SEO plugin. -->","yoast_head_json":{"title":"ELAX Soojendav\/jahutav silmamask-massaa\u017eiseade | SOTHYS Ilusalong","robots":{"index":"index","follow":"follow","max-snippet":"max-snippet:-1","max-image-preview":"max-image-preview:large","max-video-preview":"max-video-preview:-1"},"canonical":"https:\/\/soty.ee\/toode\/hoodie-with-logo\/","og_locale":"ru_RU","og_type":"article","og_title":"ELAX Soojendav\/jahutav silmamask-massaa\u017eiseade | SOTHYS Ilusalong","og_description":"ELAX massaa\u017eiseade aitab teil leevendada pinget, v\u00e4hendada peavalu, migreeni ning aidata teil l\u00f5\u00f5gastuda.","og_url":"https:\/\/soty.ee\/toode\/hoodie-with-logo\/","og_site_name":"SOTHYS Ilusalong","article_publisher":"https:\/\/www.facebook.com\/SothysIlusalong\/","article_modified_time":"2025-12-06T15:33:39+00:00","og_image":[{"width":800,"height":800,"url":"https:\/\/soty.ee\/wp-content\/uploads\/2023\/06\/ELAX-Heating-Cooling-Eye-Mask-Massager-1.webp","type":"image\/webp"}],"twitter_card":"summary_large_image","twitter_misc":{"\u041f\u0440\u0438\u043c\u0435\u0440\u043d\u043e\u0435 \u0432\u0440\u0435\u043c\u044f \u0434\u043b\u044f \u0447\u0442\u0435\u043d\u0438\u044f":"1 \u043c\u0438\u043d\u0443\u0442\u0430"},"schema":{"@context":"https:\/\/schema.org","@graph":[{"@type":"WebPage","@id":"https:\/\/soty.ee\/toode\/hoodie-with-logo\/","url":"https:\/\/soty.ee\/toode\/hoodie-with-logo\/","name":"ELAX Soojendav\/jahutav silmamask-massaa\u017eiseade | SOTHYS Ilusalong","isPartOf":{"@id":"https:\/\/soty.ee\/#website"},"datePublished":"2023-06-05T10:32:06+00:00","dateModified":"2025-12-06T15:33:39+00:00","breadcrumb":{"@id":"https:\/\/soty.ee\/toode\/hoodie-with-logo\/#breadcrumb"},"inLanguage":"ru-RU","potentialAction":[{"@type":"ReadAction","target":["https:\/\/soty.ee\/toode\/hoodie-with-logo\/"]}]},{"@type":"BreadcrumbList","@id":"https:\/\/soty.ee\/toode\/hoodie-with-logo\/#breadcrumb","itemListElement":[{"@type":"ListItem","position":1,"name":"\u0413\u043b\u0430\u0432\u043d\u0430\u044f \u0441\u0442\u0440\u0430\u043d\u0438\u0446\u0430","item":"https:\/\/soty.ee\/ru\/"},{"@type":"ListItem","position":2,"name":"Pood","item":"https:\/\/soty.ee\/pood\/"},{"@type":"ListItem","position":3,"name":"ELAX Soojendav\/jahutav silmamask-massaa\u017eiseade"}]},{"@type":"WebSite","@id":"https:\/\/soty.ee\/#website","url":"https:\/\/soty.ee\/","name":"SOTHYS Ilusalong Sothys Ilusalong | Privaatne, rahulik ilusalong Tallinnas, Maakri 36","description":"SOTHYS Ilusalong","publisher":{"@id":"https:\/\/soty.ee\/#organization"},"potentialAction":[{"@type":"SearchAction","target":{"@type":"EntryPoint","urlTemplate":"https:\/\/soty.ee\/?s={search_term_string}"},"query-input":"required name=search_term_string"}],"inLanguage":"ru-RU"},{"@type":"Organization","@id":"https:\/\/soty.ee\/#organization","name":"Sothys Ilusalong","url":"https:\/\/soty.ee\/","logo":{"@type":"ImageObject","inLanguage":"ru-RU","@id":"https:\/\/soty.ee\/#\/schema\/logo\/image\/","url":"https:\/\/soty.ee\/wp-content\/uploads\/2019\/01\/sothys_logo_deesse.png","contentUrl":"https:\/\/soty.ee\/wp-content\/uploads\/2019\/01\/sothys_logo_deesse.png","width":2178,"height":567,"caption":"Sothys Ilusalong"},"image":{"@id":"https:\/\/soty.ee\/#\/schema\/logo\/image\/"},"sameAs":["https:\/\/www.facebook.com\/SothysIlusalong\/","https:\/\/www.instagram.com\/explore\/locations\/411123213\/sothys-ilusalong\/"]}]}},"_links":{"self":[{"href":"https:\/\/soty.ee\/ru\/wp-json\/wp\/v2\/product\/2736"}],"collection":[{"href":"https:\/\/soty.ee\/ru\/wp-json\/wp\/v2\/product"}],"about":[{"href":"https:\/\/soty.ee\/ru\/wp-json\/wp\/v2\/types\/product"}],"replies":[{"embeddable":true,"href":"https:\/\/soty.ee\/ru\/wp-json\/wp\/v2\/comments?post=2736"}],"wp:featuredmedia":[{"embeddable":true,"href":"https:\/\/soty.ee\/ru\/wp-json\/wp\/v2\/media\/3690"}],"wp:attachment":[{"href":"https:\/\/soty.ee\/ru\/wp-json\/wp\/v2\/media?parent=2736"}],"wp:term":[{"taxonomy":"product_cat","embeddable":true,"href":"https:\/\/soty.ee\/ru\/wp-json\/wp\/v2\/product_cat?post=2736"},{"taxonomy":"product_tag","embeddable":true,"href":"https:\/\/soty.ee\/ru\/wp-json\/wp\/v2\/product_tag?post=2736"}],"curies":[{"name":"wp","href":"https:\/\/api.w.org\/{rel}","templated":true}]}}