{"id":3637,"date":"2024-02-09T16:00:43","date_gmt":"2024-02-09T16:00:43","guid":{"rendered":"https:\/\/soty.ee\/?post_type=product&#038;p=3637"},"modified":"2026-01-14T12:00:20","modified_gmt":"2026-01-14T12:00:20","slug":"ll-skin-emi-facial-cleansing-brush","status":"publish","type":"product","link":"https:\/\/soty.ee\/en\/toode\/ll-skin-emi-facial-cleansing-brush\/","title":{"rendered":"L&#038;L skin EMI facial cleansing brush"},"content":{"rendered":"<div class=\"flex-1 overflow-hidden\">\n<div class=\"react-scroll-to-bottom--css-dqipu-79elbk h-full\">\n<div class=\"react-scroll-to-bottom--css-dqipu-1n7m0yu\">\n<div class=\"flex flex-col pb-9 text-sm\">\n<div class=\"w-full text-token-text-primary\" data-testid=\"conversation-turn-15\">\n<div class=\"px-4 py-2 justify-center text-base md:gap-6 m-auto\">\n<div class=\"flex flex-1 text-base mx-auto gap-3 md:px-5 lg:px-1 xl:px-5 md:max-w-3xl lg:max-w-[40rem] xl:max-w-[48rem] group final-completion\">\n<div class=\"relative flex w-full flex-col lg:w-[calc(100%-115px)] agent-turn\">\n<div class=\"flex-col gap-1 md:gap-3\">\n<div class=\"flex flex-grow flex-col max-w-full\">\n<div class=\"min-h-[20px] text-message flex flex-col items-start gap-3 whitespace-pre-wrap break-words [.text-message+&amp;]:mt-5 overflow-x-auto\" data-message-author-role=\"assistant\" data-message-id=\"1eafe215-fa90-49a5-ae04-e1cabfb77711\">\n<div class=\"markdown prose w-full break-words dark:prose-invert light\">\n<div>EMI on n\u00e4opuhastushari, millel on pehmed h\u00fcgieenilised silikoonharjased, mis aitavad eemaldada n\u00e4olt mustuse, ummistunud poorid \u201cmustpead\u201d ja naha kettenduse. V\u00e4heneb n\u00e4onaha s\u00fcgelus. Seadmel on mugav ergonoomiline disain, mis paindub 30-kraadise nurga all. See v\u00f5imaldab puhastada n\u00e4o k\u00f5iki nurki ja kontuure veelgi paremini.<\/div>\n<div dir=\"auto\"><\/div>\n<\/div>\n<\/div>\n<\/div>\n<div class=\"mt-1 flex justify-start gap-3 empty:hidden\">\n<div class=\"text-gray-400 flex self-end lg:self-center justify-center lg:justify-start mt-0 -ml-1 visible\">\n<p>&nbsp;<\/p>\n<div class=\"flex items-center gap-1.5 text-xs\"><\/div>\n<div class=\"flex\"><\/div>\n<\/div>\n<\/div>\n<\/div>\n<div class=\"absolute\">\n<div class=\"flex w-full gap-2 items-center justify-center\"><\/div>\n<\/div>\n<\/div>\n<\/div>\n<\/div>\n<\/div>\n<\/div>\n<\/div>\n<\/div>\n<\/div>\n<div class=\"w-full pt-2 md:pt-0 dark:border-white\/20 md:border-transparent md:dark:border-transparent md:w-[calc(100%-.5rem)]\">\n<form class=\"stretch mx-2 flex flex-row gap-3 last:mb-2 md:mx-4 md:last:mb-6 lg:mx-auto lg:max-w-2xl xl:max-w-3xl\">\n<div class=\"relative flex h-full flex-1 items-stretch md:flex-col\">\n<div class=\"flex w-full items-center\"><\/div>\n<\/div>\n<\/form>\n<\/div>\n","protected":false},"excerpt":{"rendered":"<p>Eemaldab mustuse, surnud naharakud ja s\u00fcgelustunne kaob. Vibratsioon aitab saavutada veelgi paremaid tulemusi.S\u00fcgav puhastusre\u017eiim sobib n\u00e4o T-tsooni puhastamiseks, eemaldades kosmeetikaj\u00e4\u00e4gid ja mustuse. Puhastamise j\u00e4rel p\u00f6\u00f6rake EMI \u00fcmber ja nautige \u00f5rna nahamassaa\u017ei. Massaa\u017eifunktsioon (seadme tagak\u00fcljel) l\u00f5dvestab n\u00e4olihaseid ja parandab oluliselt naha elastsust.<\/p>\n","protected":false},"featured_media":3638,"comment_status":"open","ping_status":"closed","template":"","meta":{"_et_pb_use_builder":"","_et_pb_old_content":"","_et_gb_content_width":""},"product_cat":[49],"product_tag":[93,91,92],"yoast_head":"<!-- This site is optimized with the Yoast SEO plugin v21.8 - https:\/\/yoast.com\/wordpress\/plugins\/seo\/ -->\n<title>L&amp;L skin EMI facial cleansing brush | SOTHYS Ilusalong<\/title>\n<meta name=\"robots\" content=\"index, follow, max-snippet:-1, max-image-preview:large, max-video-preview:-1\" \/>\n<link rel=\"canonical\" href=\"https:\/\/soty.ee\/toode\/ll-skin-emi-facial-cleansing-brush\/\" \/>\n<meta property=\"og:locale\" content=\"en_US\" \/>\n<meta property=\"og:type\" content=\"article\" \/>\n<meta property=\"og:title\" content=\"L&amp;L skin EMI facial cleansing brush | SOTHYS Ilusalong\" \/>\n<meta property=\"og:description\" content=\"Eemaldab mustuse, surnud naharakud ja s\u00fcgelustunne kaob. Vibratsioon aitab saavutada veelgi paremaid tulemusi.S\u00fcgav puhastusre\u017eiim sobib n\u00e4o T-tsooni puhastamiseks, eemaldades kosmeetikaj\u00e4\u00e4gid ja mustuse. Puhastamise j\u00e4rel p\u00f6\u00f6rake EMI \u00fcmber ja nautige \u00f5rna nahamassaa\u017ei. Massaa\u017eifunktsioon (seadme tagak\u00fcljel) l\u00f5dvestab n\u00e4olihaseid ja parandab oluliselt naha elastsust.\" \/>\n<meta property=\"og:url\" content=\"https:\/\/soty.ee\/toode\/ll-skin-emi-facial-cleansing-brush\/\" \/>\n<meta property=\"og:site_name\" content=\"SOTHYS Ilusalong\" \/>\n<meta property=\"article:publisher\" content=\"https:\/\/www.facebook.com\/SothysIlusalong\/\" \/>\n<meta property=\"article:modified_time\" content=\"2026-01-14T12:00:20+00:00\" \/>\n<meta property=\"og:image\" content=\"https:\/\/soty.ee\/wp-content\/uploads\/2024\/02\/l-and-l-skin-emi-facial-cleansing-brush.webp\" \/>\n\t<meta property=\"og:image:width\" content=\"800\" \/>\n\t<meta property=\"og:image:height\" content=\"800\" \/>\n\t<meta property=\"og:image:type\" content=\"image\/webp\" \/>\n<meta name=\"twitter:card\" content=\"summary_large_image\" \/>\n<meta name=\"twitter:label1\" content=\"Est. reading time\" \/>\n\t<meta name=\"twitter:data1\" content=\"1 minute\" \/>\n<script type=\"application\/ld+json\" class=\"yoast-schema-graph\">{\"@context\":\"https:\/\/schema.org\",\"@graph\":[{\"@type\":\"WebPage\",\"@id\":\"https:\/\/soty.ee\/toode\/ll-skin-emi-facial-cleansing-brush\/\",\"url\":\"https:\/\/soty.ee\/toode\/ll-skin-emi-facial-cleansing-brush\/\",\"name\":\"L&L skin EMI facial cleansing brush | SOTHYS Ilusalong\",\"isPartOf\":{\"@id\":\"https:\/\/soty.ee\/#website\"},\"datePublished\":\"2024-02-09T16:00:43+00:00\",\"dateModified\":\"2026-01-14T12:00:20+00:00\",\"breadcrumb\":{\"@id\":\"https:\/\/soty.ee\/toode\/ll-skin-emi-facial-cleansing-brush\/#breadcrumb\"},\"inLanguage\":\"en-US\",\"potentialAction\":[{\"@type\":\"ReadAction\",\"target\":[\"https:\/\/soty.ee\/toode\/ll-skin-emi-facial-cleansing-brush\/\"]}]},{\"@type\":\"BreadcrumbList\",\"@id\":\"https:\/\/soty.ee\/toode\/ll-skin-emi-facial-cleansing-brush\/#breadcrumb\",\"itemListElement\":[{\"@type\":\"ListItem\",\"position\":1,\"name\":\"\u0413\u043b\u0430\u0432\u043d\u0430\u044f \u0441\u0442\u0440\u0430\u043d\u0438\u0446\u0430\",\"item\":\"https:\/\/soty.ee\/en\/\"},{\"@type\":\"ListItem\",\"position\":2,\"name\":\"Pood\",\"item\":\"https:\/\/soty.ee\/pood\/\"},{\"@type\":\"ListItem\",\"position\":3,\"name\":\"L&#038;L skin EMI facial cleansing brush\"}]},{\"@type\":\"WebSite\",\"@id\":\"https:\/\/soty.ee\/#website\",\"url\":\"https:\/\/soty.ee\/\",\"name\":\"SOTHYS Ilusalong Sothys Ilusalong | Privaatne, rahulik ilusalong Tallinnas, Maakri 36\",\"description\":\"SOTHYS Ilusalong\",\"publisher\":{\"@id\":\"https:\/\/soty.ee\/#organization\"},\"potentialAction\":[{\"@type\":\"SearchAction\",\"target\":{\"@type\":\"EntryPoint\",\"urlTemplate\":\"https:\/\/soty.ee\/?s={search_term_string}\"},\"query-input\":\"required name=search_term_string\"}],\"inLanguage\":\"en-US\"},{\"@type\":\"Organization\",\"@id\":\"https:\/\/soty.ee\/#organization\",\"name\":\"Sothys Ilusalong\",\"url\":\"https:\/\/soty.ee\/\",\"logo\":{\"@type\":\"ImageObject\",\"inLanguage\":\"en-US\",\"@id\":\"https:\/\/soty.ee\/#\/schema\/logo\/image\/\",\"url\":\"https:\/\/soty.ee\/wp-content\/uploads\/2019\/01\/sothys_logo_deesse.png\",\"contentUrl\":\"https:\/\/soty.ee\/wp-content\/uploads\/2019\/01\/sothys_logo_deesse.png\",\"width\":2178,\"height\":567,\"caption\":\"Sothys Ilusalong\"},\"image\":{\"@id\":\"https:\/\/soty.ee\/#\/schema\/logo\/image\/\"},\"sameAs\":[\"https:\/\/www.facebook.com\/SothysIlusalong\/\",\"https:\/\/www.instagram.com\/explore\/locations\/411123213\/sothys-ilusalong\/\"]}]}<\/script>\n<!-- \/ Yoast SEO plugin. -->","yoast_head_json":{"title":"L&L skin EMI facial cleansing brush | SOTHYS Ilusalong","robots":{"index":"index","follow":"follow","max-snippet":"max-snippet:-1","max-image-preview":"max-image-preview:large","max-video-preview":"max-video-preview:-1"},"canonical":"https:\/\/soty.ee\/toode\/ll-skin-emi-facial-cleansing-brush\/","og_locale":"en_US","og_type":"article","og_title":"L&L skin EMI facial cleansing brush | SOTHYS Ilusalong","og_description":"Eemaldab mustuse, surnud naharakud ja s\u00fcgelustunne kaob. Vibratsioon aitab saavutada veelgi paremaid tulemusi.S\u00fcgav puhastusre\u017eiim sobib n\u00e4o T-tsooni puhastamiseks, eemaldades kosmeetikaj\u00e4\u00e4gid ja mustuse. Puhastamise j\u00e4rel p\u00f6\u00f6rake EMI \u00fcmber ja nautige \u00f5rna nahamassaa\u017ei. Massaa\u017eifunktsioon (seadme tagak\u00fcljel) l\u00f5dvestab n\u00e4olihaseid ja parandab oluliselt naha elastsust.","og_url":"https:\/\/soty.ee\/toode\/ll-skin-emi-facial-cleansing-brush\/","og_site_name":"SOTHYS Ilusalong","article_publisher":"https:\/\/www.facebook.com\/SothysIlusalong\/","article_modified_time":"2026-01-14T12:00:20+00:00","og_image":[{"width":800,"height":800,"url":"https:\/\/soty.ee\/wp-content\/uploads\/2024\/02\/l-and-l-skin-emi-facial-cleansing-brush.webp","type":"image\/webp"}],"twitter_card":"summary_large_image","twitter_misc":{"Est. reading time":"1 minute"},"schema":{"@context":"https:\/\/schema.org","@graph":[{"@type":"WebPage","@id":"https:\/\/soty.ee\/toode\/ll-skin-emi-facial-cleansing-brush\/","url":"https:\/\/soty.ee\/toode\/ll-skin-emi-facial-cleansing-brush\/","name":"L&L skin EMI facial cleansing brush | SOTHYS Ilusalong","isPartOf":{"@id":"https:\/\/soty.ee\/#website"},"datePublished":"2024-02-09T16:00:43+00:00","dateModified":"2026-01-14T12:00:20+00:00","breadcrumb":{"@id":"https:\/\/soty.ee\/toode\/ll-skin-emi-facial-cleansing-brush\/#breadcrumb"},"inLanguage":"en-US","potentialAction":[{"@type":"ReadAction","target":["https:\/\/soty.ee\/toode\/ll-skin-emi-facial-cleansing-brush\/"]}]},{"@type":"BreadcrumbList","@id":"https:\/\/soty.ee\/toode\/ll-skin-emi-facial-cleansing-brush\/#breadcrumb","itemListElement":[{"@type":"ListItem","position":1,"name":"\u0413\u043b\u0430\u0432\u043d\u0430\u044f \u0441\u0442\u0440\u0430\u043d\u0438\u0446\u0430","item":"https:\/\/soty.ee\/en\/"},{"@type":"ListItem","position":2,"name":"Pood","item":"https:\/\/soty.ee\/pood\/"},{"@type":"ListItem","position":3,"name":"L&#038;L skin EMI facial cleansing brush"}]},{"@type":"WebSite","@id":"https:\/\/soty.ee\/#website","url":"https:\/\/soty.ee\/","name":"SOTHYS Ilusalong Sothys Ilusalong | Privaatne, rahulik ilusalong Tallinnas, Maakri 36","description":"SOTHYS Ilusalong","publisher":{"@id":"https:\/\/soty.ee\/#organization"},"potentialAction":[{"@type":"SearchAction","target":{"@type":"EntryPoint","urlTemplate":"https:\/\/soty.ee\/?s={search_term_string}"},"query-input":"required name=search_term_string"}],"inLanguage":"en-US"},{"@type":"Organization","@id":"https:\/\/soty.ee\/#organization","name":"Sothys Ilusalong","url":"https:\/\/soty.ee\/","logo":{"@type":"ImageObject","inLanguage":"en-US","@id":"https:\/\/soty.ee\/#\/schema\/logo\/image\/","url":"https:\/\/soty.ee\/wp-content\/uploads\/2019\/01\/sothys_logo_deesse.png","contentUrl":"https:\/\/soty.ee\/wp-content\/uploads\/2019\/01\/sothys_logo_deesse.png","width":2178,"height":567,"caption":"Sothys Ilusalong"},"image":{"@id":"https:\/\/soty.ee\/#\/schema\/logo\/image\/"},"sameAs":["https:\/\/www.facebook.com\/SothysIlusalong\/","https:\/\/www.instagram.com\/explore\/locations\/411123213\/sothys-ilusalong\/"]}]}},"_links":{"self":[{"href":"https:\/\/soty.ee\/en\/wp-json\/wp\/v2\/product\/3637"}],"collection":[{"href":"https:\/\/soty.ee\/en\/wp-json\/wp\/v2\/product"}],"about":[{"href":"https:\/\/soty.ee\/en\/wp-json\/wp\/v2\/types\/product"}],"replies":[{"embeddable":true,"href":"https:\/\/soty.ee\/en\/wp-json\/wp\/v2\/comments?post=3637"}],"wp:featuredmedia":[{"embeddable":true,"href":"https:\/\/soty.ee\/en\/wp-json\/wp\/v2\/media\/3638"}],"wp:attachment":[{"href":"https:\/\/soty.ee\/en\/wp-json\/wp\/v2\/media?parent=3637"}],"wp:term":[{"taxonomy":"product_cat","embeddable":true,"href":"https:\/\/soty.ee\/en\/wp-json\/wp\/v2\/product_cat?post=3637"},{"taxonomy":"product_tag","embeddable":true,"href":"https:\/\/soty.ee\/en\/wp-json\/wp\/v2\/product_tag?post=3637"}],"curies":[{"name":"wp","href":"https:\/\/api.w.org\/{rel}","templated":true}]}}