{"id":3410,"date":"2023-10-12T18:30:55","date_gmt":"2023-10-12T18:30:55","guid":{"rendered":"https:\/\/soty.ee\/?post_type=product&#038;p=3410"},"modified":"2024-08-13T14:43:17","modified_gmt":"2024-08-13T14:43:17","slug":"sothys-firming-specific-serum","status":"publish","type":"product","link":"https:\/\/soty.ee\/en\/toode\/sothys-firming-specific-serum\/","title":{"rendered":"Sothys Firming-Specific serum"},"content":{"rendered":"<p>Pinguldava efektga geel aitab t\u00f5sta naha toonust, pinguldab n\u00e4ojooni, aitab piirata naha l\u00f5tvumist. Seerumi tektuur aitab kaasa konsentreeritud aktiivainete imendumisele ja v\u00f5imaldab mitmete toodete peale kandmist.<\/p>\n<p>Kanna hommikul ja \u00f5htul n\u00e4ole ja kaelale (1 annus=1-2 pumbat\u00e4it). J\u00e4tka sobiliku kreemiga. Kombineeri teiste noorendavate seerumitega.<\/p>\n","protected":false},"excerpt":{"rendered":"<p>Inspireeritud esteetilise dermatoloogia raadiosagedusega protseduurist. Pehme kreemja tektuuriga seerum toidab, taastab naha vitaalsust ning v\u00f5itleb k\u00f5ikide vananemism\u00e4rkidega. T\u00f5eline nooruse kokteil tugevdab naha kaitsefunktsiooni, basaalmembraani ja dermist, taastab h\u00fcdrolipiidkihi.Seerumi tektuur aitab kaasa konsentreeritud aktiivainete imendumisele ja v\u00f5imaldab mitmete toodete peale kandmist.<\/p>\n<p>&nbsp;<\/p>\n","protected":false},"featured_media":3411,"comment_status":"open","ping_status":"closed","template":"","meta":{"_et_pb_use_builder":"","_et_pb_old_content":"","_et_gb_content_width":""},"product_cat":[52],"product_tag":[72,71,57],"yoast_head":"<!-- This site is optimized with the Yoast SEO plugin v21.8 - https:\/\/yoast.com\/wordpress\/plugins\/seo\/ -->\n<title>Sothys Firming-Specific serum | SOTHYS Ilusalong<\/title>\n<meta name=\"robots\" content=\"index, follow, max-snippet:-1, max-image-preview:large, max-video-preview:-1\" \/>\n<link rel=\"canonical\" href=\"https:\/\/soty.ee\/toode\/sothys-firming-specific-serum\/\" \/>\n<meta property=\"og:locale\" content=\"en_US\" \/>\n<meta property=\"og:type\" content=\"article\" \/>\n<meta property=\"og:title\" content=\"Sothys Firming-Specific serum | SOTHYS Ilusalong\" \/>\n<meta property=\"og:description\" content=\"Inspireeritud esteetilise dermatoloogia raadiosagedusega protseduurist. Pehme kreemja tektuuriga seerum toidab, taastab naha vitaalsust ning v\u00f5itleb k\u00f5ikide vananemism\u00e4rkidega. T\u00f5eline nooruse kokteil tugevdab naha kaitsefunktsiooni, basaalmembraani ja dermist, taastab h\u00fcdrolipiidkihi.Seerumi tektuur aitab kaasa konsentreeritud aktiivainete imendumisele ja v\u00f5imaldab mitmete toodete peale kandmist.  &nbsp;\" \/>\n<meta property=\"og:url\" content=\"https:\/\/soty.ee\/toode\/sothys-firming-specific-serum\/\" \/>\n<meta property=\"og:site_name\" content=\"SOTHYS Ilusalong\" \/>\n<meta property=\"article:publisher\" content=\"https:\/\/www.facebook.com\/SothysIlusalong\/\" \/>\n<meta property=\"article:modified_time\" content=\"2024-08-13T14:43:17+00:00\" \/>\n<meta property=\"og:image\" content=\"https:\/\/soty.ee\/wp-content\/uploads\/2023\/10\/Serum-jeunesse-focus-fermete-sothys-paris1_3805.webp\" \/>\n\t<meta property=\"og:image:width\" content=\"1024\" \/>\n\t<meta property=\"og:image:height\" content=\"1024\" \/>\n\t<meta property=\"og:image:type\" content=\"image\/webp\" \/>\n<meta name=\"twitter:card\" content=\"summary_large_image\" \/>\n<meta name=\"twitter:label1\" content=\"Est. reading time\" \/>\n\t<meta name=\"twitter:data1\" content=\"1 minute\" \/>\n<script type=\"application\/ld+json\" class=\"yoast-schema-graph\">{\"@context\":\"https:\/\/schema.org\",\"@graph\":[{\"@type\":\"WebPage\",\"@id\":\"https:\/\/soty.ee\/toode\/sothys-firming-specific-serum\/\",\"url\":\"https:\/\/soty.ee\/toode\/sothys-firming-specific-serum\/\",\"name\":\"Sothys Firming-Specific serum | SOTHYS Ilusalong\",\"isPartOf\":{\"@id\":\"https:\/\/soty.ee\/#website\"},\"datePublished\":\"2023-10-12T18:30:55+00:00\",\"dateModified\":\"2024-08-13T14:43:17+00:00\",\"breadcrumb\":{\"@id\":\"https:\/\/soty.ee\/toode\/sothys-firming-specific-serum\/#breadcrumb\"},\"inLanguage\":\"en-US\",\"potentialAction\":[{\"@type\":\"ReadAction\",\"target\":[\"https:\/\/soty.ee\/toode\/sothys-firming-specific-serum\/\"]}]},{\"@type\":\"BreadcrumbList\",\"@id\":\"https:\/\/soty.ee\/toode\/sothys-firming-specific-serum\/#breadcrumb\",\"itemListElement\":[{\"@type\":\"ListItem\",\"position\":1,\"name\":\"\u0413\u043b\u0430\u0432\u043d\u0430\u044f \u0441\u0442\u0440\u0430\u043d\u0438\u0446\u0430\",\"item\":\"https:\/\/soty.ee\/en\/\"},{\"@type\":\"ListItem\",\"position\":2,\"name\":\"Pood\",\"item\":\"https:\/\/soty.ee\/pood\/\"},{\"@type\":\"ListItem\",\"position\":3,\"name\":\"Sothys Firming-Specific serum\"}]},{\"@type\":\"WebSite\",\"@id\":\"https:\/\/soty.ee\/#website\",\"url\":\"https:\/\/soty.ee\/\",\"name\":\"SOTHYS Ilusalong Sothys Ilusalong | Privaatne, rahulik ilusalong Tallinnas, Maakri 36\",\"description\":\"SOTHYS Ilusalong\",\"publisher\":{\"@id\":\"https:\/\/soty.ee\/#organization\"},\"potentialAction\":[{\"@type\":\"SearchAction\",\"target\":{\"@type\":\"EntryPoint\",\"urlTemplate\":\"https:\/\/soty.ee\/?s={search_term_string}\"},\"query-input\":\"required name=search_term_string\"}],\"inLanguage\":\"en-US\"},{\"@type\":\"Organization\",\"@id\":\"https:\/\/soty.ee\/#organization\",\"name\":\"Sothys Ilusalong\",\"url\":\"https:\/\/soty.ee\/\",\"logo\":{\"@type\":\"ImageObject\",\"inLanguage\":\"en-US\",\"@id\":\"https:\/\/soty.ee\/#\/schema\/logo\/image\/\",\"url\":\"https:\/\/soty.ee\/wp-content\/uploads\/2019\/01\/sothys_logo_deesse.png\",\"contentUrl\":\"https:\/\/soty.ee\/wp-content\/uploads\/2019\/01\/sothys_logo_deesse.png\",\"width\":2178,\"height\":567,\"caption\":\"Sothys Ilusalong\"},\"image\":{\"@id\":\"https:\/\/soty.ee\/#\/schema\/logo\/image\/\"},\"sameAs\":[\"https:\/\/www.facebook.com\/SothysIlusalong\/\",\"https:\/\/www.instagram.com\/explore\/locations\/411123213\/sothys-ilusalong\/\"]}]}<\/script>\n<!-- \/ Yoast SEO plugin. -->","yoast_head_json":{"title":"Sothys Firming-Specific serum | SOTHYS Ilusalong","robots":{"index":"index","follow":"follow","max-snippet":"max-snippet:-1","max-image-preview":"max-image-preview:large","max-video-preview":"max-video-preview:-1"},"canonical":"https:\/\/soty.ee\/toode\/sothys-firming-specific-serum\/","og_locale":"en_US","og_type":"article","og_title":"Sothys Firming-Specific serum | SOTHYS Ilusalong","og_description":"Inspireeritud esteetilise dermatoloogia raadiosagedusega protseduurist. Pehme kreemja tektuuriga seerum toidab, taastab naha vitaalsust ning v\u00f5itleb k\u00f5ikide vananemism\u00e4rkidega. T\u00f5eline nooruse kokteil tugevdab naha kaitsefunktsiooni, basaalmembraani ja dermist, taastab h\u00fcdrolipiidkihi.Seerumi tektuur aitab kaasa konsentreeritud aktiivainete imendumisele ja v\u00f5imaldab mitmete toodete peale kandmist.  &nbsp;","og_url":"https:\/\/soty.ee\/toode\/sothys-firming-specific-serum\/","og_site_name":"SOTHYS Ilusalong","article_publisher":"https:\/\/www.facebook.com\/SothysIlusalong\/","article_modified_time":"2024-08-13T14:43:17+00:00","og_image":[{"width":1024,"height":1024,"url":"https:\/\/soty.ee\/wp-content\/uploads\/2023\/10\/Serum-jeunesse-focus-fermete-sothys-paris1_3805.webp","type":"image\/webp"}],"twitter_card":"summary_large_image","twitter_misc":{"Est. reading time":"1 minute"},"schema":{"@context":"https:\/\/schema.org","@graph":[{"@type":"WebPage","@id":"https:\/\/soty.ee\/toode\/sothys-firming-specific-serum\/","url":"https:\/\/soty.ee\/toode\/sothys-firming-specific-serum\/","name":"Sothys Firming-Specific serum | SOTHYS Ilusalong","isPartOf":{"@id":"https:\/\/soty.ee\/#website"},"datePublished":"2023-10-12T18:30:55+00:00","dateModified":"2024-08-13T14:43:17+00:00","breadcrumb":{"@id":"https:\/\/soty.ee\/toode\/sothys-firming-specific-serum\/#breadcrumb"},"inLanguage":"en-US","potentialAction":[{"@type":"ReadAction","target":["https:\/\/soty.ee\/toode\/sothys-firming-specific-serum\/"]}]},{"@type":"BreadcrumbList","@id":"https:\/\/soty.ee\/toode\/sothys-firming-specific-serum\/#breadcrumb","itemListElement":[{"@type":"ListItem","position":1,"name":"\u0413\u043b\u0430\u0432\u043d\u0430\u044f \u0441\u0442\u0440\u0430\u043d\u0438\u0446\u0430","item":"https:\/\/soty.ee\/en\/"},{"@type":"ListItem","position":2,"name":"Pood","item":"https:\/\/soty.ee\/pood\/"},{"@type":"ListItem","position":3,"name":"Sothys Firming-Specific serum"}]},{"@type":"WebSite","@id":"https:\/\/soty.ee\/#website","url":"https:\/\/soty.ee\/","name":"SOTHYS Ilusalong Sothys Ilusalong | Privaatne, rahulik ilusalong Tallinnas, Maakri 36","description":"SOTHYS Ilusalong","publisher":{"@id":"https:\/\/soty.ee\/#organization"},"potentialAction":[{"@type":"SearchAction","target":{"@type":"EntryPoint","urlTemplate":"https:\/\/soty.ee\/?s={search_term_string}"},"query-input":"required name=search_term_string"}],"inLanguage":"en-US"},{"@type":"Organization","@id":"https:\/\/soty.ee\/#organization","name":"Sothys Ilusalong","url":"https:\/\/soty.ee\/","logo":{"@type":"ImageObject","inLanguage":"en-US","@id":"https:\/\/soty.ee\/#\/schema\/logo\/image\/","url":"https:\/\/soty.ee\/wp-content\/uploads\/2019\/01\/sothys_logo_deesse.png","contentUrl":"https:\/\/soty.ee\/wp-content\/uploads\/2019\/01\/sothys_logo_deesse.png","width":2178,"height":567,"caption":"Sothys Ilusalong"},"image":{"@id":"https:\/\/soty.ee\/#\/schema\/logo\/image\/"},"sameAs":["https:\/\/www.facebook.com\/SothysIlusalong\/","https:\/\/www.instagram.com\/explore\/locations\/411123213\/sothys-ilusalong\/"]}]}},"_links":{"self":[{"href":"https:\/\/soty.ee\/en\/wp-json\/wp\/v2\/product\/3410"}],"collection":[{"href":"https:\/\/soty.ee\/en\/wp-json\/wp\/v2\/product"}],"about":[{"href":"https:\/\/soty.ee\/en\/wp-json\/wp\/v2\/types\/product"}],"replies":[{"embeddable":true,"href":"https:\/\/soty.ee\/en\/wp-json\/wp\/v2\/comments?post=3410"}],"wp:featuredmedia":[{"embeddable":true,"href":"https:\/\/soty.ee\/en\/wp-json\/wp\/v2\/media\/3411"}],"wp:attachment":[{"href":"https:\/\/soty.ee\/en\/wp-json\/wp\/v2\/media?parent=3410"}],"wp:term":[{"taxonomy":"product_cat","embeddable":true,"href":"https:\/\/soty.ee\/en\/wp-json\/wp\/v2\/product_cat?post=3410"},{"taxonomy":"product_tag","embeddable":true,"href":"https:\/\/soty.ee\/en\/wp-json\/wp\/v2\/product_tag?post=3410"}],"curies":[{"name":"wp","href":"https:\/\/api.w.org\/{rel}","templated":true}]}}