{"id":2930,"date":"2023-06-10T13:03:41","date_gmt":"2023-06-10T13:03:41","guid":{"rendered":"https:\/\/soty.ee\/?post_type=product&#038;p=2930"},"modified":"2024-08-13T14:52:29","modified_gmt":"2024-08-13T14:52:29","slug":"sothys-cryo-roll-on-silmageel","status":"publish","type":"product","link":"https:\/\/soty.ee\/en\/toode\/sothys-cryo-roll-on-silmageel\/","title":{"rendered":"Sothys Cryo roll-on silmageel"},"content":{"rendered":"<p>PUNANE VETIKAS. Pinguldab.<\/p>\n<p>LINASEEMNE EKSTRAKT Kaitseb naha barj\u00e4\u00e4ri v\u00e4liste r\u00fcnnakute eest. Kaitseb dermaalseid struktuure.<\/p>\n<p>\u00dcLIREGENERATIIVNE KOMPLEKS V\u00e4hendab kortse. Antiritatsioon, rahustavad omadused. Niisutus &#8211; t\u00e4idab.<\/p>\n<p>KAFFEIN + OLIGOSAHHAARIDID MEREVEETAIMEDEST Tursedevastane eesm\u00e4rk.<\/p>\n<p>Kanna toodet alumisele silmalaule, kasutades kolme palli ja vajutades torule kergelt alla. Silu toode nahka silma sisenurgast liikudes templi suunas. V\u00f5ib kanda ka paksema kihina kiirmaskina enne liigse eemaldamist ja\/v\u00f5i sisse silumist.<\/p>\n","protected":false},"excerpt":{"rendered":"<p>Sa oled 25-aastane ja soovid s\u00e4ilitada oma v\u00e4limuse nooruslikkust. Sa oled 45-aastane ja soovid parandada vananemisilminguid: kortsud, tumedad silmaalused, paistetus. Sa oled kokku puutunud: ekraanivalgus, ajav\u00f6\u00f6ndite erinevused, l\u00fchikesed \u00f6\u00f6d, pidude j\u00e4rellainetus&#8230; Sa soovid edasi l\u00fckata kosmeetilist protseduuri. Sa soovid lihtsalt katta oma ebat\u00e4iuslikkusi (tumedad silmaalused, laigud jne).<\/p>\n<p>Kanna alalaule kasutades 3 kuuli ja avalda \u00f5rna survet tuubile. Tasanda kreem sisemisest silmanurgast templi suunas. V\u00f5ib kasutada ka paksemas kihis nagu minutimask, enne \u00fcleliigse eemaldamist ja\/v\u00f5i sisseh\u00f5\u00f5rumist.<\/p>\n<p>N\u00e4htavalt v\u00f5itle silmade v\u00e4simusm\u00e4rkidega ja tursetega. Punavetikas. Linaekstrakt. Ultra-regenereeriv kompleks. Kofeiin + taimne mereoligosahhariid.<\/p>\n","protected":false},"featured_media":3112,"comment_status":"open","ping_status":"closed","template":"","meta":{"_et_pb_use_builder":"","_et_pb_old_content":"","_et_gb_content_width":""},"product_cat":[52],"product_tag":[],"yoast_head":"<!-- This site is optimized with the Yoast SEO plugin v21.8 - https:\/\/yoast.com\/wordpress\/plugins\/seo\/ -->\n<title>Sothys Cryo roll-on silmageel | SOTHYS Ilusalong<\/title>\n<meta name=\"robots\" content=\"index, follow, max-snippet:-1, max-image-preview:large, max-video-preview:-1\" \/>\n<link rel=\"canonical\" href=\"https:\/\/soty.ee\/toode\/sothys-cryo-roll-on-silmageel\/\" \/>\n<meta property=\"og:locale\" content=\"en_US\" \/>\n<meta property=\"og:type\" content=\"article\" \/>\n<meta property=\"og:title\" content=\"Sothys Cryo roll-on silmageel | SOTHYS Ilusalong\" \/>\n<meta property=\"og:description\" content=\"Sa oled 25-aastane ja soovid s\u00e4ilitada oma v\u00e4limuse nooruslikkust. Sa oled 45-aastane ja soovid parandada vananemisilminguid: kortsud, tumedad silmaalused, paistetus. Sa oled kokku puutunud: ekraanivalgus, ajav\u00f6\u00f6ndite erinevused, l\u00fchikesed \u00f6\u00f6d, pidude j\u00e4rellainetus... Sa soovid edasi l\u00fckata kosmeetilist protseduuri. Sa soovid lihtsalt katta oma ebat\u00e4iuslikkusi (tumedad silmaalused, laigud jne).  Kanna alalaule kasutades 3 kuuli ja avalda \u00f5rna survet tuubile. Tasanda kreem sisemisest silmanurgast templi suunas. V\u00f5ib kasutada ka paksemas kihis nagu minutimask, enne \u00fcleliigse eemaldamist ja\/v\u00f5i sisseh\u00f5\u00f5rumist.  N\u00e4htavalt v\u00f5itle silmade v\u00e4simusm\u00e4rkidega ja tursetega. Punavetikas. Linaekstrakt. Ultra-regenereeriv kompleks. Kofeiin + taimne mereoligosahhariid.\" \/>\n<meta property=\"og:url\" content=\"https:\/\/soty.ee\/toode\/sothys-cryo-roll-on-silmageel\/\" \/>\n<meta property=\"og:site_name\" content=\"SOTHYS Ilusalong\" \/>\n<meta property=\"article:publisher\" content=\"https:\/\/www.facebook.com\/SothysIlusalong\/\" \/>\n<meta property=\"article:modified_time\" content=\"2024-08-13T14:52:29+00:00\" \/>\n<meta property=\"og:image\" content=\"https:\/\/soty.ee\/wp-content\/uploads\/2023\/06\/40.webp\" \/>\n\t<meta property=\"og:image:width\" content=\"1200\" \/>\n\t<meta property=\"og:image:height\" content=\"1200\" \/>\n\t<meta property=\"og:image:type\" content=\"image\/webp\" \/>\n<meta name=\"twitter:card\" content=\"summary_large_image\" \/>\n<meta name=\"twitter:label1\" content=\"Est. reading time\" \/>\n\t<meta name=\"twitter:data1\" content=\"1 minute\" \/>\n<script type=\"application\/ld+json\" class=\"yoast-schema-graph\">{\"@context\":\"https:\/\/schema.org\",\"@graph\":[{\"@type\":\"WebPage\",\"@id\":\"https:\/\/soty.ee\/toode\/sothys-cryo-roll-on-silmageel\/\",\"url\":\"https:\/\/soty.ee\/toode\/sothys-cryo-roll-on-silmageel\/\",\"name\":\"Sothys Cryo roll-on silmageel | SOTHYS Ilusalong\",\"isPartOf\":{\"@id\":\"https:\/\/soty.ee\/#website\"},\"datePublished\":\"2023-06-10T13:03:41+00:00\",\"dateModified\":\"2024-08-13T14:52:29+00:00\",\"breadcrumb\":{\"@id\":\"https:\/\/soty.ee\/toode\/sothys-cryo-roll-on-silmageel\/#breadcrumb\"},\"inLanguage\":\"en-US\",\"potentialAction\":[{\"@type\":\"ReadAction\",\"target\":[\"https:\/\/soty.ee\/toode\/sothys-cryo-roll-on-silmageel\/\"]}]},{\"@type\":\"BreadcrumbList\",\"@id\":\"https:\/\/soty.ee\/toode\/sothys-cryo-roll-on-silmageel\/#breadcrumb\",\"itemListElement\":[{\"@type\":\"ListItem\",\"position\":1,\"name\":\"\u0413\u043b\u0430\u0432\u043d\u0430\u044f \u0441\u0442\u0440\u0430\u043d\u0438\u0446\u0430\",\"item\":\"https:\/\/soty.ee\/en\/\"},{\"@type\":\"ListItem\",\"position\":2,\"name\":\"Pood\",\"item\":\"https:\/\/soty.ee\/pood\/\"},{\"@type\":\"ListItem\",\"position\":3,\"name\":\"Sothys Cryo roll-on silmageel\"}]},{\"@type\":\"WebSite\",\"@id\":\"https:\/\/soty.ee\/#website\",\"url\":\"https:\/\/soty.ee\/\",\"name\":\"SOTHYS Ilusalong Sothys Ilusalong | Privaatne, rahulik ilusalong Tallinnas, Maakri 36\",\"description\":\"SOTHYS Ilusalong\",\"publisher\":{\"@id\":\"https:\/\/soty.ee\/#organization\"},\"potentialAction\":[{\"@type\":\"SearchAction\",\"target\":{\"@type\":\"EntryPoint\",\"urlTemplate\":\"https:\/\/soty.ee\/?s={search_term_string}\"},\"query-input\":\"required name=search_term_string\"}],\"inLanguage\":\"en-US\"},{\"@type\":\"Organization\",\"@id\":\"https:\/\/soty.ee\/#organization\",\"name\":\"Sothys Ilusalong\",\"url\":\"https:\/\/soty.ee\/\",\"logo\":{\"@type\":\"ImageObject\",\"inLanguage\":\"en-US\",\"@id\":\"https:\/\/soty.ee\/#\/schema\/logo\/image\/\",\"url\":\"https:\/\/soty.ee\/wp-content\/uploads\/2019\/01\/sothys_logo_deesse.png\",\"contentUrl\":\"https:\/\/soty.ee\/wp-content\/uploads\/2019\/01\/sothys_logo_deesse.png\",\"width\":2178,\"height\":567,\"caption\":\"Sothys Ilusalong\"},\"image\":{\"@id\":\"https:\/\/soty.ee\/#\/schema\/logo\/image\/\"},\"sameAs\":[\"https:\/\/www.facebook.com\/SothysIlusalong\/\",\"https:\/\/www.instagram.com\/explore\/locations\/411123213\/sothys-ilusalong\/\"]}]}<\/script>\n<!-- \/ Yoast SEO plugin. -->","yoast_head_json":{"title":"Sothys Cryo roll-on silmageel | SOTHYS Ilusalong","robots":{"index":"index","follow":"follow","max-snippet":"max-snippet:-1","max-image-preview":"max-image-preview:large","max-video-preview":"max-video-preview:-1"},"canonical":"https:\/\/soty.ee\/toode\/sothys-cryo-roll-on-silmageel\/","og_locale":"en_US","og_type":"article","og_title":"Sothys Cryo roll-on silmageel | SOTHYS Ilusalong","og_description":"Sa oled 25-aastane ja soovid s\u00e4ilitada oma v\u00e4limuse nooruslikkust. Sa oled 45-aastane ja soovid parandada vananemisilminguid: kortsud, tumedad silmaalused, paistetus. Sa oled kokku puutunud: ekraanivalgus, ajav\u00f6\u00f6ndite erinevused, l\u00fchikesed \u00f6\u00f6d, pidude j\u00e4rellainetus... Sa soovid edasi l\u00fckata kosmeetilist protseduuri. Sa soovid lihtsalt katta oma ebat\u00e4iuslikkusi (tumedad silmaalused, laigud jne).  Kanna alalaule kasutades 3 kuuli ja avalda \u00f5rna survet tuubile. Tasanda kreem sisemisest silmanurgast templi suunas. V\u00f5ib kasutada ka paksemas kihis nagu minutimask, enne \u00fcleliigse eemaldamist ja\/v\u00f5i sisseh\u00f5\u00f5rumist.  N\u00e4htavalt v\u00f5itle silmade v\u00e4simusm\u00e4rkidega ja tursetega. Punavetikas. Linaekstrakt. Ultra-regenereeriv kompleks. Kofeiin + taimne mereoligosahhariid.","og_url":"https:\/\/soty.ee\/toode\/sothys-cryo-roll-on-silmageel\/","og_site_name":"SOTHYS Ilusalong","article_publisher":"https:\/\/www.facebook.com\/SothysIlusalong\/","article_modified_time":"2024-08-13T14:52:29+00:00","og_image":[{"width":1200,"height":1200,"url":"https:\/\/soty.ee\/wp-content\/uploads\/2023\/06\/40.webp","type":"image\/webp"}],"twitter_card":"summary_large_image","twitter_misc":{"Est. reading time":"1 minute"},"schema":{"@context":"https:\/\/schema.org","@graph":[{"@type":"WebPage","@id":"https:\/\/soty.ee\/toode\/sothys-cryo-roll-on-silmageel\/","url":"https:\/\/soty.ee\/toode\/sothys-cryo-roll-on-silmageel\/","name":"Sothys Cryo roll-on silmageel | SOTHYS Ilusalong","isPartOf":{"@id":"https:\/\/soty.ee\/#website"},"datePublished":"2023-06-10T13:03:41+00:00","dateModified":"2024-08-13T14:52:29+00:00","breadcrumb":{"@id":"https:\/\/soty.ee\/toode\/sothys-cryo-roll-on-silmageel\/#breadcrumb"},"inLanguage":"en-US","potentialAction":[{"@type":"ReadAction","target":["https:\/\/soty.ee\/toode\/sothys-cryo-roll-on-silmageel\/"]}]},{"@type":"BreadcrumbList","@id":"https:\/\/soty.ee\/toode\/sothys-cryo-roll-on-silmageel\/#breadcrumb","itemListElement":[{"@type":"ListItem","position":1,"name":"\u0413\u043b\u0430\u0432\u043d\u0430\u044f \u0441\u0442\u0440\u0430\u043d\u0438\u0446\u0430","item":"https:\/\/soty.ee\/en\/"},{"@type":"ListItem","position":2,"name":"Pood","item":"https:\/\/soty.ee\/pood\/"},{"@type":"ListItem","position":3,"name":"Sothys Cryo roll-on silmageel"}]},{"@type":"WebSite","@id":"https:\/\/soty.ee\/#website","url":"https:\/\/soty.ee\/","name":"SOTHYS Ilusalong Sothys Ilusalong | Privaatne, rahulik ilusalong Tallinnas, Maakri 36","description":"SOTHYS Ilusalong","publisher":{"@id":"https:\/\/soty.ee\/#organization"},"potentialAction":[{"@type":"SearchAction","target":{"@type":"EntryPoint","urlTemplate":"https:\/\/soty.ee\/?s={search_term_string}"},"query-input":"required name=search_term_string"}],"inLanguage":"en-US"},{"@type":"Organization","@id":"https:\/\/soty.ee\/#organization","name":"Sothys Ilusalong","url":"https:\/\/soty.ee\/","logo":{"@type":"ImageObject","inLanguage":"en-US","@id":"https:\/\/soty.ee\/#\/schema\/logo\/image\/","url":"https:\/\/soty.ee\/wp-content\/uploads\/2019\/01\/sothys_logo_deesse.png","contentUrl":"https:\/\/soty.ee\/wp-content\/uploads\/2019\/01\/sothys_logo_deesse.png","width":2178,"height":567,"caption":"Sothys Ilusalong"},"image":{"@id":"https:\/\/soty.ee\/#\/schema\/logo\/image\/"},"sameAs":["https:\/\/www.facebook.com\/SothysIlusalong\/","https:\/\/www.instagram.com\/explore\/locations\/411123213\/sothys-ilusalong\/"]}]}},"_links":{"self":[{"href":"https:\/\/soty.ee\/en\/wp-json\/wp\/v2\/product\/2930"}],"collection":[{"href":"https:\/\/soty.ee\/en\/wp-json\/wp\/v2\/product"}],"about":[{"href":"https:\/\/soty.ee\/en\/wp-json\/wp\/v2\/types\/product"}],"replies":[{"embeddable":true,"href":"https:\/\/soty.ee\/en\/wp-json\/wp\/v2\/comments?post=2930"}],"wp:featuredmedia":[{"embeddable":true,"href":"https:\/\/soty.ee\/en\/wp-json\/wp\/v2\/media\/3112"}],"wp:attachment":[{"href":"https:\/\/soty.ee\/en\/wp-json\/wp\/v2\/media?parent=2930"}],"wp:term":[{"taxonomy":"product_cat","embeddable":true,"href":"https:\/\/soty.ee\/en\/wp-json\/wp\/v2\/product_cat?post=2930"},{"taxonomy":"product_tag","embeddable":true,"href":"https:\/\/soty.ee\/en\/wp-json\/wp\/v2\/product_tag?post=2930"}],"curies":[{"name":"wp","href":"https:\/\/api.w.org\/{rel}","templated":true}]}}