{"id":2922,"date":"2023-06-10T12:49:29","date_gmt":"2023-06-10T12:49:29","guid":{"rendered":"https:\/\/soty.ee\/?post_type=product&#038;p=2922"},"modified":"2025-01-21T13:10:51","modified_gmt":"2025-01-21T13:10:51","slug":"sothys-satin-hydra-4ha-kreem","status":"publish","type":"product","link":"https:\/\/soty.ee\/en\/toode\/sothys-satin-hydra-4ha-kreem\/","title":{"rendered":"Sothys Satin Hydra 4Ha kreem"},"content":{"rendered":"<p>See niisutav kreem \u00fchendab endas 2 Sothysi patenteeritud toimeainet (orgaanilise pihlaka marja peptiidi ja boletus seene ekstrakti) suure molekulmassiga h\u00fcaluroonhappega, tagades kahekordse kaitse ja ravitoime.<\/p>\n<p>Arendatud toimima nagu anti-deh\u00fcdratsiooni kaitsev kilp, aitab see kreem nahka koheselt t\u00e4ita ning taasaktiveerida selle niiskuse m\u00e4lu. P\u00e4evast p\u00e4eva taastub naha optimaalne niisutustase, nahk on pehme, siledam, n\u00e4htavalt t\u00e4idlasem ja p\u00fcsivalt kaitstud.<\/p>\n","protected":false},"excerpt":{"rendered":"<p>SOTHYS LOOB 4* V\u00d5IMSALT NIISUTAVA TOOTE Igap\u00e4evane niisutav reaktsioon naha kaitsmiseks. See niisutav kreem \u00fchendab endas 2 patenteeritud Sothysi toimeainet (looduslikud pihlakapeptiidid ja p\u00e4ssiku ekstrakt) k\u00f5rge molekulmassiga h\u00fcaluroonhappega, pakkudes kahekordset kaitse- ja ravitoimet. Loodud kui niiskuse kadumist ennetav kaitsekiht, eesm\u00e4rgiga nahka kohe t\u00e4ita ja taaselustada selle veem\u00e4lu.<\/p>\n<p>Nahk on pehme, sile, n\u00e4htavalt t\u00e4idetud ja p\u00fcsivalt kaitstud. Orgaanilised pihlakamarja peptiidid. Eksklusiivne ja patenteeritud aktiivaine Sothys&#8217;i T\u00e4iustatud Uurimiskeskusest. Pinnapealne toime tagab kohese niisutuse. Rakuvaheline toime taaselustab veem\u00e4lu.<\/p>\n","protected":false},"featured_media":3042,"comment_status":"open","ping_status":"closed","template":"","meta":{"_et_pb_use_builder":"","_et_pb_old_content":"","_et_gb_content_width":""},"product_cat":[52],"product_tag":[],"yoast_head":"<!-- This site is optimized with the Yoast SEO plugin v21.8 - https:\/\/yoast.com\/wordpress\/plugins\/seo\/ -->\n<title>Sothys Satin Hydra 4Ha kreem | SOTHYS Ilusalong<\/title>\n<meta name=\"robots\" content=\"index, follow, max-snippet:-1, max-image-preview:large, max-video-preview:-1\" \/>\n<link rel=\"canonical\" href=\"https:\/\/soty.ee\/toode\/sothys-satin-hydra-4ha-kreem\/\" \/>\n<meta property=\"og:locale\" content=\"en_US\" \/>\n<meta property=\"og:type\" content=\"article\" \/>\n<meta property=\"og:title\" content=\"Sothys Satin Hydra 4Ha kreem | SOTHYS Ilusalong\" \/>\n<meta property=\"og:description\" content=\"SOTHYS LOOB 4* V\u00d5IMSALT NIISUTAVA TOOTE Igap\u00e4evane niisutav reaktsioon naha kaitsmiseks. See niisutav kreem \u00fchendab endas 2 patenteeritud Sothysi toimeainet (looduslikud pihlakapeptiidid ja p\u00e4ssiku ekstrakt) k\u00f5rge molekulmassiga h\u00fcaluroonhappega, pakkudes kahekordset kaitse- ja ravitoimet. Loodud kui niiskuse kadumist ennetav kaitsekiht, eesm\u00e4rgiga nahka kohe t\u00e4ita ja taaselustada selle veem\u00e4lu.  Nahk on pehme, sile, n\u00e4htavalt t\u00e4idetud ja p\u00fcsivalt kaitstud. Orgaanilised pihlakamarja peptiidid. Eksklusiivne ja patenteeritud aktiivaine Sothys&#039;i T\u00e4iustatud Uurimiskeskusest. Pinnapealne toime tagab kohese niisutuse. Rakuvaheline toime taaselustab veem\u00e4lu.\" \/>\n<meta property=\"og:url\" content=\"https:\/\/soty.ee\/toode\/sothys-satin-hydra-4ha-kreem\/\" \/>\n<meta property=\"og:site_name\" content=\"SOTHYS Ilusalong\" \/>\n<meta property=\"article:publisher\" content=\"https:\/\/www.facebook.com\/SothysIlusalong\/\" \/>\n<meta property=\"article:modified_time\" content=\"2025-01-21T13:10:51+00:00\" \/>\n<meta property=\"og:image\" content=\"https:\/\/soty.ee\/wp-content\/uploads\/2023\/06\/15.webp\" \/>\n\t<meta property=\"og:image:width\" content=\"1200\" \/>\n\t<meta property=\"og:image:height\" content=\"1200\" \/>\n\t<meta property=\"og:image:type\" content=\"image\/webp\" \/>\n<meta name=\"twitter:card\" content=\"summary_large_image\" \/>\n<meta name=\"twitter:label1\" content=\"Est. reading time\" \/>\n\t<meta name=\"twitter:data1\" content=\"1 minute\" \/>\n<script type=\"application\/ld+json\" class=\"yoast-schema-graph\">{\"@context\":\"https:\/\/schema.org\",\"@graph\":[{\"@type\":\"WebPage\",\"@id\":\"https:\/\/soty.ee\/toode\/sothys-satin-hydra-4ha-kreem\/\",\"url\":\"https:\/\/soty.ee\/toode\/sothys-satin-hydra-4ha-kreem\/\",\"name\":\"Sothys Satin Hydra 4Ha kreem | SOTHYS Ilusalong\",\"isPartOf\":{\"@id\":\"https:\/\/soty.ee\/#website\"},\"datePublished\":\"2023-06-10T12:49:29+00:00\",\"dateModified\":\"2025-01-21T13:10:51+00:00\",\"breadcrumb\":{\"@id\":\"https:\/\/soty.ee\/toode\/sothys-satin-hydra-4ha-kreem\/#breadcrumb\"},\"inLanguage\":\"en-US\",\"potentialAction\":[{\"@type\":\"ReadAction\",\"target\":[\"https:\/\/soty.ee\/toode\/sothys-satin-hydra-4ha-kreem\/\"]}]},{\"@type\":\"BreadcrumbList\",\"@id\":\"https:\/\/soty.ee\/toode\/sothys-satin-hydra-4ha-kreem\/#breadcrumb\",\"itemListElement\":[{\"@type\":\"ListItem\",\"position\":1,\"name\":\"\u0413\u043b\u0430\u0432\u043d\u0430\u044f \u0441\u0442\u0440\u0430\u043d\u0438\u0446\u0430\",\"item\":\"https:\/\/soty.ee\/en\/\"},{\"@type\":\"ListItem\",\"position\":2,\"name\":\"Pood\",\"item\":\"https:\/\/soty.ee\/pood\/\"},{\"@type\":\"ListItem\",\"position\":3,\"name\":\"Sothys Satin Hydra 4Ha kreem\"}]},{\"@type\":\"WebSite\",\"@id\":\"https:\/\/soty.ee\/#website\",\"url\":\"https:\/\/soty.ee\/\",\"name\":\"SOTHYS Ilusalong Sothys Ilusalong | Privaatne, rahulik ilusalong Tallinnas, Maakri 36\",\"description\":\"SOTHYS Ilusalong\",\"publisher\":{\"@id\":\"https:\/\/soty.ee\/#organization\"},\"potentialAction\":[{\"@type\":\"SearchAction\",\"target\":{\"@type\":\"EntryPoint\",\"urlTemplate\":\"https:\/\/soty.ee\/?s={search_term_string}\"},\"query-input\":\"required name=search_term_string\"}],\"inLanguage\":\"en-US\"},{\"@type\":\"Organization\",\"@id\":\"https:\/\/soty.ee\/#organization\",\"name\":\"Sothys Ilusalong\",\"url\":\"https:\/\/soty.ee\/\",\"logo\":{\"@type\":\"ImageObject\",\"inLanguage\":\"en-US\",\"@id\":\"https:\/\/soty.ee\/#\/schema\/logo\/image\/\",\"url\":\"https:\/\/soty.ee\/wp-content\/uploads\/2019\/01\/sothys_logo_deesse.png\",\"contentUrl\":\"https:\/\/soty.ee\/wp-content\/uploads\/2019\/01\/sothys_logo_deesse.png\",\"width\":2178,\"height\":567,\"caption\":\"Sothys Ilusalong\"},\"image\":{\"@id\":\"https:\/\/soty.ee\/#\/schema\/logo\/image\/\"},\"sameAs\":[\"https:\/\/www.facebook.com\/SothysIlusalong\/\",\"https:\/\/www.instagram.com\/explore\/locations\/411123213\/sothys-ilusalong\/\"]}]}<\/script>\n<!-- \/ Yoast SEO plugin. -->","yoast_head_json":{"title":"Sothys Satin Hydra 4Ha kreem | SOTHYS Ilusalong","robots":{"index":"index","follow":"follow","max-snippet":"max-snippet:-1","max-image-preview":"max-image-preview:large","max-video-preview":"max-video-preview:-1"},"canonical":"https:\/\/soty.ee\/toode\/sothys-satin-hydra-4ha-kreem\/","og_locale":"en_US","og_type":"article","og_title":"Sothys Satin Hydra 4Ha kreem | SOTHYS Ilusalong","og_description":"SOTHYS LOOB 4* V\u00d5IMSALT NIISUTAVA TOOTE Igap\u00e4evane niisutav reaktsioon naha kaitsmiseks. See niisutav kreem \u00fchendab endas 2 patenteeritud Sothysi toimeainet (looduslikud pihlakapeptiidid ja p\u00e4ssiku ekstrakt) k\u00f5rge molekulmassiga h\u00fcaluroonhappega, pakkudes kahekordset kaitse- ja ravitoimet. Loodud kui niiskuse kadumist ennetav kaitsekiht, eesm\u00e4rgiga nahka kohe t\u00e4ita ja taaselustada selle veem\u00e4lu.  Nahk on pehme, sile, n\u00e4htavalt t\u00e4idetud ja p\u00fcsivalt kaitstud. Orgaanilised pihlakamarja peptiidid. Eksklusiivne ja patenteeritud aktiivaine Sothys'i T\u00e4iustatud Uurimiskeskusest. Pinnapealne toime tagab kohese niisutuse. Rakuvaheline toime taaselustab veem\u00e4lu.","og_url":"https:\/\/soty.ee\/toode\/sothys-satin-hydra-4ha-kreem\/","og_site_name":"SOTHYS Ilusalong","article_publisher":"https:\/\/www.facebook.com\/SothysIlusalong\/","article_modified_time":"2025-01-21T13:10:51+00:00","og_image":[{"width":1200,"height":1200,"url":"https:\/\/soty.ee\/wp-content\/uploads\/2023\/06\/15.webp","type":"image\/webp"}],"twitter_card":"summary_large_image","twitter_misc":{"Est. reading time":"1 minute"},"schema":{"@context":"https:\/\/schema.org","@graph":[{"@type":"WebPage","@id":"https:\/\/soty.ee\/toode\/sothys-satin-hydra-4ha-kreem\/","url":"https:\/\/soty.ee\/toode\/sothys-satin-hydra-4ha-kreem\/","name":"Sothys Satin Hydra 4Ha kreem | SOTHYS Ilusalong","isPartOf":{"@id":"https:\/\/soty.ee\/#website"},"datePublished":"2023-06-10T12:49:29+00:00","dateModified":"2025-01-21T13:10:51+00:00","breadcrumb":{"@id":"https:\/\/soty.ee\/toode\/sothys-satin-hydra-4ha-kreem\/#breadcrumb"},"inLanguage":"en-US","potentialAction":[{"@type":"ReadAction","target":["https:\/\/soty.ee\/toode\/sothys-satin-hydra-4ha-kreem\/"]}]},{"@type":"BreadcrumbList","@id":"https:\/\/soty.ee\/toode\/sothys-satin-hydra-4ha-kreem\/#breadcrumb","itemListElement":[{"@type":"ListItem","position":1,"name":"\u0413\u043b\u0430\u0432\u043d\u0430\u044f \u0441\u0442\u0440\u0430\u043d\u0438\u0446\u0430","item":"https:\/\/soty.ee\/en\/"},{"@type":"ListItem","position":2,"name":"Pood","item":"https:\/\/soty.ee\/pood\/"},{"@type":"ListItem","position":3,"name":"Sothys Satin Hydra 4Ha kreem"}]},{"@type":"WebSite","@id":"https:\/\/soty.ee\/#website","url":"https:\/\/soty.ee\/","name":"SOTHYS Ilusalong Sothys Ilusalong | Privaatne, rahulik ilusalong Tallinnas, Maakri 36","description":"SOTHYS Ilusalong","publisher":{"@id":"https:\/\/soty.ee\/#organization"},"potentialAction":[{"@type":"SearchAction","target":{"@type":"EntryPoint","urlTemplate":"https:\/\/soty.ee\/?s={search_term_string}"},"query-input":"required name=search_term_string"}],"inLanguage":"en-US"},{"@type":"Organization","@id":"https:\/\/soty.ee\/#organization","name":"Sothys Ilusalong","url":"https:\/\/soty.ee\/","logo":{"@type":"ImageObject","inLanguage":"en-US","@id":"https:\/\/soty.ee\/#\/schema\/logo\/image\/","url":"https:\/\/soty.ee\/wp-content\/uploads\/2019\/01\/sothys_logo_deesse.png","contentUrl":"https:\/\/soty.ee\/wp-content\/uploads\/2019\/01\/sothys_logo_deesse.png","width":2178,"height":567,"caption":"Sothys Ilusalong"},"image":{"@id":"https:\/\/soty.ee\/#\/schema\/logo\/image\/"},"sameAs":["https:\/\/www.facebook.com\/SothysIlusalong\/","https:\/\/www.instagram.com\/explore\/locations\/411123213\/sothys-ilusalong\/"]}]}},"_links":{"self":[{"href":"https:\/\/soty.ee\/en\/wp-json\/wp\/v2\/product\/2922"}],"collection":[{"href":"https:\/\/soty.ee\/en\/wp-json\/wp\/v2\/product"}],"about":[{"href":"https:\/\/soty.ee\/en\/wp-json\/wp\/v2\/types\/product"}],"replies":[{"embeddable":true,"href":"https:\/\/soty.ee\/en\/wp-json\/wp\/v2\/comments?post=2922"}],"wp:featuredmedia":[{"embeddable":true,"href":"https:\/\/soty.ee\/en\/wp-json\/wp\/v2\/media\/3042"}],"wp:attachment":[{"href":"https:\/\/soty.ee\/en\/wp-json\/wp\/v2\/media?parent=2922"}],"wp:term":[{"taxonomy":"product_cat","embeddable":true,"href":"https:\/\/soty.ee\/en\/wp-json\/wp\/v2\/product_cat?post=2922"},{"taxonomy":"product_tag","embeddable":true,"href":"https:\/\/soty.ee\/en\/wp-json\/wp\/v2\/product_tag?post=2922"}],"curies":[{"name":"wp","href":"https:\/\/api.w.org\/{rel}","templated":true}]}}