{"id":2910,"date":"2023-06-10T12:26:38","date_gmt":"2023-06-10T12:26:38","guid":{"rendered":"https:\/\/soty.ee\/?post_type=product&#038;p=2910"},"modified":"2025-01-21T13:11:49","modified_gmt":"2025-01-21T13:11:49","slug":"sothys-hydra-matt-fluid","status":"publish","type":"product","link":"https:\/\/soty.ee\/en\/toode\/sothys-hydra-matt-fluid\/","title":{"rendered":"Sothys Hydra-matt fluid"},"content":{"rendered":"<p>&#8220;IMAVAD PUUDRID Mattifitseerivad nahka.<\/p>\n<p>BIOTEHNOLOOGILINE KOMPLEKS Reguleerib liigset rasueritust (p\u00e4rmiekstrakt, provitamiin B5, vitamiinid B6, B3 ja E).<\/p>\n<p>See \u00e4\u00e4rmiselt pehme vedelik niisutab ja kaitseb nahka, luues p\u00fcsiva mati jumet. Mitte\u00f5lise koostisega, kiirelt imenduv nahka, see ahendab poore ning j\u00e4tab naha mati ja tervena. P\u00e4evast p\u00e4eva taastub naha tasakaal ja pehmus.<\/p>\n","protected":false},"excerpt":{"rendered":"<div id=\"description\" class=\"tab-pane active st_open \" role=\"tabpanel\">\n<div class=\"tab-pane-body\">\n<div class=\"product-description\">\n<div class=\"product_description_container style_content truncate_block st_showless_block_0 truncate_cate_desc_0\">\n<div class=\"st_read_more_box\">\n<p style=\"text-align: left;\" align=\"center\">Eriti \u00f5rn fluid niisutab ja kaitseb nahka ja annab mati jume pikaks ajaks. P\u00e4ev-p\u00e4eva j\u00e4rel saavutab nahk tasakaalu ja pehmuse. Kanda hommikuti ja\/v\u00f5i\u00a0\u00f5htuti eelnevalt puhastatud nahale.<\/p>\n<\/div>\n<\/div>\n<\/div>\n<\/div>\n<\/div>\n<div id=\"product-details\" class=\"tab-pane \" style=\"box-sizing: inherit; display: block; border: none; padding: 0px; color: #777777; font-family: Arial, Helvetica, sans-serif; font-size: 12px; font-style: normal; font-variant-ligatures: normal; font-variant-caps: normal; font-weight: 400; letter-spacing: normal; orphans: 2; text-align: start; text-indent: 0px; text-transform: none; widows: 2; word-spacing: 0px; -webkit-text-stroke-width: 0px; white-space: normal; background-color: #ffffff; text-decoration-thickness: initial; text-decoration-style: initial; text-decoration-color: initial;\" role=\"tabpanel\" data-product=\"{&quot;id_shop_default&quot;:&quot;1&quot;,&quot;id_manufacturer&quot;:&quot;3&quot;,&quot;id_supplier&quot;:&quot;0&quot;,&quot;reference&quot;:&quot;7154231&quot;,&quot;is_virtual&quot;:&quot;0&quot;,&quot;delivery_in_stock&quot;:&quot;&quot;,&quot;delivery_out_stock&quot;:&quot;&quot;,&quot;id_category_default&quot;:&quot;147&quot;,&quot;on_sale&quot;:&quot;0&quot;,&quot;online_only&quot;:&quot;0&quot;,&quot;ecotax&quot;:0,&quot;minimal_quantity&quot;:&quot;1&quot;,&quot;low_stock_threshold&quot;:null,&quot;low_stock_alert&quot;:&quot;0&quot;,&quot;price&quot;:&quot;42,30\\u00a0\\u20ac&quot;,&quot;unity&quot;:&quot;&quot;,&quot;unit_price_ratio&quot;:&quot;0.000000&quot;,&quot;additional_shipping_cost&quot;:&quot;0.000000&quot;,&quot;customizable&quot;:&quot;0&quot;,&quot;text_fields&quot;:&quot;0&quot;,&quot;uploadable_files&quot;:&quot;0&quot;,&quot;redirect_type&quot;:&quot;404&quot;,&quot;id_type_redirected&quot;:&quot;0&quot;,&quot;available_for_order&quot;:&quot;1&quot;,&quot;available_date&quot;:&quot;0000-00-00&quot;,&quot;show_condition&quot;:&quot;1&quot;,&quot;condition&quot;:&quot;new&quot;,&quot;show_price&quot;:&quot;1&quot;,&quot;indexed&quot;:&quot;1&quot;,&quot;visibility&quot;:&quot;both&quot;,&quot;cache_default_attribute&quot;:&quot;0&quot;,&quot;advanced_stock_management&quot;:&quot;0&quot;,&quot;date_add&quot;:&quot;2015-05-28 13:57:52&quot;,&quot;date_upd&quot;:&quot;2023-04-20 12:59:20&quot;,&quot;pack_stock_type&quot;:&quot;3&quot;,&quot;meta_description&quot;:&quot;&quot;,&quot;meta_keywords&quot;:&quot;&quot;,&quot;meta_title&quot;:&quot;&quot;,&quot;link_rewrite&quot;:&quot;sothys-hydra-matt-fluid&quot;,&quot;name&quot;:&quot;Sothys Hydra-matt fluid 50 ml&quot;,&quot;description&quot;:&quot;&lt;p style=\\&quot;text-align:left;\\&quot; align=\\&quot;center\\&quot;&gt;&lt;span style=\\&quot;font-size:12pt;font-family:georgia, palatino;color:#888888;\\&quot;&gt;Eriti \\u00f5rn fluid niisutab ja kaitseb nahka\\u00a0ja annab mati jume pikaks ajaks. P\\u00e4ev-p\\u00e4eva j\\u00e4rel saavutab nahk tasakaalu ja pehmuse. &lt;\\\/span&gt;&lt;\\\/p&gt;\\n&lt;p align=\\&quot;center\\&quot;&gt;\\u00a0&lt;\\\/p&gt;\\n&lt;p style=\\&quot;text-align:left;\\&quot; align=\\&quot;center\\&quot;&gt;&lt;span style=\\&quot;font-size:12pt;font-family:georgia, palatino;color:#888888;\\&quot;&gt;Kanda hommikuti ja\\\/v\\u00f5i\\u00a0\\u00f5htuti eelnevalt puhastatud nahale.&lt;\\\/span&gt;&lt;\\\/p&gt;&quot;,&quot;description_short&quot;:&quot;&lt;p&gt;Matistav fluid&lt;\\\/p&gt;&quot;,&quot;available_now&quot;:&quot;&quot;,&quot;available_later&quot;:&quot;&quot;,&quot;id&quot;:249,&quot;id_product&quot;:249,&quot;out_of_stock&quot;:2,&quot;new&quot;:0,&quot;id_product_attribute&quot;:&quot;0&quot;,&quot;quantity_wanted&quot;:1,&quot;extraContent&quot;:[{&quot;title&quot;:null,&quot;content&quot;:false,&quot;attr&quot;:{&quot;id&quot;:&quot;&quot;,&quot;class&quot;:&quot;&quot;},&quot;moduleName&quot;:&quot;ststickers&quot;}],&quot;allow_oosp&quot;:1,&quot;category&quot;:&quot;kreemid&quot;,&quot;category_name&quot;:&quot;KREEMID&quot;,&quot;link&quot;:&quot;https:\\\/\\\/beautystore.ee\\\/et\\\/kreemid\\\/249-sothys-hydra-matt-fluid.html&quot;,&quot;attribute_price&quot;:0,&quot;price_tax_exc&quot;:35.25,&quot;price_without_reduction&quot;:42.3,&quot;reduction&quot;:0,&quot;specific_prices&quot;:[],&quot;quantity&quot;:-24,&quot;quantity_all_versions&quot;:-24,&quot;id_image&quot;:&quot;et-default&quot;,&quot;features&quot;:[],&quot;attachments&quot;:[],&quot;virtual&quot;:0,&quot;pack&quot;:0,&quot;packItems&quot;:[],&quot;nopackprice&quot;:0,&quot;customization_required&quot;:false,&quot;rate&quot;:20,&quot;tax_name&quot;:&quot;km EE 20%&quot;,&quot;ecotax_rate&quot;:0,&quot;unit_price&quot;:&quot;&quot;,&quot;customizations&quot;:{&quot;fields&quot;:[]},&quot;id_customization&quot;:0,&quot;is_customizable&quot;:false,&quot;show_quantities&quot;:false,&quot;quantity_label&quot;:&quot;\\u00dchik&quot;,&quot;quantity_discounts&quot;:[],&quot;customer_group_discount&quot;:0,&quot;images&quot;:[{&quot;bySize&quot;:{&quot;cart_default&quot;:{&quot;url&quot;:&quot;https:\\\/\\\/beautystore.ee\\\/1861-cart_default\\\/sothys-hydra-matt-fluid.jpg&quot;,&quot;width&quot;:110,&quot;height&quot;:110},&quot;small_default&quot;:{&quot;url&quot;:&quot;https:\\\/\\\/beautystore.ee\\\/1861-small_default\\\/sothys-hydra-matt-fluid.jpg&quot;,&quot;width&quot;:105,&quot;height&quot;:120},&quot;cart_default_2x&quot;:{&quot;url&quot;:&quot;https:\\\/\\\/beautystore.ee\\\/1861-cart_default_2x\\\/sothys-hydra-matt-fluid.jpg&quot;,&quot;width&quot;:140,&quot;height&quot;:160},&quot;small_default_2x&quot;:{&quot;url&quot;:&quot;https:\\\/\\\/beautystore.ee\\\/1861-small_default_2x\\\/sothys-hydra-matt-fluid.jpg&quot;,&quot;width&quot;:210,&quot;height&quot;:240},&quot;home_default&quot;:{&quot;url&quot;:&quot;https:\\\/\\\/beautystore.ee\\\/1861-home_default\\\/sothys-hydra-matt-fluid.jpg&quot;,&quot;width&quot;:240,&quot;height&quot;:260},&quot;medium_default&quot;:{&quot;url&quot;:&quot;https:\\\/\\\/beautystore.ee\\\/1861-medium_default\\\/sothys-hydra-matt-fluid.jpg&quot;,&quot;width&quot;:370,&quot;height&quot;:423},&quot;home_default_2x&quot;:{&quot;url&quot;:&quot;https:\\\/\\\/beautystore.ee\\\/1861-home_default_2x\\\/sothys-hydra-matt-fluid.jpg&quot;,&quot;width&quot;:560,&quot;height&quot;:640},&quot;large_default&quot;:{&quot;url&quot;:&quot;https:\\\/\\\/beautystore.ee\\\/1861-large_default\\\/sothys-hydra-matt-fluid.jpg&quot;,&quot;width&quot;:700,&quot;height&quot;:800},&quot;medium_default_2x&quot;:{&quot;url&quot;:&quot;https:\\\/\\\/beautystore.ee\\\/1861-medium_default_2x\\\/sothys-hydra-matt-fluid.jpg&quot;,&quot;width&quot;:740,&quot;height&quot;:846},&quot;large_default_2x&quot;:{&quot;url&quot;:&quot;https:\\\/\\\/beautystore.ee\\\/1861-large_default_2x\\\/sothys-hydra-matt-fluid.jpg&quot;,&quot;width&quot;:1200,&quot;height&quot;:1372},&quot;superlarge_default&quot;:{&quot;url&quot;:&quot;https:\\\/\\\/beautystore.ee\\\/1861-superlarge_default\\\/sothys-hydra-matt-fluid.jpg&quot;,&quot;width&quot;:1200,&quot;height&quot;:1372},&quot;superlarge_default_2x&quot;:{&quot;url&quot;:&quot;https:\\\/\\\/beautystore.ee\\\/1861-superlarge_default_2x\\\/sothys-hydra-matt-fluid.jpg&quot;,&quot;width&quot;:1200,&quot;height&quot;:1372}},&quot;small&quot;:{&quot;url&quot;:&quot;https:\\\/\\\/beautystore.ee\\\/1861-cart_default\\\/sothys-hydra-matt-fluid.jpg&quot;,&quot;width&quot;:110,&quot;height&quot;:110},&quot;medium&quot;:{&quot;url&quot;:&quot;https:\\\/\\\/beautystore.ee\\\/1861-home_default_2x\\\/sothys-hydra-matt-fluid.jpg&quot;,&quot;width&quot;:560,&quot;height&quot;:640},&quot;large&quot;:{&quot;url&quot;:&quot;https:\\\/\\\/beautystore.ee\\\/1861-superlarge_default_2x\\\/sothys-hydra-matt-fluid.jpg&quot;,&quot;width&quot;:1200,&quot;height&quot;:1372},&quot;legend&quot;:&quot;&quot;,&quot;id_image&quot;:&quot;1861&quot;,&quot;cover&quot;:&quot;1&quot;,&quot;position&quot;:&quot;1&quot;,&quot;associatedVariants&quot;:[]},{&quot;bySize&quot;:{&quot;cart_default&quot;:{&quot;url&quot;:&quot;https:\\\/\\\/beautystore.ee\\\/1862-cart_default\\\/sothys-hydra-matt-fluid.jpg&quot;,&quot;width&quot;:110,&quot;height&quot;:110},&quot;small_default&quot;:{&quot;url&quot;:&quot;https:\\\/\\\/beautystore.ee\\\/1862-small_default\\\/sothys-hydra-matt-fluid.jpg&quot;,&quot;width&quot;:105,&quot;height&quot;:120},&quot;cart_default_2x&quot;:{&quot;url&quot;:&quot;https:\\\/\\\/beautystore.ee\\\/1862-cart_default_2x\\\/sothys-hydra-matt-fluid.jpg&quot;,&quot;width&quot;:140,&quot;height&quot;:160},&quot;small_default_2x&quot;:{&quot;url&quot;:&quot;https:\\\/\\\/beautystore.ee\\\/1862-small_default_2x\\\/sothys-hydra-matt-fluid.jpg&quot;,&quot;width&quot;:210,&quot;height&quot;:240},&quot;home_default&quot;:{&quot;url&quot;:&quot;https:\\\/\\\/beautystore.ee\\\/1862-home_default\\\/sothys-hydra-matt-fluid.jpg&quot;,&quot;width&quot;:240,&quot;height&quot;:260},&quot;medium_default&quot;:{&quot;url&quot;:&quot;https:\\\/\\\/beautystore.ee\\\/1862-medium_default\\\/sothys-hydra-matt-fluid.jpg&quot;,&quot;width&quot;:370,&quot;height&quot;:423},&quot;home_default_2x&quot;:{&quot;url&quot;:&quot;https:\\\/\\\/beautystore.ee\\\/1862-home_default_2x\\\/sothys-hydra-matt-fluid.jpg&quot;,&quot;width&quot;:560,&quot;height&quot;:640},&quot;large_default&quot;:{&quot;url&quot;:&quot;https:\\\/\\\/beautystore.ee\\\/1862-large_default\\\/sothys-hydra-matt-fluid.jpg&quot;,&quot;width&quot;:700,&quot;height&quot;:800},&quot;medium_default_2x&quot;:{&quot;url&quot;:&quot;https:\\\/\\\/beautystore.ee\\\/1862-medium_default_2x\\\/sothys-hydra-matt-fluid.jpg&quot;,&quot;width&quot;:740,&quot;height&quot;:846},&quot;large_default_2x&quot;:{&quot;url&quot;:&quot;https:\\\/\\\/beautystore.ee\\\/1862-large_default_2x\\\/sothys-hydra-matt-fluid.jpg&quot;,&quot;width&quot;:1200,&quot;height&quot;:1372},&quot;superlarge_default&quot;:{&quot;url&quot;:&quot;https:\\\/\\\/beautystore.ee\\\/1862-superlarge_default\\\/sothys-hydra-matt-fluid.jpg&quot;,&quot;width&quot;:1200,&quot;height&quot;:1372},&quot;superlarge_default_2x&quot;:{&quot;url&quot;:&quot;https:\\\/\\\/beautystore.ee\\\/1862-superlarge_default_2x\\\/sothys-hydra-matt-fluid.jpg&quot;,&quot;width&quot;:1200,&quot;height&quot;:1372}},&quot;small&quot;:{&quot;url&quot;:&quot;https:\\\/\\\/beautystore.ee\\\/1862-cart_default\\\/sothys-hydra-matt-fluid.jpg&quot;,&quot;width&quot;:110,&quot;height&quot;:110},&quot;medium&quot;:{&quot;url&quot;:&quot;https:\\\/\\\/beautystore.ee\\\/1862-home_default_2x\\\/sothys-hydra-matt-fluid.jpg&quot;,&quot;width&quot;:560,&quot;height&quot;:640},&quot;large&quot;:{&quot;url&quot;:&quot;https:\\\/\\\/beautystore.ee\\\/1862-superlarge_default_2x\\\/sothys-hydra-matt-fluid.jpg&quot;,&quot;width&quot;:1200,&quot;height&quot;:1372},&quot;legend&quot;:&quot;&quot;,&quot;id_image&quot;:&quot;1862&quot;,&quot;cover&quot;:null,&quot;position&quot;:&quot;2&quot;,&quot;associatedVariants&quot;:[]}],&quot;cover&quot;:{&quot;bySize&quot;:{&quot;cart_default&quot;:{&quot;url&quot;:&quot;https:\\\/\\\/beautystore.ee\\\/1861-cart_default\\\/sothys-hydra-matt-fluid.jpg&quot;,&quot;width&quot;:110,&quot;height&quot;:110},&quot;small_default&quot;:{&quot;url&quot;:&quot;https:\\\/\\\/beautystore.ee\\\/1861-small_default\\\/sothys-hydra-matt-fluid.jpg&quot;,&quot;width&quot;:105,&quot;height&quot;:120},&quot;cart_default_2x&quot;:{&quot;url&quot;:&quot;https:\\\/\\\/beautystore.ee\\\/1861-cart_default_2x\\\/sothys-hydra-matt-fluid.jpg&quot;,&quot;width&quot;:140,&quot;height&quot;:160},&quot;small_default_2x&quot;:{&quot;url&quot;:&quot;https:\\\/\\\/beautystore.ee\\\/1861-small_default_2x\\\/sothys-hydra-matt-fluid.jpg&quot;,&quot;width&quot;:210,&quot;height&quot;:240},&quot;home_default&quot;:{&quot;url&quot;:&quot;https:\\\/\\\/beautystore.ee\\\/1861-home_default\\\/sothys-hydra-matt-fluid.jpg&quot;,&quot;width&quot;:240,&quot;height&quot;:260},&quot;medium_default&quot;:{&quot;url&quot;:&quot;https:\\\/\\\/beautystore.ee\\\/1861-medium_default\\\/sothys-hydra-matt-fluid.jpg&quot;,&quot;width&quot;:370,&quot;height&quot;:423},&quot;home_default_2x&quot;:{&quot;url&quot;:&quot;https:\\\/\\\/beautystore.ee\\\/1861-home_default_2x\\\/sothys-hydra-matt-fluid.jpg&quot;,&quot;width&quot;:560,&quot;height&quot;:640},&quot;large_default&quot;:{&quot;url&quot;:&quot;https:\\\/\\\/beautystore.ee\\\/1861-large_default\\\/sothys-hydra-matt-fluid.jpg&quot;,&quot;width&quot;:700,&quot;height&quot;:800},&quot;medium_default_2x&quot;:{&quot;url&quot;:&quot;https:\\\/\\\/beautystore.ee\\\/1861-medium_default_2x\\\/sothys-hydra-matt-fluid.jpg&quot;,&quot;width&quot;:740,&quot;height&quot;:846},&quot;large_default_2x&quot;:{&quot;url&quot;:&quot;https:\\\/\\\/beautystore.ee\\\/1861-large_default_2x\\\/sothys-hydra-matt-fluid.jpg&quot;,&quot;width&quot;:1200,&quot;height&quot;:1372},&quot;superlarge_default&quot;:{&quot;url&quot;:&quot;https:\\\/\\\/beautystore.ee\\\/1861-superlarge_default\\\/sothys-hydra-matt-fluid.jpg&quot;,&quot;width&quot;:1200,&quot;height&quot;:1372},&quot;superlarge_default_2x&quot;:{&quot;url&quot;:&quot;https:\\\/\\\/beautystore.ee\\\/1861-superlarge_default_2x\\\/sothys-hydra-matt-fluid.jpg&quot;,&quot;width&quot;:1200,&quot;height&quot;:1372}},&quot;small&quot;:{&quot;url&quot;:&quot;https:\\\/\\\/beautystore.ee\\\/1861-cart_default\\\/sothys-hydra-matt-fluid.jpg&quot;,&quot;width&quot;:110,&quot;height&quot;:110},&quot;medium&quot;:{&quot;url&quot;:&quot;https:\\\/\\\/beautystore.ee\\\/1861-home_default_2x\\\/sothys-hydra-matt-fluid.jpg&quot;,&quot;width&quot;:560,&quot;height&quot;:640},&quot;large&quot;:{&quot;url&quot;:&quot;https:\\\/\\\/beautystore.ee\\\/1861-superlarge_default_2x\\\/sothys-hydra-matt-fluid.jpg&quot;,&quot;width&quot;:1200,&quot;height&quot;:1372},&quot;legend&quot;:&quot;&quot;,&quot;id_image&quot;:&quot;1861&quot;,&quot;cover&quot;:&quot;1&quot;,&quot;position&quot;:&quot;1&quot;,&quot;associatedVariants&quot;:[]},&quot;has_discount&quot;:false,&quot;discount_type&quot;:null,&quot;discount_percentage&quot;:null,&quot;discount_percentage_absolute&quot;:null,&quot;discount_amount&quot;:null,&quot;discount_amount_to_display&quot;:null,&quot;price_amount&quot;:42.3,&quot;unit_price_full&quot;:&quot;&quot;,&quot;show_availability&quot;:true,&quot;availability_message&quot;:&quot;&quot;,&quot;availability_date&quot;:null,&quot;availability&quot;:&quot;available&quot;}\">\n<div class=\"mobile_tab_title\" style=\"text-align: left;\"><\/div>\n<\/div>\n","protected":false},"featured_media":3054,"comment_status":"open","ping_status":"closed","template":"","meta":{"_et_pb_use_builder":"","_et_pb_old_content":"","_et_gb_content_width":""},"product_cat":[52],"product_tag":[],"yoast_head":"<!-- This site is optimized with the Yoast SEO plugin v21.8 - https:\/\/yoast.com\/wordpress\/plugins\/seo\/ -->\n<title>Sothys Hydra-matt fluid | SOTHYS Ilusalong<\/title>\n<meta name=\"robots\" content=\"index, follow, max-snippet:-1, max-image-preview:large, max-video-preview:-1\" \/>\n<link rel=\"canonical\" href=\"https:\/\/soty.ee\/toode\/sothys-hydra-matt-fluid\/\" \/>\n<meta property=\"og:locale\" content=\"en_US\" \/>\n<meta property=\"og:type\" content=\"article\" \/>\n<meta property=\"og:title\" content=\"Sothys Hydra-matt fluid | SOTHYS Ilusalong\" \/>\n<meta property=\"og:description\" content=\"Eriti \u00f5rn fluid niisutab ja kaitseb nahka ja annab mati jume pikaks ajaks. P\u00e4ev-p\u00e4eva j\u00e4rel saavutab nahk tasakaalu ja pehmuse. Kanda hommikuti ja\/v\u00f5i\u00a0\u00f5htuti eelnevalt puhastatud nahale.\" \/>\n<meta property=\"og:url\" content=\"https:\/\/soty.ee\/toode\/sothys-hydra-matt-fluid\/\" \/>\n<meta property=\"og:site_name\" content=\"SOTHYS Ilusalong\" \/>\n<meta property=\"article:publisher\" content=\"https:\/\/www.facebook.com\/SothysIlusalong\/\" \/>\n<meta property=\"article:modified_time\" content=\"2025-01-21T13:11:49+00:00\" \/>\n<meta property=\"og:image\" content=\"https:\/\/soty.ee\/wp-content\/uploads\/2023\/06\/4.webp\" \/>\n\t<meta property=\"og:image:width\" content=\"1200\" \/>\n\t<meta property=\"og:image:height\" content=\"1200\" \/>\n\t<meta property=\"og:image:type\" content=\"image\/webp\" \/>\n<meta name=\"twitter:card\" content=\"summary_large_image\" \/>\n<meta name=\"twitter:label1\" content=\"Est. reading time\" \/>\n\t<meta name=\"twitter:data1\" content=\"1 minute\" \/>\n<script type=\"application\/ld+json\" class=\"yoast-schema-graph\">{\"@context\":\"https:\/\/schema.org\",\"@graph\":[{\"@type\":\"WebPage\",\"@id\":\"https:\/\/soty.ee\/toode\/sothys-hydra-matt-fluid\/\",\"url\":\"https:\/\/soty.ee\/toode\/sothys-hydra-matt-fluid\/\",\"name\":\"Sothys Hydra-matt fluid | SOTHYS Ilusalong\",\"isPartOf\":{\"@id\":\"https:\/\/soty.ee\/#website\"},\"datePublished\":\"2023-06-10T12:26:38+00:00\",\"dateModified\":\"2025-01-21T13:11:49+00:00\",\"breadcrumb\":{\"@id\":\"https:\/\/soty.ee\/toode\/sothys-hydra-matt-fluid\/#breadcrumb\"},\"inLanguage\":\"en-US\",\"potentialAction\":[{\"@type\":\"ReadAction\",\"target\":[\"https:\/\/soty.ee\/toode\/sothys-hydra-matt-fluid\/\"]}]},{\"@type\":\"BreadcrumbList\",\"@id\":\"https:\/\/soty.ee\/toode\/sothys-hydra-matt-fluid\/#breadcrumb\",\"itemListElement\":[{\"@type\":\"ListItem\",\"position\":1,\"name\":\"\u0413\u043b\u0430\u0432\u043d\u0430\u044f \u0441\u0442\u0440\u0430\u043d\u0438\u0446\u0430\",\"item\":\"https:\/\/soty.ee\/en\/\"},{\"@type\":\"ListItem\",\"position\":2,\"name\":\"Pood\",\"item\":\"https:\/\/soty.ee\/pood\/\"},{\"@type\":\"ListItem\",\"position\":3,\"name\":\"Sothys Hydra-matt fluid\"}]},{\"@type\":\"WebSite\",\"@id\":\"https:\/\/soty.ee\/#website\",\"url\":\"https:\/\/soty.ee\/\",\"name\":\"SOTHYS Ilusalong Sothys Ilusalong | Privaatne, rahulik ilusalong Tallinnas, Maakri 36\",\"description\":\"SOTHYS Ilusalong\",\"publisher\":{\"@id\":\"https:\/\/soty.ee\/#organization\"},\"potentialAction\":[{\"@type\":\"SearchAction\",\"target\":{\"@type\":\"EntryPoint\",\"urlTemplate\":\"https:\/\/soty.ee\/?s={search_term_string}\"},\"query-input\":\"required name=search_term_string\"}],\"inLanguage\":\"en-US\"},{\"@type\":\"Organization\",\"@id\":\"https:\/\/soty.ee\/#organization\",\"name\":\"Sothys Ilusalong\",\"url\":\"https:\/\/soty.ee\/\",\"logo\":{\"@type\":\"ImageObject\",\"inLanguage\":\"en-US\",\"@id\":\"https:\/\/soty.ee\/#\/schema\/logo\/image\/\",\"url\":\"https:\/\/soty.ee\/wp-content\/uploads\/2019\/01\/sothys_logo_deesse.png\",\"contentUrl\":\"https:\/\/soty.ee\/wp-content\/uploads\/2019\/01\/sothys_logo_deesse.png\",\"width\":2178,\"height\":567,\"caption\":\"Sothys Ilusalong\"},\"image\":{\"@id\":\"https:\/\/soty.ee\/#\/schema\/logo\/image\/\"},\"sameAs\":[\"https:\/\/www.facebook.com\/SothysIlusalong\/\",\"https:\/\/www.instagram.com\/explore\/locations\/411123213\/sothys-ilusalong\/\"]}]}<\/script>\n<!-- \/ Yoast SEO plugin. -->","yoast_head_json":{"title":"Sothys Hydra-matt fluid | SOTHYS Ilusalong","robots":{"index":"index","follow":"follow","max-snippet":"max-snippet:-1","max-image-preview":"max-image-preview:large","max-video-preview":"max-video-preview:-1"},"canonical":"https:\/\/soty.ee\/toode\/sothys-hydra-matt-fluid\/","og_locale":"en_US","og_type":"article","og_title":"Sothys Hydra-matt fluid | SOTHYS Ilusalong","og_description":"Eriti \u00f5rn fluid niisutab ja kaitseb nahka ja annab mati jume pikaks ajaks. P\u00e4ev-p\u00e4eva j\u00e4rel saavutab nahk tasakaalu ja pehmuse. Kanda hommikuti ja\/v\u00f5i\u00a0\u00f5htuti eelnevalt puhastatud nahale.","og_url":"https:\/\/soty.ee\/toode\/sothys-hydra-matt-fluid\/","og_site_name":"SOTHYS Ilusalong","article_publisher":"https:\/\/www.facebook.com\/SothysIlusalong\/","article_modified_time":"2025-01-21T13:11:49+00:00","og_image":[{"width":1200,"height":1200,"url":"https:\/\/soty.ee\/wp-content\/uploads\/2023\/06\/4.webp","type":"image\/webp"}],"twitter_card":"summary_large_image","twitter_misc":{"Est. reading time":"1 minute"},"schema":{"@context":"https:\/\/schema.org","@graph":[{"@type":"WebPage","@id":"https:\/\/soty.ee\/toode\/sothys-hydra-matt-fluid\/","url":"https:\/\/soty.ee\/toode\/sothys-hydra-matt-fluid\/","name":"Sothys Hydra-matt fluid | SOTHYS Ilusalong","isPartOf":{"@id":"https:\/\/soty.ee\/#website"},"datePublished":"2023-06-10T12:26:38+00:00","dateModified":"2025-01-21T13:11:49+00:00","breadcrumb":{"@id":"https:\/\/soty.ee\/toode\/sothys-hydra-matt-fluid\/#breadcrumb"},"inLanguage":"en-US","potentialAction":[{"@type":"ReadAction","target":["https:\/\/soty.ee\/toode\/sothys-hydra-matt-fluid\/"]}]},{"@type":"BreadcrumbList","@id":"https:\/\/soty.ee\/toode\/sothys-hydra-matt-fluid\/#breadcrumb","itemListElement":[{"@type":"ListItem","position":1,"name":"\u0413\u043b\u0430\u0432\u043d\u0430\u044f \u0441\u0442\u0440\u0430\u043d\u0438\u0446\u0430","item":"https:\/\/soty.ee\/en\/"},{"@type":"ListItem","position":2,"name":"Pood","item":"https:\/\/soty.ee\/pood\/"},{"@type":"ListItem","position":3,"name":"Sothys Hydra-matt fluid"}]},{"@type":"WebSite","@id":"https:\/\/soty.ee\/#website","url":"https:\/\/soty.ee\/","name":"SOTHYS Ilusalong Sothys Ilusalong | Privaatne, rahulik ilusalong Tallinnas, Maakri 36","description":"SOTHYS Ilusalong","publisher":{"@id":"https:\/\/soty.ee\/#organization"},"potentialAction":[{"@type":"SearchAction","target":{"@type":"EntryPoint","urlTemplate":"https:\/\/soty.ee\/?s={search_term_string}"},"query-input":"required name=search_term_string"}],"inLanguage":"en-US"},{"@type":"Organization","@id":"https:\/\/soty.ee\/#organization","name":"Sothys Ilusalong","url":"https:\/\/soty.ee\/","logo":{"@type":"ImageObject","inLanguage":"en-US","@id":"https:\/\/soty.ee\/#\/schema\/logo\/image\/","url":"https:\/\/soty.ee\/wp-content\/uploads\/2019\/01\/sothys_logo_deesse.png","contentUrl":"https:\/\/soty.ee\/wp-content\/uploads\/2019\/01\/sothys_logo_deesse.png","width":2178,"height":567,"caption":"Sothys Ilusalong"},"image":{"@id":"https:\/\/soty.ee\/#\/schema\/logo\/image\/"},"sameAs":["https:\/\/www.facebook.com\/SothysIlusalong\/","https:\/\/www.instagram.com\/explore\/locations\/411123213\/sothys-ilusalong\/"]}]}},"_links":{"self":[{"href":"https:\/\/soty.ee\/en\/wp-json\/wp\/v2\/product\/2910"}],"collection":[{"href":"https:\/\/soty.ee\/en\/wp-json\/wp\/v2\/product"}],"about":[{"href":"https:\/\/soty.ee\/en\/wp-json\/wp\/v2\/types\/product"}],"replies":[{"embeddable":true,"href":"https:\/\/soty.ee\/en\/wp-json\/wp\/v2\/comments?post=2910"}],"wp:featuredmedia":[{"embeddable":true,"href":"https:\/\/soty.ee\/en\/wp-json\/wp\/v2\/media\/3054"}],"wp:attachment":[{"href":"https:\/\/soty.ee\/en\/wp-json\/wp\/v2\/media?parent=2910"}],"wp:term":[{"taxonomy":"product_cat","embeddable":true,"href":"https:\/\/soty.ee\/en\/wp-json\/wp\/v2\/product_cat?post=2910"},{"taxonomy":"product_tag","embeddable":true,"href":"https:\/\/soty.ee\/en\/wp-json\/wp\/v2\/product_tag?post=2910"}],"curies":[{"name":"wp","href":"https:\/\/api.w.org\/{rel}","templated":true}]}}