{"id":2888,"date":"2023-06-07T22:05:47","date_gmt":"2023-06-07T22:05:47","guid":{"rendered":"https:\/\/soty.ee\/?post_type=product&#038;p=2888"},"modified":"2025-12-21T16:11:56","modified_gmt":"2025-12-21T16:11:56","slug":"sothys-hydrating-intensive-serum","status":"publish","type":"product","link":"https:\/\/soty.ee\/en\/toode\/sothys-hydrating-intensive-serum\/","title":{"rendered":"Sothys Hydrating Intensive serum"},"content":{"rendered":"<p style=\"font-weight: 400;\">Ikooniline seerum \u00fchendab endas 4 h\u00fcaluroonhappe allikat ja 2 patenteeritud toimeainet\u00a0(orgaaniline pihlakamarja peptiidid ja Boletuse ekstrakt), mis tagab globaalse pikaajalise niisutava toime.\u00a0Regulaarsel kasutamisel s\u00e4ilitab silmn\u00e4htavalt naha nooruslikkuse, reaktiveerides naha uuenemise ja elastsuse.<\/p>\n<p style=\"font-weight: 400;\">Kanda hommikuti ja\/v\u00f5i \u00f5htuti enne kreemi puhtale nahale. Intensiivhooldusena kasutada regulaarselt.<\/p>\n","protected":false},"excerpt":{"rendered":"<p>Nahk on intensiivselt niisutatud ning selle elastsus ja nooruslik s\u00e4ra on taastunud.<\/p>\n<p>See Sothysi ikooniline seerum \u00fchendab oma uue p\u00f5lvkonna koostises 4 allikat h\u00fcaluroonhappega ning 2 Sothysi patenteeritud toimeainet, et pakkuda globaalset niisutavat toimet. Kavandatud toimima nagu nahaarhitekt, on see intensiivne seerum loodud t\u00f5stma niisutamise mehhanisme pikaajaliselt. Selle veekerge tekstuur, rikas liposoomides, sulab nahka hetkega.<\/p>\n<p>Selle uue intensiivse niisutava seerumi pikaajaline toime koos niisutavate noorusekreemide kohese toimega pakub nahale k\u00f5rge. j\u00f5udlusega niisutava vastuse.<\/p>\n","protected":false},"featured_media":3559,"comment_status":"open","ping_status":"closed","template":"","meta":{"_et_pb_use_builder":"","_et_pb_old_content":"","_et_gb_content_width":""},"product_cat":[52],"product_tag":[],"yoast_head":"<!-- This site is optimized with the Yoast SEO plugin v21.8 - https:\/\/yoast.com\/wordpress\/plugins\/seo\/ -->\n<title>Sothys Hydrating Intensive serum | SOTHYS Ilusalong<\/title>\n<meta name=\"robots\" content=\"index, follow, max-snippet:-1, max-image-preview:large, max-video-preview:-1\" \/>\n<link rel=\"canonical\" href=\"https:\/\/soty.ee\/toode\/sothys-hydrating-intensive-serum\/\" \/>\n<meta property=\"og:locale\" content=\"en_US\" \/>\n<meta property=\"og:type\" content=\"article\" \/>\n<meta property=\"og:title\" content=\"Sothys Hydrating Intensive serum | SOTHYS Ilusalong\" \/>\n<meta property=\"og:description\" content=\"Nahk on intensiivselt niisutatud ning selle elastsus ja nooruslik s\u00e4ra on taastunud.  See Sothysi ikooniline seerum \u00fchendab oma uue p\u00f5lvkonna koostises 4 allikat h\u00fcaluroonhappega ning 2 Sothysi patenteeritud toimeainet, et pakkuda globaalset niisutavat toimet. Kavandatud toimima nagu nahaarhitekt, on see intensiivne seerum loodud t\u00f5stma niisutamise mehhanisme pikaajaliselt. Selle veekerge tekstuur, rikas liposoomides, sulab nahka hetkega.  Selle uue intensiivse niisutava seerumi pikaajaline toime koos niisutavate noorusekreemide kohese toimega pakub nahale k\u00f5rge. j\u00f5udlusega niisutava vastuse.\" \/>\n<meta property=\"og:url\" content=\"https:\/\/soty.ee\/toode\/sothys-hydrating-intensive-serum\/\" \/>\n<meta property=\"og:site_name\" content=\"SOTHYS Ilusalong\" \/>\n<meta property=\"article:publisher\" content=\"https:\/\/www.facebook.com\/SothysIlusalong\/\" \/>\n<meta property=\"article:modified_time\" content=\"2025-12-21T16:11:56+00:00\" \/>\n<meta property=\"og:image\" content=\"https:\/\/soty.ee\/wp-content\/uploads\/2023\/06\/Sothys-product-page-1.webp\" \/>\n\t<meta property=\"og:image:width\" content=\"1200\" \/>\n\t<meta property=\"og:image:height\" content=\"1200\" \/>\n\t<meta property=\"og:image:type\" content=\"image\/webp\" \/>\n<meta name=\"twitter:card\" content=\"summary_large_image\" \/>\n<meta name=\"twitter:label1\" content=\"Est. reading time\" \/>\n\t<meta name=\"twitter:data1\" content=\"1 minute\" \/>\n<script type=\"application\/ld+json\" class=\"yoast-schema-graph\">{\"@context\":\"https:\/\/schema.org\",\"@graph\":[{\"@type\":\"WebPage\",\"@id\":\"https:\/\/soty.ee\/toode\/sothys-hydrating-intensive-serum\/\",\"url\":\"https:\/\/soty.ee\/toode\/sothys-hydrating-intensive-serum\/\",\"name\":\"Sothys Hydrating Intensive serum | SOTHYS Ilusalong\",\"isPartOf\":{\"@id\":\"https:\/\/soty.ee\/#website\"},\"datePublished\":\"2023-06-07T22:05:47+00:00\",\"dateModified\":\"2025-12-21T16:11:56+00:00\",\"breadcrumb\":{\"@id\":\"https:\/\/soty.ee\/toode\/sothys-hydrating-intensive-serum\/#breadcrumb\"},\"inLanguage\":\"en-US\",\"potentialAction\":[{\"@type\":\"ReadAction\",\"target\":[\"https:\/\/soty.ee\/toode\/sothys-hydrating-intensive-serum\/\"]}]},{\"@type\":\"BreadcrumbList\",\"@id\":\"https:\/\/soty.ee\/toode\/sothys-hydrating-intensive-serum\/#breadcrumb\",\"itemListElement\":[{\"@type\":\"ListItem\",\"position\":1,\"name\":\"\u0413\u043b\u0430\u0432\u043d\u0430\u044f \u0441\u0442\u0440\u0430\u043d\u0438\u0446\u0430\",\"item\":\"https:\/\/soty.ee\/en\/\"},{\"@type\":\"ListItem\",\"position\":2,\"name\":\"Pood\",\"item\":\"https:\/\/soty.ee\/pood\/\"},{\"@type\":\"ListItem\",\"position\":3,\"name\":\"Sothys Hydrating Intensive serum\"}]},{\"@type\":\"WebSite\",\"@id\":\"https:\/\/soty.ee\/#website\",\"url\":\"https:\/\/soty.ee\/\",\"name\":\"SOTHYS Ilusalong Sothys Ilusalong | Privaatne, rahulik ilusalong Tallinnas, Maakri 36\",\"description\":\"SOTHYS Ilusalong\",\"publisher\":{\"@id\":\"https:\/\/soty.ee\/#organization\"},\"potentialAction\":[{\"@type\":\"SearchAction\",\"target\":{\"@type\":\"EntryPoint\",\"urlTemplate\":\"https:\/\/soty.ee\/?s={search_term_string}\"},\"query-input\":\"required name=search_term_string\"}],\"inLanguage\":\"en-US\"},{\"@type\":\"Organization\",\"@id\":\"https:\/\/soty.ee\/#organization\",\"name\":\"Sothys Ilusalong\",\"url\":\"https:\/\/soty.ee\/\",\"logo\":{\"@type\":\"ImageObject\",\"inLanguage\":\"en-US\",\"@id\":\"https:\/\/soty.ee\/#\/schema\/logo\/image\/\",\"url\":\"https:\/\/soty.ee\/wp-content\/uploads\/2019\/01\/sothys_logo_deesse.png\",\"contentUrl\":\"https:\/\/soty.ee\/wp-content\/uploads\/2019\/01\/sothys_logo_deesse.png\",\"width\":2178,\"height\":567,\"caption\":\"Sothys Ilusalong\"},\"image\":{\"@id\":\"https:\/\/soty.ee\/#\/schema\/logo\/image\/\"},\"sameAs\":[\"https:\/\/www.facebook.com\/SothysIlusalong\/\",\"https:\/\/www.instagram.com\/explore\/locations\/411123213\/sothys-ilusalong\/\"]}]}<\/script>\n<!-- \/ Yoast SEO plugin. -->","yoast_head_json":{"title":"Sothys Hydrating Intensive serum | SOTHYS Ilusalong","robots":{"index":"index","follow":"follow","max-snippet":"max-snippet:-1","max-image-preview":"max-image-preview:large","max-video-preview":"max-video-preview:-1"},"canonical":"https:\/\/soty.ee\/toode\/sothys-hydrating-intensive-serum\/","og_locale":"en_US","og_type":"article","og_title":"Sothys Hydrating Intensive serum | SOTHYS Ilusalong","og_description":"Nahk on intensiivselt niisutatud ning selle elastsus ja nooruslik s\u00e4ra on taastunud.  See Sothysi ikooniline seerum \u00fchendab oma uue p\u00f5lvkonna koostises 4 allikat h\u00fcaluroonhappega ning 2 Sothysi patenteeritud toimeainet, et pakkuda globaalset niisutavat toimet. Kavandatud toimima nagu nahaarhitekt, on see intensiivne seerum loodud t\u00f5stma niisutamise mehhanisme pikaajaliselt. Selle veekerge tekstuur, rikas liposoomides, sulab nahka hetkega.  Selle uue intensiivse niisutava seerumi pikaajaline toime koos niisutavate noorusekreemide kohese toimega pakub nahale k\u00f5rge. j\u00f5udlusega niisutava vastuse.","og_url":"https:\/\/soty.ee\/toode\/sothys-hydrating-intensive-serum\/","og_site_name":"SOTHYS Ilusalong","article_publisher":"https:\/\/www.facebook.com\/SothysIlusalong\/","article_modified_time":"2025-12-21T16:11:56+00:00","og_image":[{"width":1200,"height":1200,"url":"https:\/\/soty.ee\/wp-content\/uploads\/2023\/06\/Sothys-product-page-1.webp","type":"image\/webp"}],"twitter_card":"summary_large_image","twitter_misc":{"Est. reading time":"1 minute"},"schema":{"@context":"https:\/\/schema.org","@graph":[{"@type":"WebPage","@id":"https:\/\/soty.ee\/toode\/sothys-hydrating-intensive-serum\/","url":"https:\/\/soty.ee\/toode\/sothys-hydrating-intensive-serum\/","name":"Sothys Hydrating Intensive serum | SOTHYS Ilusalong","isPartOf":{"@id":"https:\/\/soty.ee\/#website"},"datePublished":"2023-06-07T22:05:47+00:00","dateModified":"2025-12-21T16:11:56+00:00","breadcrumb":{"@id":"https:\/\/soty.ee\/toode\/sothys-hydrating-intensive-serum\/#breadcrumb"},"inLanguage":"en-US","potentialAction":[{"@type":"ReadAction","target":["https:\/\/soty.ee\/toode\/sothys-hydrating-intensive-serum\/"]}]},{"@type":"BreadcrumbList","@id":"https:\/\/soty.ee\/toode\/sothys-hydrating-intensive-serum\/#breadcrumb","itemListElement":[{"@type":"ListItem","position":1,"name":"\u0413\u043b\u0430\u0432\u043d\u0430\u044f \u0441\u0442\u0440\u0430\u043d\u0438\u0446\u0430","item":"https:\/\/soty.ee\/en\/"},{"@type":"ListItem","position":2,"name":"Pood","item":"https:\/\/soty.ee\/pood\/"},{"@type":"ListItem","position":3,"name":"Sothys Hydrating Intensive serum"}]},{"@type":"WebSite","@id":"https:\/\/soty.ee\/#website","url":"https:\/\/soty.ee\/","name":"SOTHYS Ilusalong Sothys Ilusalong | Privaatne, rahulik ilusalong Tallinnas, Maakri 36","description":"SOTHYS Ilusalong","publisher":{"@id":"https:\/\/soty.ee\/#organization"},"potentialAction":[{"@type":"SearchAction","target":{"@type":"EntryPoint","urlTemplate":"https:\/\/soty.ee\/?s={search_term_string}"},"query-input":"required name=search_term_string"}],"inLanguage":"en-US"},{"@type":"Organization","@id":"https:\/\/soty.ee\/#organization","name":"Sothys Ilusalong","url":"https:\/\/soty.ee\/","logo":{"@type":"ImageObject","inLanguage":"en-US","@id":"https:\/\/soty.ee\/#\/schema\/logo\/image\/","url":"https:\/\/soty.ee\/wp-content\/uploads\/2019\/01\/sothys_logo_deesse.png","contentUrl":"https:\/\/soty.ee\/wp-content\/uploads\/2019\/01\/sothys_logo_deesse.png","width":2178,"height":567,"caption":"Sothys Ilusalong"},"image":{"@id":"https:\/\/soty.ee\/#\/schema\/logo\/image\/"},"sameAs":["https:\/\/www.facebook.com\/SothysIlusalong\/","https:\/\/www.instagram.com\/explore\/locations\/411123213\/sothys-ilusalong\/"]}]}},"_links":{"self":[{"href":"https:\/\/soty.ee\/en\/wp-json\/wp\/v2\/product\/2888"}],"collection":[{"href":"https:\/\/soty.ee\/en\/wp-json\/wp\/v2\/product"}],"about":[{"href":"https:\/\/soty.ee\/en\/wp-json\/wp\/v2\/types\/product"}],"replies":[{"embeddable":true,"href":"https:\/\/soty.ee\/en\/wp-json\/wp\/v2\/comments?post=2888"}],"wp:featuredmedia":[{"embeddable":true,"href":"https:\/\/soty.ee\/en\/wp-json\/wp\/v2\/media\/3559"}],"wp:attachment":[{"href":"https:\/\/soty.ee\/en\/wp-json\/wp\/v2\/media?parent=2888"}],"wp:term":[{"taxonomy":"product_cat","embeddable":true,"href":"https:\/\/soty.ee\/en\/wp-json\/wp\/v2\/product_cat?post=2888"},{"taxonomy":"product_tag","embeddable":true,"href":"https:\/\/soty.ee\/en\/wp-json\/wp\/v2\/product_tag?post=2888"}],"curies":[{"name":"wp","href":"https:\/\/api.w.org\/{rel}","templated":true}]}}