{"id":2784,"date":"2023-06-05T13:24:54","date_gmt":"2023-06-05T13:24:54","guid":{"rendered":"https:\/\/soty.ee\/?post_type=product&#038;p=2784&#038;lang=et"},"modified":"2024-04-16T08:40:13","modified_gmt":"2024-04-16T08:40:13","slug":"ll-skin-led-naomask","status":"publish","type":"product","link":"https:\/\/soty.ee\/en\/toode\/ll-skin-led-naomask\/","title":{"rendered":"L&#038;L Skin &#8211; LED n\u00e4omask"},"content":{"rendered":"<p>Punase valguse re\u017eiim (lainepikkus 620 nm) \u2013 Edendab ja parandab vereringet, p\u00f5letikuvastane toime, v\u00e4hendab turset, leevendab valu, heledab pigmentatsiooni, sobib k\u00f5ikidele nahat\u00fc\u00fcpidele.<\/p>\n<p>Sinise valguse re\u017eiim (lainepikkus 460 nm) \u2013 P\u00e4rsib \u00f5lide sekretsiooni, tasakaalustab naha rasueritust, t\u00f5husalt steriliseerib, ravib aknet, sobib rasusele nahale ja aknele kalduvale nahale.<\/p>\n<p>Kollase valguse re\u017eiim (lainepikkus 590 nm) \u2013 Parandab tuhmust, heledab laike, v\u00e4hendab pigmentide teket ja suurendab naha s\u00e4ra.<\/p>\n<p>Segavalguse re\u017eiim \u2013 Kombineerib mitmesuguseid valguse vorme, steriliseerib, p\u00f5letikuvastane toime ja vananemisvastane toime, sobib k\u00f5ikidele nahat\u00fc\u00fcpidele.<\/p>\n","protected":false},"excerpt":{"rendered":"<p>L&amp;L Skin &#8211; LED n\u00e4omask &#8211; on ainulaadne seade, mis avaldab positiivset m\u00f5ju n\u00e4onahale erinevate lainepikkustega terapeutiliste LED-valguste abil: sinine, punane, kollane, segatud.<\/p>\n","protected":false},"featured_media":3768,"comment_status":"open","ping_status":"closed","template":"","meta":{"_et_pb_use_builder":"","_et_pb_old_content":"","_et_gb_content_width":""},"product_cat":[49],"product_tag":[90,101,102],"yoast_head":"<!-- This site is optimized with the Yoast SEO plugin v21.8 - https:\/\/yoast.com\/wordpress\/plugins\/seo\/ -->\n<title>L&amp;L Skin - LED n\u00e4omask | SOTHYS Ilusalong<\/title>\n<meta name=\"robots\" content=\"index, follow, max-snippet:-1, max-image-preview:large, max-video-preview:-1\" \/>\n<link rel=\"canonical\" href=\"https:\/\/soty.ee\/toode\/ll-skin-led-naomask\/\" \/>\n<meta property=\"og:locale\" content=\"en_US\" \/>\n<meta property=\"og:type\" content=\"article\" \/>\n<meta property=\"og:title\" content=\"L&amp;L Skin - LED n\u00e4omask | SOTHYS Ilusalong\" \/>\n<meta property=\"og:description\" content=\"L&amp;L Skin - LED n\u00e4omask - on ainulaadne seade, mis avaldab positiivset m\u00f5ju n\u00e4onahale erinevate lainepikkustega terapeutiliste LED-valguste abil: sinine, punane, kollane, segatud.\" \/>\n<meta property=\"og:url\" content=\"https:\/\/soty.ee\/toode\/ll-skin-led-naomask\/\" \/>\n<meta property=\"og:site_name\" content=\"SOTHYS Ilusalong\" \/>\n<meta property=\"article:publisher\" content=\"https:\/\/www.facebook.com\/SothysIlusalong\/\" \/>\n<meta property=\"article:modified_time\" content=\"2024-04-16T08:40:13+00:00\" \/>\n<meta property=\"og:image\" content=\"https:\/\/soty.ee\/wp-content\/uploads\/2023\/06\/82.webp\" \/>\n\t<meta property=\"og:image:width\" content=\"1200\" \/>\n\t<meta property=\"og:image:height\" content=\"1200\" \/>\n\t<meta property=\"og:image:type\" content=\"image\/webp\" \/>\n<meta name=\"twitter:card\" content=\"summary_large_image\" \/>\n<meta name=\"twitter:label1\" content=\"Est. reading time\" \/>\n\t<meta name=\"twitter:data1\" content=\"1 minute\" \/>\n<script type=\"application\/ld+json\" class=\"yoast-schema-graph\">{\"@context\":\"https:\/\/schema.org\",\"@graph\":[{\"@type\":\"WebPage\",\"@id\":\"https:\/\/soty.ee\/toode\/ll-skin-led-naomask\/\",\"url\":\"https:\/\/soty.ee\/toode\/ll-skin-led-naomask\/\",\"name\":\"L&L Skin - LED n\u00e4omask | SOTHYS Ilusalong\",\"isPartOf\":{\"@id\":\"https:\/\/soty.ee\/#website\"},\"datePublished\":\"2023-06-05T13:24:54+00:00\",\"dateModified\":\"2024-04-16T08:40:13+00:00\",\"breadcrumb\":{\"@id\":\"https:\/\/soty.ee\/toode\/ll-skin-led-naomask\/#breadcrumb\"},\"inLanguage\":\"en-US\",\"potentialAction\":[{\"@type\":\"ReadAction\",\"target\":[\"https:\/\/soty.ee\/toode\/ll-skin-led-naomask\/\"]}]},{\"@type\":\"BreadcrumbList\",\"@id\":\"https:\/\/soty.ee\/toode\/ll-skin-led-naomask\/#breadcrumb\",\"itemListElement\":[{\"@type\":\"ListItem\",\"position\":1,\"name\":\"\u0413\u043b\u0430\u0432\u043d\u0430\u044f \u0441\u0442\u0440\u0430\u043d\u0438\u0446\u0430\",\"item\":\"https:\/\/soty.ee\/en\/\"},{\"@type\":\"ListItem\",\"position\":2,\"name\":\"Pood\",\"item\":\"https:\/\/soty.ee\/pood\/\"},{\"@type\":\"ListItem\",\"position\":3,\"name\":\"L&#038;L Skin &#8211; LED n\u00e4omask\"}]},{\"@type\":\"WebSite\",\"@id\":\"https:\/\/soty.ee\/#website\",\"url\":\"https:\/\/soty.ee\/\",\"name\":\"SOTHYS Ilusalong Sothys Ilusalong | Privaatne, rahulik ilusalong Tallinnas, Maakri 36\",\"description\":\"SOTHYS Ilusalong\",\"publisher\":{\"@id\":\"https:\/\/soty.ee\/#organization\"},\"potentialAction\":[{\"@type\":\"SearchAction\",\"target\":{\"@type\":\"EntryPoint\",\"urlTemplate\":\"https:\/\/soty.ee\/?s={search_term_string}\"},\"query-input\":\"required name=search_term_string\"}],\"inLanguage\":\"en-US\"},{\"@type\":\"Organization\",\"@id\":\"https:\/\/soty.ee\/#organization\",\"name\":\"Sothys Ilusalong\",\"url\":\"https:\/\/soty.ee\/\",\"logo\":{\"@type\":\"ImageObject\",\"inLanguage\":\"en-US\",\"@id\":\"https:\/\/soty.ee\/#\/schema\/logo\/image\/\",\"url\":\"https:\/\/soty.ee\/wp-content\/uploads\/2019\/01\/sothys_logo_deesse.png\",\"contentUrl\":\"https:\/\/soty.ee\/wp-content\/uploads\/2019\/01\/sothys_logo_deesse.png\",\"width\":2178,\"height\":567,\"caption\":\"Sothys Ilusalong\"},\"image\":{\"@id\":\"https:\/\/soty.ee\/#\/schema\/logo\/image\/\"},\"sameAs\":[\"https:\/\/www.facebook.com\/SothysIlusalong\/\",\"https:\/\/www.instagram.com\/explore\/locations\/411123213\/sothys-ilusalong\/\"]}]}<\/script>\n<!-- \/ Yoast SEO plugin. -->","yoast_head_json":{"title":"L&L Skin - LED n\u00e4omask | SOTHYS Ilusalong","robots":{"index":"index","follow":"follow","max-snippet":"max-snippet:-1","max-image-preview":"max-image-preview:large","max-video-preview":"max-video-preview:-1"},"canonical":"https:\/\/soty.ee\/toode\/ll-skin-led-naomask\/","og_locale":"en_US","og_type":"article","og_title":"L&L Skin - LED n\u00e4omask | SOTHYS Ilusalong","og_description":"L&amp;L Skin - LED n\u00e4omask - on ainulaadne seade, mis avaldab positiivset m\u00f5ju n\u00e4onahale erinevate lainepikkustega terapeutiliste LED-valguste abil: sinine, punane, kollane, segatud.","og_url":"https:\/\/soty.ee\/toode\/ll-skin-led-naomask\/","og_site_name":"SOTHYS Ilusalong","article_publisher":"https:\/\/www.facebook.com\/SothysIlusalong\/","article_modified_time":"2024-04-16T08:40:13+00:00","og_image":[{"width":1200,"height":1200,"url":"https:\/\/soty.ee\/wp-content\/uploads\/2023\/06\/82.webp","type":"image\/webp"}],"twitter_card":"summary_large_image","twitter_misc":{"Est. reading time":"1 minute"},"schema":{"@context":"https:\/\/schema.org","@graph":[{"@type":"WebPage","@id":"https:\/\/soty.ee\/toode\/ll-skin-led-naomask\/","url":"https:\/\/soty.ee\/toode\/ll-skin-led-naomask\/","name":"L&L Skin - LED n\u00e4omask | SOTHYS Ilusalong","isPartOf":{"@id":"https:\/\/soty.ee\/#website"},"datePublished":"2023-06-05T13:24:54+00:00","dateModified":"2024-04-16T08:40:13+00:00","breadcrumb":{"@id":"https:\/\/soty.ee\/toode\/ll-skin-led-naomask\/#breadcrumb"},"inLanguage":"en-US","potentialAction":[{"@type":"ReadAction","target":["https:\/\/soty.ee\/toode\/ll-skin-led-naomask\/"]}]},{"@type":"BreadcrumbList","@id":"https:\/\/soty.ee\/toode\/ll-skin-led-naomask\/#breadcrumb","itemListElement":[{"@type":"ListItem","position":1,"name":"\u0413\u043b\u0430\u0432\u043d\u0430\u044f \u0441\u0442\u0440\u0430\u043d\u0438\u0446\u0430","item":"https:\/\/soty.ee\/en\/"},{"@type":"ListItem","position":2,"name":"Pood","item":"https:\/\/soty.ee\/pood\/"},{"@type":"ListItem","position":3,"name":"L&#038;L Skin &#8211; LED n\u00e4omask"}]},{"@type":"WebSite","@id":"https:\/\/soty.ee\/#website","url":"https:\/\/soty.ee\/","name":"SOTHYS Ilusalong Sothys Ilusalong | Privaatne, rahulik ilusalong Tallinnas, Maakri 36","description":"SOTHYS Ilusalong","publisher":{"@id":"https:\/\/soty.ee\/#organization"},"potentialAction":[{"@type":"SearchAction","target":{"@type":"EntryPoint","urlTemplate":"https:\/\/soty.ee\/?s={search_term_string}"},"query-input":"required name=search_term_string"}],"inLanguage":"en-US"},{"@type":"Organization","@id":"https:\/\/soty.ee\/#organization","name":"Sothys Ilusalong","url":"https:\/\/soty.ee\/","logo":{"@type":"ImageObject","inLanguage":"en-US","@id":"https:\/\/soty.ee\/#\/schema\/logo\/image\/","url":"https:\/\/soty.ee\/wp-content\/uploads\/2019\/01\/sothys_logo_deesse.png","contentUrl":"https:\/\/soty.ee\/wp-content\/uploads\/2019\/01\/sothys_logo_deesse.png","width":2178,"height":567,"caption":"Sothys Ilusalong"},"image":{"@id":"https:\/\/soty.ee\/#\/schema\/logo\/image\/"},"sameAs":["https:\/\/www.facebook.com\/SothysIlusalong\/","https:\/\/www.instagram.com\/explore\/locations\/411123213\/sothys-ilusalong\/"]}]}},"_links":{"self":[{"href":"https:\/\/soty.ee\/en\/wp-json\/wp\/v2\/product\/2784"}],"collection":[{"href":"https:\/\/soty.ee\/en\/wp-json\/wp\/v2\/product"}],"about":[{"href":"https:\/\/soty.ee\/en\/wp-json\/wp\/v2\/types\/product"}],"replies":[{"embeddable":true,"href":"https:\/\/soty.ee\/en\/wp-json\/wp\/v2\/comments?post=2784"}],"wp:featuredmedia":[{"embeddable":true,"href":"https:\/\/soty.ee\/en\/wp-json\/wp\/v2\/media\/3768"}],"wp:attachment":[{"href":"https:\/\/soty.ee\/en\/wp-json\/wp\/v2\/media?parent=2784"}],"wp:term":[{"taxonomy":"product_cat","embeddable":true,"href":"https:\/\/soty.ee\/en\/wp-json\/wp\/v2\/product_cat?post=2784"},{"taxonomy":"product_tag","embeddable":true,"href":"https:\/\/soty.ee\/en\/wp-json\/wp\/v2\/product_tag?post=2784"}],"curies":[{"name":"wp","href":"https:\/\/api.w.org\/{rel}","templated":true}]}}